{"id":104,"date":"2024-11-04T17:33:40","date_gmt":"2024-11-04T16:33:40","guid":{"rendered":"https:\/\/picstloup-insoumis.fr\/?page_id=104"},"modified":"2025-09-09T10:11:29","modified_gmt":"2025-09-09T08:11:29","slug":"lutteslocales_psl","status":"publish","type":"page","link":"https:\/\/picstloup-insoumis.fr\/index.php\/lutteslocales_psl\/","title":{"rendered":"Luttes locales"},"content":{"rendered":"\n<h2 class=\"wp-block-heading has-vivid-red-color has-text-color has-link-color wp-elements-3ae7c11a99f2ce5865ff55b410de6532\"><em>Luttes locales<\/em><\/h2>\n\n\n\n<div style=\"height:70px\" aria-hidden=\"true\" class=\"wp-block-spacer\"><\/div>\n\n\n\n<p>Contenu \u00e0 venir<\/p>\n\n\n\n<div class=\"wp-block-query is-layout-flow wp-block-query-is-layout-flow\"><ul class=\"wp-block-post-template is-layout-flow wp-block-post-template-is-layout-flow\"><li class=\"wp-block-post post-22691 post type-post status-publish format-standard has-post-thumbnail hentry category-luttes-locales_psl category-vie-du-ga_psl tag-12mois tag-39-25\">\n\n<div class=\"wp-block-columns are-vertically-aligned-center is-layout-flex wp-container-core-columns-is-layout-28f84493 wp-block-columns-is-layout-flex\">\n<div class=\"wp-block-column is-vertically-aligned-center is-layout-flow wp-block-column-is-layout-flow\" style=\"flex-basis:25%\"><figure class=\"wp-block-post-featured-image\"><a href=\"https:\/\/picstloup-insoumis.fr\/index.php\/2025\/09\/18\/manif-monstre-a-montpellier-ce-18-septembre-2025\/\" target=\"_self\"  ><img loading=\"lazy\" decoding=\"async\" width=\"1280\" height=\"960\" src=\"https:\/\/picstloup-insoumis.fr\/wp-content\/uploads\/2025\/09\/photo_2025-09-19-08.59.35.jpeg\" class=\"attachment-post-thumbnail size-post-thumbnail wp-post-image\" alt=\"Manif monstre \u00e0 Montpellier ce 18 septembre 2025\" style=\"object-fit:cover;\" srcset=\"https:\/\/picstloup-insoumis.fr\/wp-content\/uploads\/2025\/09\/photo_2025-09-19-08.59.35.jpeg 1280w, https:\/\/picstloup-insoumis.fr\/wp-content\/uploads\/2025\/09\/photo_2025-09-19-08.59.35-300x225.jpeg 300w, https:\/\/picstloup-insoumis.fr\/wp-content\/uploads\/2025\/09\/photo_2025-09-19-08.59.35-1024x768.jpeg 1024w, https:\/\/picstloup-insoumis.fr\/wp-content\/uploads\/2025\/09\/photo_2025-09-19-08.59.35-768x576.jpeg 768w\" sizes=\"auto, (max-width: 1280px) 100vw, 1280px\" \/><\/a><\/figure><\/div>\n\n\n\n<div class=\"wp-block-column is-vertically-aligned-center is-layout-flow wp-block-column-is-layout-flow\" style=\"flex-basis:75%\"><h2 class=\"wp-block-post-title\"><a href=\"https:\/\/picstloup-insoumis.fr\/index.php\/2025\/09\/18\/manif-monstre-a-montpellier-ce-18-septembre-2025\/\" target=\"_self\" >Manif monstre \u00e0 Montpellier ce 18 septembre 2025<\/a><\/h2>\n\n<div class=\"wp-block-post-excerpt\"><p class=\"wp-block-post-excerpt__excerpt\">Macron d\u00e9mission&nbsp;! Stop au g\u00e9nocide \u00e0 Gaza&nbsp;! <\/p><\/div><\/div>\n<\/div>\n\n<\/li><li class=\"wp-block-post post-20292 post type-post status-publish format-standard has-post-thumbnail hentry category-luttes-locales_psl category-articlegapsl category-vie-du-ga_psl tag-36-25 tag-5ans\">\n\n<div class=\"wp-block-columns are-vertically-aligned-center is-layout-flex wp-container-core-columns-is-layout-28f84493 wp-block-columns-is-layout-flex\">\n<div class=\"wp-block-column is-vertically-aligned-center is-layout-flow wp-block-column-is-layout-flow\" style=\"flex-basis:25%\"><figure class=\"wp-block-post-featured-image\"><a href=\"https:\/\/picstloup-insoumis.fr\/index.php\/2025\/09\/02\/le-10-septembre-indignons-nous-bloquons-tout\/\" target=\"_self\"  ><img loading=\"lazy\" decoding=\"async\" width=\"508\" height=\"360\" src=\"https:\/\/picstloup-insoumis.fr\/wp-content\/uploads\/2025\/09\/Capture-decran-2025-09-03-a-08.21.40.png\" class=\"attachment-post-thumbnail size-post-thumbnail wp-post-image\" alt=\"Le 10 septembre.  Indignons nous&nbsp;! Bloquons tout&nbsp;!\" style=\"object-fit:cover;\" srcset=\"https:\/\/picstloup-insoumis.fr\/wp-content\/uploads\/2025\/09\/Capture-decran-2025-09-03-a-08.21.40.png 508w, https:\/\/picstloup-insoumis.fr\/wp-content\/uploads\/2025\/09\/Capture-decran-2025-09-03-a-08.21.40-300x213.png 300w\" sizes=\"auto, (max-width: 508px) 100vw, 508px\" \/><\/a><\/figure><\/div>\n\n\n\n<div class=\"wp-block-column is-vertically-aligned-center is-layout-flow wp-block-column-is-layout-flow\" style=\"flex-basis:75%\"><h2 class=\"wp-block-post-title\"><a href=\"https:\/\/picstloup-insoumis.fr\/index.php\/2025\/09\/02\/le-10-septembre-indignons-nous-bloquons-tout\/\" target=\"_self\" >Le 10 septembre.  Indignons nous&nbsp;! Bloquons tout&nbsp;!<\/a><\/h2>\n\n<div class=\"wp-block-post-excerpt\"><p class=\"wp-block-post-excerpt__excerpt\">Dix septembre 2025 \u00e0 11h, Place de la Com\u00e9die, Montpellier <\/p><\/div><\/div>\n<\/div>\n\n<\/li><li class=\"wp-block-post post-16074 post type-post status-publish format-standard has-post-thumbnail hentry category-luttes-locales_psl tag-12mois tag-29-25\">\n\n<div class=\"wp-block-columns are-vertically-aligned-center is-layout-flex wp-container-core-columns-is-layout-28f84493 wp-block-columns-is-layout-flex\">\n<div class=\"wp-block-column is-vertically-aligned-center is-layout-flow wp-block-column-is-layout-flow\" style=\"flex-basis:25%\"><figure class=\"wp-block-post-featured-image\"><a href=\"https:\/\/picstloup-insoumis.fr\/index.php\/2025\/07\/16\/salaries-deminence\/\" target=\"_self\"  ><img loading=\"lazy\" decoding=\"async\" width=\"523\" height=\"293\" src=\"https:\/\/picstloup-insoumis.fr\/wp-content\/uploads\/2025\/07\/Capture-decran-2025-07-15-195522.jpg\" class=\"attachment-post-thumbnail size-post-thumbnail wp-post-image\" alt=\"Salari\u00e9s d&rsquo;Eminence\" style=\"object-fit:cover;\" srcset=\"https:\/\/picstloup-insoumis.fr\/wp-content\/uploads\/2025\/07\/Capture-decran-2025-07-15-195522.jpg 523w, https:\/\/picstloup-insoumis.fr\/wp-content\/uploads\/2025\/07\/Capture-decran-2025-07-15-195522-300x168.jpg 300w\" sizes=\"auto, (max-width: 523px) 100vw, 523px\" \/><\/a><\/figure><\/div>\n\n\n\n<div class=\"wp-block-column is-vertically-aligned-center is-layout-flow wp-block-column-is-layout-flow\" style=\"flex-basis:75%\"><h2 class=\"wp-block-post-title\"><a href=\"https:\/\/picstloup-insoumis.fr\/index.php\/2025\/07\/16\/salaries-deminence\/\" target=\"_self\" >Salari\u00e9s d&rsquo;Eminence<\/a><\/h2>\n\n<div class=\"wp-block-post-excerpt\"><p class=\"wp-block-post-excerpt__excerpt\">15 juillet 2025 \u00e0 Sauve <\/p><\/div><\/div>\n<\/div>\n\n<\/li><li class=\"wp-block-post post-15083 post type-post status-publish format-standard has-post-thumbnail hentry category-luttes-locales_psl tag-12mois tag-27-25\">\n\n<div class=\"wp-block-columns are-vertically-aligned-center is-layout-flex wp-container-core-columns-is-layout-28f84493 wp-block-columns-is-layout-flex\">\n<div class=\"wp-block-column is-vertically-aligned-center is-layout-flow wp-block-column-is-layout-flow\" style=\"flex-basis:25%\"><figure class=\"wp-block-post-featured-image\"><a href=\"https:\/\/picstloup-insoumis.fr\/index.php\/2025\/07\/06\/didier-teste-une-nouvelle-chanson\/\" target=\"_self\"  ><img loading=\"lazy\" decoding=\"async\" width=\"525\" height=\"293\" src=\"https:\/\/picstloup-insoumis.fr\/wp-content\/uploads\/2025\/07\/Capture-decran-2025-07-05-164107.jpg\" class=\"attachment-post-thumbnail size-post-thumbnail wp-post-image\" alt=\"Didier teste une nouvelle chanson\" style=\"object-fit:cover;\" srcset=\"https:\/\/picstloup-insoumis.fr\/wp-content\/uploads\/2025\/07\/Capture-decran-2025-07-05-164107.jpg 525w, https:\/\/picstloup-insoumis.fr\/wp-content\/uploads\/2025\/07\/Capture-decran-2025-07-05-164107-300x167.jpg 300w\" sizes=\"auto, (max-width: 525px) 100vw, 525px\" \/><\/a><\/figure><\/div>\n\n\n\n<div class=\"wp-block-column is-vertically-aligned-center is-layout-flow wp-block-column-is-layout-flow\" style=\"flex-basis:75%\"><h2 class=\"wp-block-post-title\"><a href=\"https:\/\/picstloup-insoumis.fr\/index.php\/2025\/07\/06\/didier-teste-une-nouvelle-chanson\/\" target=\"_self\" >Didier teste une nouvelle chanson<\/a><\/h2>\n\n<div class=\"wp-block-post-excerpt\"><p class=\"wp-block-post-excerpt__excerpt\">Pour tester son nouveau morceau, Didier l&rsquo;impose aux oreilles de touristes tranquillement install\u00e9s en terrasse <\/p><\/div><\/div>\n<\/div>\n\n<\/li><li class=\"wp-block-post post-9474 post type-post status-publish format-standard has-post-thumbnail hentry category-infrastructures category-articlegapsl category-environnement_psl category-luttes-locales_psl tag-21-25 tag-5ans tag-polluants\">\n\n<div class=\"wp-block-columns are-vertically-aligned-center is-layout-flex wp-container-core-columns-is-layout-28f84493 wp-block-columns-is-layout-flex\">\n<div class=\"wp-block-column is-vertically-aligned-center is-layout-flow wp-block-column-is-layout-flow\" style=\"flex-basis:25%\"><figure class=\"wp-block-post-featured-image\"><a href=\"https:\/\/picstloup-insoumis.fr\/index.php\/2025\/05\/18\/mine-de-lithium-lodeve-projet-incontrole-sante-en-danger\/\" target=\"_self\"  ><img loading=\"lazy\" decoding=\"async\" width=\"802\" height=\"532\" src=\"https:\/\/picstloup-insoumis.fr\/wp-content\/uploads\/2025\/05\/Capture-decran-2025-05-18-a-09.17.19.png\" class=\"attachment-post-thumbnail size-post-thumbnail wp-post-image\" alt=\"Mine de Lithium, Lod\u00e8ve&nbsp;: \u00ab\u00a0projet incontr\u00f4l\u00e9, sant\u00e9 en danger\u00a0\u00bb.\" style=\"object-fit:cover;\" srcset=\"https:\/\/picstloup-insoumis.fr\/wp-content\/uploads\/2025\/05\/Capture-decran-2025-05-18-a-09.17.19.png 802w, https:\/\/picstloup-insoumis.fr\/wp-content\/uploads\/2025\/05\/Capture-decran-2025-05-18-a-09.17.19-300x199.png 300w, https:\/\/picstloup-insoumis.fr\/wp-content\/uploads\/2025\/05\/Capture-decran-2025-05-18-a-09.17.19-768x509.png 768w\" sizes=\"auto, (max-width: 802px) 100vw, 802px\" \/><\/a><\/figure><\/div>\n\n\n\n<div class=\"wp-block-column is-vertically-aligned-center is-layout-flow wp-block-column-is-layout-flow\" style=\"flex-basis:75%\"><h2 class=\"wp-block-post-title\"><a href=\"https:\/\/picstloup-insoumis.fr\/index.php\/2025\/05\/18\/mine-de-lithium-lodeve-projet-incontrole-sante-en-danger\/\" target=\"_self\" >Mine de Lithium, Lod\u00e8ve&nbsp;: \u00ab\u00a0projet incontr\u00f4l\u00e9, sant\u00e9 en danger\u00a0\u00bb.<\/a><\/h2>\n\n<div class=\"wp-block-post-excerpt\"><p class=\"wp-block-post-excerpt__excerpt\">Pour quelle transition \u00e9nerg\u00e9tique\u00a0? <\/p><\/div><\/div>\n<\/div>\n\n<\/li><\/ul><\/div>","protected":false},"excerpt":{"rendered":"<p>Luttes locales Contenu \u00e0 venir<\/p>","protected":false},"author":8,"featured_media":0,"parent":0,"menu_order":0,"comment_status":"closed","ping_status":"closed","template":"","meta":{"_acf_changed":false,"_uag_custom_page_level_css":"","_monsterinsights_skip_tracking":false,"_monsterinsights_sitenote_active":false,"_monsterinsights_sitenote_note":"","_monsterinsights_sitenote_category":0,"footnotes":""},"categories":[],"tags":[],"class_list":["post-104","page","type-page","status-publish","hentry"],"blocksy_meta":[],"acf":[],"uagb_featured_image_src":{"full":false,"thumbnail":false,"medium":false,"medium_large":false,"large":false,"1536x1536":false,"2048x2048":false,"mailpoet_newsletter_max":false,"awb_sm":false,"awb_md":false,"awb_lg":false,"awb_xl":false},"uagb_author_info":{"display_name":"P SL","author_link":"https:\/\/picstloup-insoumis.fr\/author\/insoupsl\/"},"uagb_comment_info":0,"uagb_excerpt":"Luttes locales Contenu \u00e0 venir","_links":{"self":[{"href":"https:\/\/picstloup-insoumis.fr\/index.php\/wp-json\/wp\/v2\/pages\/104","targetHints":{"allow":["GET"]}}],"collection":[{"href":"https:\/\/picstloup-insoumis.fr\/index.php\/wp-json\/wp\/v2\/pages"}],"about":[{"href":"https:\/\/picstloup-insoumis.fr\/index.php\/wp-json\/wp\/v2\/types\/page"}],"author":[{"embeddable":true,"href":"https:\/\/picstloup-insoumis.fr\/index.php\/wp-json\/wp\/v2\/users\/8"}],"replies":[{"embeddable":true,"href":"https:\/\/picstloup-insoumis.fr\/index.php\/wp-json\/wp\/v2\/comments?post=104"}],"version-history":[{"count":0,"href":"https:\/\/picstloup-insoumis.fr\/index.php\/wp-json\/wp\/v2\/pages\/104\/revisions"}],"wp:attachment":[{"href":"https:\/\/picstloup-insoumis.fr\/index.php\/wp-json\/wp\/v2\/media?parent=104"}],"wp:term":[{"taxonomy":"category","embeddable":true,"href":"https:\/\/picstloup-insoumis.fr\/index.php\/wp-json\/wp\/v2\/categories?post=104"},{"taxonomy":"post_tag","embeddable":true,"href":"https:\/\/picstloup-insoumis.fr\/index.php\/wp-json\/wp\/v2\/tags?post=104"}],"curies":[{"name":"wp","href":"https:\/\/api.w.org\/{rel}","templated":true}]}}