{"id":1077,"date":"2024-11-30T11:58:14","date_gmt":"2024-11-30T10:58:14","guid":{"rendered":"https:\/\/picstloup-insoumis.fr\/?page_id=1077"},"modified":"2025-05-18T09:21:49","modified_gmt":"2025-05-18T07:21:49","slug":"livrets-thematiques-lfi","status":"publish","type":"page","link":"https:\/\/picstloup-insoumis.fr\/index.php\/livrets-thematiques-lfi\/","title":{"rendered":"Livrets th\u00e9matiques LFI"},"content":{"rendered":"\n<h2 class=\"wp-block-heading\"><em><a href=\"https:\/\/programme.lafranceinsoumise.fr\/livrets\/\" target=\"_blank\" rel=\"noopener\" title=\"\">Retrouver tous les livrets th\u00e9matiques LFI<\/a><\/em><\/h2>\n\n\n\n<div class=\"wp-block-query is-layout-flow wp-block-query-is-layout-flow\"><ul class=\"wp-block-post-template is-layout-flow wp-block-post-template-is-layout-flow\"><li class=\"wp-block-post post-4186 post type-post status-publish format-standard has-post-thumbnail hentry category-environnement-n category-livrets-thematiques tag-07-25 tag-5ans tag-eau\">\n\n<div class=\"wp-block-columns are-vertically-aligned-center is-layout-flex wp-container-core-columns-is-layout-28f84493 wp-block-columns-is-layout-flex\">\n<div class=\"wp-block-column is-vertically-aligned-center is-layout-flow wp-block-column-is-layout-flow\" style=\"flex-basis:25%\"><figure class=\"wp-block-post-featured-image\"><a href=\"https:\/\/picstloup-insoumis.fr\/index.php\/2025\/02\/14\/leau-enjeu-central-pour-lhumanite\/\" target=\"_self\"><img loading=\"lazy\" decoding=\"async\" width=\"1174\" height=\"878\" src=\"https:\/\/picstloup-insoumis.fr\/wp-content\/uploads\/2025\/02\/Capture-decran-2025-02-14-a-16.34.37.png\" class=\"attachment-post-thumbnail size-post-thumbnail wp-post-image\" alt=\"L\u2019eau, enjeu central pour l\u2019Humanit\u00e9\" style=\"object-fit:cover;\" srcset=\"https:\/\/picstloup-insoumis.fr\/wp-content\/uploads\/2025\/02\/Capture-decran-2025-02-14-a-16.34.37.png 1174w, https:\/\/picstloup-insoumis.fr\/wp-content\/uploads\/2025\/02\/Capture-decran-2025-02-14-a-16.34.37-300x224.png 300w, https:\/\/picstloup-insoumis.fr\/wp-content\/uploads\/2025\/02\/Capture-decran-2025-02-14-a-16.34.37-1024x766.png 1024w, https:\/\/picstloup-insoumis.fr\/wp-content\/uploads\/2025\/02\/Capture-decran-2025-02-14-a-16.34.37-768x574.png 768w\" sizes=\"auto, (max-width: 1174px) 100vw, 1174px\" \/><\/a><\/figure><\/div>\n\n\n\n<div class=\"wp-block-column is-vertically-aligned-center is-layout-flow wp-block-column-is-layout-flow\" style=\"flex-basis:75%\"><h2 class=\"wp-block-post-title\"><a href=\"https:\/\/picstloup-insoumis.fr\/index.php\/2025\/02\/14\/leau-enjeu-central-pour-lhumanite\/\" target=\"_self\">L\u2019eau, enjeu central pour l\u2019Humanit\u00e9<\/a><\/h2><\/div>\n<\/div>\n\n<\/li><li class=\"wp-block-post post-2242 post type-post status-publish format-standard has-post-thumbnail hentry category-livrets-thematiques tag-12-22\">\n\n<div class=\"wp-block-columns are-vertically-aligned-center is-layout-flex wp-container-core-columns-is-layout-28f84493 wp-block-columns-is-layout-flex\">\n<div class=\"wp-block-column is-vertically-aligned-center is-layout-flow wp-block-column-is-layout-flow\" style=\"flex-basis:25%\"><figure class=\"wp-block-post-featured-image\"><a href=\"https:\/\/picstloup-insoumis.fr\/index.php\/2025\/01\/02\/une-republique-laique\/\" target=\"_self\"><img loading=\"lazy\" decoding=\"async\" width=\"840\" height=\"1190\" src=\"https:\/\/picstloup-insoumis.fr\/wp-content\/uploads\/2025\/01\/Capture-decran-2025-01-02-a-08.41.37.png\" class=\"attachment-post-thumbnail size-post-thumbnail wp-post-image\" alt=\"UNE R\u00c9PUBLIQUE LA\u00cfQUE\" style=\"object-fit:cover;\" srcset=\"https:\/\/picstloup-insoumis.fr\/wp-content\/uploads\/2025\/01\/Capture-decran-2025-01-02-a-08.41.37.png 840w, https:\/\/picstloup-insoumis.fr\/wp-content\/uploads\/2025\/01\/Capture-decran-2025-01-02-a-08.41.37-212x300.png 212w, https:\/\/picstloup-insoumis.fr\/wp-content\/uploads\/2025\/01\/Capture-decran-2025-01-02-a-08.41.37-723x1024.png 723w, https:\/\/picstloup-insoumis.fr\/wp-content\/uploads\/2025\/01\/Capture-decran-2025-01-02-a-08.41.37-768x1088.png 768w\" sizes=\"auto, (max-width: 840px) 100vw, 840px\" \/><\/a><\/figure><\/div>\n\n\n\n<div class=\"wp-block-column is-vertically-aligned-center is-layout-flow wp-block-column-is-layout-flow\" style=\"flex-basis:75%\"><h2 class=\"wp-block-post-title\"><a href=\"https:\/\/picstloup-insoumis.fr\/index.php\/2025\/01\/02\/une-republique-laique\/\" target=\"_self\">UNE R\u00c9PUBLIQUE LA\u00cfQUE<\/a><\/h2><\/div>\n<\/div>\n\n<\/li><li class=\"wp-block-post post-290 post type-post status-publish format-standard has-post-thumbnail hentry category-agriculture-n category-environnement-n category-france-insoumise category-livrets-thematiques tag-12-22 tag-pesticides\">\n\n<div class=\"wp-block-columns are-vertically-aligned-center is-layout-flex wp-container-core-columns-is-layout-28f84493 wp-block-columns-is-layout-flex\">\n<div class=\"wp-block-column is-vertically-aligned-center is-layout-flow wp-block-column-is-layout-flow\" style=\"flex-basis:25%\"><figure class=\"wp-block-post-featured-image\"><a href=\"https:\/\/picstloup-insoumis.fr\/index.php\/2024\/11\/06\/pour-une-agriculture-ecologique-qui-nourrit-la-population-et-ceux-qui-en-vivent\/\" target=\"_self\"><img loading=\"lazy\" decoding=\"async\" width=\"1124\" height=\"982\" src=\"https:\/\/picstloup-insoumis.fr\/wp-content\/uploads\/2024\/11\/Capture-decran-2025-05-09-a-16.48.34.png\" class=\"attachment-post-thumbnail size-post-thumbnail wp-post-image\" alt=\"Pour une agriculture \u00e9cologique, qui nourrit la population et ceux qui en vivent\" style=\"object-fit:cover;\" srcset=\"https:\/\/picstloup-insoumis.fr\/wp-content\/uploads\/2024\/11\/Capture-decran-2025-05-09-a-16.48.34.png 1124w, https:\/\/picstloup-insoumis.fr\/wp-content\/uploads\/2024\/11\/Capture-decran-2025-05-09-a-16.48.34-300x262.png 300w, https:\/\/picstloup-insoumis.fr\/wp-content\/uploads\/2024\/11\/Capture-decran-2025-05-09-a-16.48.34-1024x895.png 1024w, https:\/\/picstloup-insoumis.fr\/wp-content\/uploads\/2024\/11\/Capture-decran-2025-05-09-a-16.48.34-768x671.png 768w\" sizes=\"auto, (max-width: 1124px) 100vw, 1124px\" \/><\/a><\/figure><\/div>\n\n\n\n<div class=\"wp-block-column is-vertically-aligned-center is-layout-flow wp-block-column-is-layout-flow\" style=\"flex-basis:75%\"><h2 class=\"wp-block-post-title\"><a href=\"https:\/\/picstloup-insoumis.fr\/index.php\/2024\/11\/06\/pour-une-agriculture-ecologique-qui-nourrit-la-population-et-ceux-qui-en-vivent\/\" target=\"_self\">Pour une agriculture \u00e9cologique, qui nourrit la population et ceux qui en vivent<\/a><\/h2><\/div>\n<\/div>\n\n<\/li><li class=\"wp-block-post post-1722 post type-post status-publish format-standard has-post-thumbnail hentry category-livrets-thematiques\">\n\n<div class=\"wp-block-columns are-vertically-aligned-center is-layout-flex wp-container-core-columns-is-layout-28f84493 wp-block-columns-is-layout-flex\">\n<div class=\"wp-block-column is-vertically-aligned-center is-layout-flow wp-block-column-is-layout-flow\" style=\"flex-basis:25%\"><figure class=\"wp-block-post-featured-image\"><a href=\"https:\/\/picstloup-insoumis.fr\/index.php\/2022\/12\/16\/linformationest-un-bien-commun\/\" target=\"_self\"><img loading=\"lazy\" decoding=\"async\" width=\"746\" height=\"1058\" src=\"https:\/\/picstloup-insoumis.fr\/wp-content\/uploads\/2024\/12\/Livret_UP_39_MEDIAS_web-1-pdf.jpg\" class=\"attachment-post-thumbnail size-post-thumbnail wp-post-image\" alt=\"L\u2019INFORMATION EST UN BIEN COMMUN\" style=\"object-fit:cover;\" \/><\/a><\/figure><\/div>\n\n\n\n<div class=\"wp-block-column is-vertically-aligned-center is-layout-flow wp-block-column-is-layout-flow\" style=\"flex-basis:75%\"><h2 class=\"wp-block-post-title\"><a href=\"https:\/\/picstloup-insoumis.fr\/index.php\/2022\/12\/16\/linformationest-un-bien-commun\/\" target=\"_self\">L\u2019INFORMATION EST UN BIEN COMMUN<\/a><\/h2><\/div>\n<\/div>\n\n<\/li><li class=\"wp-block-post post-1717 post type-post status-publish format-standard has-post-thumbnail hentry category-livrets-thematiques tag-12-22\">\n\n<div class=\"wp-block-columns are-vertically-aligned-center is-layout-flex wp-container-core-columns-is-layout-28f84493 wp-block-columns-is-layout-flex\">\n<div class=\"wp-block-column is-vertically-aligned-center is-layout-flow wp-block-column-is-layout-flow\" style=\"flex-basis:25%\"><figure class=\"wp-block-post-featured-image\"><a href=\"https:\/\/picstloup-insoumis.fr\/index.php\/2022\/12\/16\/1717\/\" target=\"_self\"><img loading=\"lazy\" decoding=\"async\" width=\"746\" height=\"1058\" src=\"https:\/\/picstloup-insoumis.fr\/wp-content\/uploads\/2024\/12\/Livret_UP_11_EAU_web-2-1-pdf.jpg\" class=\"attachment-post-thumbnail size-post-thumbnail wp-post-image\" alt=\"L\u2019EAU, NOTRE BIEN COMMUN\" style=\"object-fit:cover;\" \/><\/a><\/figure><\/div>\n\n\n\n<div class=\"wp-block-column is-vertically-aligned-center is-layout-flow wp-block-column-is-layout-flow\" style=\"flex-basis:75%\"><h2 class=\"wp-block-post-title\"><a href=\"https:\/\/picstloup-insoumis.fr\/index.php\/2022\/12\/16\/1717\/\" target=\"_self\">L\u2019EAU, NOTRE BIEN COMMUN<\/a><\/h2><\/div>\n<\/div>\n\n<\/li><li class=\"wp-block-post post-1712 post type-post status-publish format-standard has-post-thumbnail hentry category-livrets-thematiques tag-12-22\">\n\n<div class=\"wp-block-columns are-vertically-aligned-center is-layout-flex wp-container-core-columns-is-layout-28f84493 wp-block-columns-is-layout-flex\">\n<div class=\"wp-block-column is-vertically-aligned-center is-layout-flow wp-block-column-is-layout-flow\" style=\"flex-basis:25%\"><figure class=\"wp-block-post-featured-image\"><a href=\"https:\/\/picstloup-insoumis.fr\/index.php\/2022\/12\/16\/la-regle-verte-pour-rompre-avec-le-productivisme\/\" target=\"_self\"><img loading=\"lazy\" decoding=\"async\" width=\"1182\" height=\"1676\" src=\"https:\/\/picstloup-insoumis.fr\/wp-content\/uploads\/2024\/12\/Capture-decran-2024-12-16-a-12.30.32.png\" class=\"attachment-post-thumbnail size-post-thumbnail wp-post-image\" alt=\"LA R\u00c8GLE VERTE POUR ROMPRE AVEC LE PRODUCTIVISME\" style=\"object-fit:cover;\" srcset=\"https:\/\/picstloup-insoumis.fr\/wp-content\/uploads\/2024\/12\/Capture-decran-2024-12-16-a-12.30.32.png 1182w, https:\/\/picstloup-insoumis.fr\/wp-content\/uploads\/2024\/12\/Capture-decran-2024-12-16-a-12.30.32-212x300.png 212w, https:\/\/picstloup-insoumis.fr\/wp-content\/uploads\/2024\/12\/Capture-decran-2024-12-16-a-12.30.32-722x1024.png 722w, https:\/\/picstloup-insoumis.fr\/wp-content\/uploads\/2024\/12\/Capture-decran-2024-12-16-a-12.30.32-768x1089.png 768w, https:\/\/picstloup-insoumis.fr\/wp-content\/uploads\/2024\/12\/Capture-decran-2024-12-16-a-12.30.32-1083x1536.png 1083w\" sizes=\"auto, (max-width: 1182px) 100vw, 1182px\" \/><\/a><\/figure><\/div>\n\n\n\n<div class=\"wp-block-column is-vertically-aligned-center is-layout-flow wp-block-column-is-layout-flow\" style=\"flex-basis:75%\"><h2 class=\"wp-block-post-title\"><a href=\"https:\/\/picstloup-insoumis.fr\/index.php\/2022\/12\/16\/la-regle-verte-pour-rompre-avec-le-productivisme\/\" target=\"_self\">LA R\u00c8GLE VERTE POUR ROMPRE AVEC LE PRODUCTIVISME<\/a><\/h2><\/div>\n<\/div>\n\n<\/li><li class=\"wp-block-post post-427 post type-post status-publish format-standard has-post-thumbnail hentry category-france-insoumise category-livrets-thematiques category-sciences-i category-sciences-n\">\n\n<div class=\"wp-block-columns are-vertically-aligned-center is-layout-flex wp-container-core-columns-is-layout-28f84493 wp-block-columns-is-layout-flex\">\n<div class=\"wp-block-column is-vertically-aligned-center is-layout-flow wp-block-column-is-layout-flow\" style=\"flex-basis:25%\"><figure class=\"wp-block-post-featured-image\"><a href=\"https:\/\/picstloup-insoumis.fr\/index.php\/2022\/11\/09\/lespacelespace-notre-horizon\/\" target=\"_self\"><img loading=\"lazy\" decoding=\"async\" width=\"840\" height=\"1192\" src=\"https:\/\/picstloup-insoumis.fr\/wp-content\/uploads\/2024\/11\/Capture-decran-2024-11-09-a-12.02.18.png\" class=\"attachment-post-thumbnail size-post-thumbnail wp-post-image\" alt=\"L\u2019ESPACE,L\u2019ESPACE NOTRE HORIZON\" style=\"object-fit:cover;\" srcset=\"https:\/\/picstloup-insoumis.fr\/wp-content\/uploads\/2024\/11\/Capture-decran-2024-11-09-a-12.02.18.png 840w, https:\/\/picstloup-insoumis.fr\/wp-content\/uploads\/2024\/11\/Capture-decran-2024-11-09-a-12.02.18-211x300.png 211w, https:\/\/picstloup-insoumis.fr\/wp-content\/uploads\/2024\/11\/Capture-decran-2024-11-09-a-12.02.18-722x1024.png 722w, https:\/\/picstloup-insoumis.fr\/wp-content\/uploads\/2024\/11\/Capture-decran-2024-11-09-a-12.02.18-768x1090.png 768w\" sizes=\"auto, (max-width: 840px) 100vw, 840px\" \/><\/a><\/figure><\/div>\n\n\n\n<div class=\"wp-block-column is-vertically-aligned-center is-layout-flow wp-block-column-is-layout-flow\" style=\"flex-basis:75%\"><h2 class=\"wp-block-post-title\"><a href=\"https:\/\/picstloup-insoumis.fr\/index.php\/2022\/11\/09\/lespacelespace-notre-horizon\/\" target=\"_self\">L\u2019ESPACE,L\u2019ESPACE NOTRE HORIZON<\/a><\/h2><\/div>\n<\/div>\n\n<\/li><li class=\"wp-block-post post-300 post type-post status-publish format-standard has-post-thumbnail hentry category-france-insoumise category-livrets-thematiques category-media-n\">\n\n<div class=\"wp-block-columns are-vertically-aligned-center is-layout-flex wp-container-core-columns-is-layout-28f84493 wp-block-columns-is-layout-flex\">\n<div class=\"wp-block-column is-vertically-aligned-center is-layout-flow wp-block-column-is-layout-flow\" style=\"flex-basis:25%\"><figure class=\"wp-block-post-featured-image\"><a href=\"https:\/\/picstloup-insoumis.fr\/index.php\/2022\/11\/07\/linformation-est-un-bien-commun\/\" target=\"_self\"><img loading=\"lazy\" decoding=\"async\" width=\"1010\" height=\"1426\" src=\"https:\/\/picstloup-insoumis.fr\/wp-content\/uploads\/2024\/11\/20241107-Infor-LFI.png\" class=\"attachment-post-thumbnail size-post-thumbnail wp-post-image\" alt=\"L\u2019INFORMATION EST UN BIEN COMMUN\" style=\"object-fit:cover;\" srcset=\"https:\/\/picstloup-insoumis.fr\/wp-content\/uploads\/2024\/11\/20241107-Infor-LFI.png 1010w, https:\/\/picstloup-insoumis.fr\/wp-content\/uploads\/2024\/11\/20241107-Infor-LFI-212x300.png 212w, https:\/\/picstloup-insoumis.fr\/wp-content\/uploads\/2024\/11\/20241107-Infor-LFI-725x1024.png 725w, https:\/\/picstloup-insoumis.fr\/wp-content\/uploads\/2024\/11\/20241107-Infor-LFI-768x1084.png 768w\" sizes=\"auto, (max-width: 1010px) 100vw, 1010px\" \/><\/a><\/figure><\/div>\n\n\n\n<div class=\"wp-block-column is-vertically-aligned-center is-layout-flow wp-block-column-is-layout-flow\" style=\"flex-basis:75%\"><h2 class=\"wp-block-post-title\"><a href=\"https:\/\/picstloup-insoumis.fr\/index.php\/2022\/11\/07\/linformation-est-un-bien-commun\/\" target=\"_self\">L\u2019INFORMATION EST UN BIEN COMMUN<\/a><\/h2><\/div>\n<\/div>\n\n<\/li><li class=\"wp-block-post post-277 post type-post status-publish format-standard has-post-thumbnail hentry category-enseignement-n category-france-insoumise category-livrets-thematiques\">\n\n<div class=\"wp-block-columns are-vertically-aligned-center is-layout-flex wp-container-core-columns-is-layout-28f84493 wp-block-columns-is-layout-flex\">\n<div class=\"wp-block-column is-vertically-aligned-center is-layout-flow wp-block-column-is-layout-flow\" style=\"flex-basis:25%\"><figure class=\"wp-block-post-featured-image\"><a href=\"https:\/\/picstloup-insoumis.fr\/index.php\/2022\/11\/07\/etudier-chercher-et-enseigner-dans-de-bonnes-conditions\/\" target=\"_self\"><img loading=\"lazy\" decoding=\"async\" width=\"1008\" height=\"1430\" src=\"https:\/\/picstloup-insoumis.fr\/wp-content\/uploads\/2024\/11\/20241107_EnseigSup-LFI.png\" class=\"attachment-post-thumbnail size-post-thumbnail wp-post-image\" alt=\"\u00c9TUDIER, CHERCHER ET ENSEIGNER DANS DE BONNES CONDITIONS\" style=\"object-fit:cover;\" srcset=\"https:\/\/picstloup-insoumis.fr\/wp-content\/uploads\/2024\/11\/20241107_EnseigSup-LFI.png 1008w, https:\/\/picstloup-insoumis.fr\/wp-content\/uploads\/2024\/11\/20241107_EnseigSup-LFI-211x300.png 211w, https:\/\/picstloup-insoumis.fr\/wp-content\/uploads\/2024\/11\/20241107_EnseigSup-LFI-722x1024.png 722w, https:\/\/picstloup-insoumis.fr\/wp-content\/uploads\/2024\/11\/20241107_EnseigSup-LFI-768x1090.png 768w\" sizes=\"auto, (max-width: 1008px) 100vw, 1008px\" \/><\/a><\/figure><\/div>\n\n\n\n<div class=\"wp-block-column is-vertically-aligned-center is-layout-flow wp-block-column-is-layout-flow\" style=\"flex-basis:75%\"><h2 class=\"wp-block-post-title\"><a href=\"https:\/\/picstloup-insoumis.fr\/index.php\/2022\/11\/07\/etudier-chercher-et-enseigner-dans-de-bonnes-conditions\/\" target=\"_self\">\u00c9TUDIER, CHERCHER ET ENSEIGNER DANS DE BONNES CONDITIONS<\/a><\/h2><\/div>\n<\/div>\n\n<\/li><li class=\"wp-block-post post-268 post type-post status-publish format-standard has-post-thumbnail hentry category-enseignement-n category-france-insoumise category-livrets-thematiques\">\n\n<div class=\"wp-block-columns are-vertically-aligned-center is-layout-flex wp-container-core-columns-is-layout-28f84493 wp-block-columns-is-layout-flex\">\n<div class=\"wp-block-column is-vertically-aligned-center is-layout-flow wp-block-column-is-layout-flow\" style=\"flex-basis:25%\"><figure class=\"wp-block-post-featured-image\"><a href=\"https:\/\/picstloup-insoumis.fr\/index.php\/2022\/11\/06\/reconstruire-une-ecole-de-legalite-et-de-lemancipation\/\" target=\"_self\"><img loading=\"lazy\" decoding=\"async\" width=\"410\" height=\"582\" src=\"https:\/\/picstloup-insoumis.fr\/wp-content\/uploads\/2024\/11\/20241106_Ecole-LFI.png\" class=\"attachment-post-thumbnail size-post-thumbnail wp-post-image\" alt=\"Reconstruire une \u00e9cole de l&rsquo;\u00e9galit\u00e9 et de l&rsquo;\u00e9mancipation\" style=\"object-fit:cover;\" srcset=\"https:\/\/picstloup-insoumis.fr\/wp-content\/uploads\/2024\/11\/20241106_Ecole-LFI.png 410w, https:\/\/picstloup-insoumis.fr\/wp-content\/uploads\/2024\/11\/20241106_Ecole-LFI-211x300.png 211w\" sizes=\"auto, (max-width: 410px) 100vw, 410px\" \/><\/a><\/figure><\/div>\n\n\n\n<div class=\"wp-block-column is-vertically-aligned-center is-layout-flow wp-block-column-is-layout-flow\" style=\"flex-basis:75%\"><h2 class=\"wp-block-post-title\"><a href=\"https:\/\/picstloup-insoumis.fr\/index.php\/2022\/11\/06\/reconstruire-une-ecole-de-legalite-et-de-lemancipation\/\" target=\"_self\">Reconstruire une \u00e9cole de l&rsquo;\u00e9galit\u00e9 et de l&rsquo;\u00e9mancipation<\/a><\/h2><\/div>\n<\/div>\n\n<\/li><\/ul><\/div>","protected":false},"excerpt":{"rendered":"<p>Retrouver tous les livrets th\u00e9matiques LFI<\/p>","protected":false},"author":8,"featured_media":0,"parent":0,"menu_order":0,"comment_status":"closed","ping_status":"closed","template":"","meta":{"_acf_changed":false,"_uag_custom_page_level_css":"","_monsterinsights_skip_tracking":false,"_monsterinsights_sitenote_active":false,"_monsterinsights_sitenote_note":"","_monsterinsights_sitenote_category":0,"footnotes":""},"categories":[],"tags":[],"class_list":["post-1077","page","type-page","status-publish","hentry"],"blocksy_meta":[],"acf":[],"uagb_featured_image_src":{"full":false,"thumbnail":false,"medium":false,"medium_large":false,"large":false,"1536x1536":false,"2048x2048":false,"mailpoet_newsletter_max":false,"awb_sm":false,"awb_md":false,"awb_lg":false,"awb_xl":false},"uagb_author_info":{"display_name":"P SL","author_link":"https:\/\/picstloup-insoumis.fr\/author\/insoupsl\/"},"uagb_comment_info":0,"uagb_excerpt":"Retrouver tous les livrets th\u00e9matiques LFI","_links":{"self":[{"href":"https:\/\/picstloup-insoumis.fr\/index.php\/wp-json\/wp\/v2\/pages\/1077","targetHints":{"allow":["GET"]}}],"collection":[{"href":"https:\/\/picstloup-insoumis.fr\/index.php\/wp-json\/wp\/v2\/pages"}],"about":[{"href":"https:\/\/picstloup-insoumis.fr\/index.php\/wp-json\/wp\/v2\/types\/page"}],"author":[{"embeddable":true,"href":"https:\/\/picstloup-insoumis.fr\/index.php\/wp-json\/wp\/v2\/users\/8"}],"replies":[{"embeddable":true,"href":"https:\/\/picstloup-insoumis.fr\/index.php\/wp-json\/wp\/v2\/comments?post=1077"}],"version-history":[{"count":0,"href":"https:\/\/picstloup-insoumis.fr\/index.php\/wp-json\/wp\/v2\/pages\/1077\/revisions"}],"wp:attachment":[{"href":"https:\/\/picstloup-insoumis.fr\/index.php\/wp-json\/wp\/v2\/media?parent=1077"}],"wp:term":[{"taxonomy":"category","embeddable":true,"href":"https:\/\/picstloup-insoumis.fr\/index.php\/wp-json\/wp\/v2\/categories?post=1077"},{"taxonomy":"post_tag","embeddable":true,"href":"https:\/\/picstloup-insoumis.fr\/index.php\/wp-json\/wp\/v2\/tags?post=1077"}],"curies":[{"name":"wp","href":"https:\/\/api.w.org\/{rel}","templated":true}]}}