{"id":17589,"date":"2025-09-25T19:17:43","date_gmt":"2025-09-25T17:17:43","guid":{"rendered":"https:\/\/picstloup-insoumis.fr\/?page_id=17589"},"modified":"2025-09-25T19:17:44","modified_gmt":"2025-09-25T17:17:44","slug":"fi-estivales-2025-pezenas","status":"publish","type":"page","link":"https:\/\/picstloup-insoumis.fr\/index.php\/fi-estivales-2025-pezenas\/","title":{"rendered":"FIestivale 2025- P\u00e9zenas 27-28 sept 2025"},"content":{"rendered":"\n<h2 class=\"wp-block-heading\">Derni\u00e8re ligne droite pour le FIestival 2025, les 27 et 28 septembre \u00e0 P\u00e9zenas<\/h2>\n\n\n\n<p>Vous \u00eates tous invit\u00e9s \u00e0 la f\u00eate des Insoumis.es de l\u2019H\u00e9rault, le FIestival 2025, les samedi et dimanche 27 et 28 septembre \u00e0 P\u00e9zenas. Acc\u00e8s libre.<\/p>\n\n\n\n<p>Apr\u00e8s une ann\u00e9e de r\u00e9unions, de visioconf\u00e9rences et autres actions visant \u00e0 pr\u00e9parer cet \u00e9v\u00e8nement, les organisateurs (tous b\u00e9n\u00e9voles) sentent monter la pression. Une derni\u00e8re \u00e9tape indispensable, alors que les affiches viennent d\u2019\u00eatre imprimer, est le collage qui se d\u00e9roule depuis une quinzaine de jours.<\/p>\n\n\n\n<h3 class=\"wp-block-heading\"><em>AU PROGRAMME<\/em><\/h3>\n\n\n\n<ul class=\"wp-block-list\">\n<li class=\"has-vivid-purple-color has-text-color has-link-color has-medium-font-size wp-elements-f47d9b6d1f129666685cac4607d9a5ef\">Des conf\u00e9rences men\u00e9es par des d\u00e9put\u00e9-es LFI: Aur\u00e9lie Trouv\u00e9, Hadrien Clouet, Michel Larrive, Nathalie Oziol et Sylvain Carri\u00e8re, Nad\u00e8ge Abomangoli (vice pr\u00e9sidente de l\u2019assembl\u00e9e nationale).<\/li>\n\n\n\n<li class=\"has-vivid-purple-color has-text-color has-link-color has-medium-font-size wp-elements-133c12f4bfb208a56e5a7b435428499e\">Mais aussi un village militant avec une vingtaine de participants (artistes locaux, associations, syndicats).<\/li>\n\n\n\n<li class=\"has-vivid-purple-color has-text-color has-link-color has-medium-font-size wp-elements-86c9c9e4d6b0521ca5ab398339fe785f\">Le samedi soir il y aura aussi des concerts assur\u00e9s par le groupe \u00ab&nbsp;Les Fussoirs&nbsp;\u00bb et Dj \u00ab&nbsp;Kazma&nbsp;\u00bb.<\/li>\n<\/ul>\n\n\n\n<figure class=\"wp-block-image aligncenter size-large\"><img loading=\"lazy\" decoding=\"async\" width=\"724\" height=\"1024\" src=\"https:\/\/picstloup-insoumis.fr\/wp-content\/uploads\/2025\/09\/20250917_Fiestivales-724x1024.jpg\" alt=\"\" class=\"wp-image-22516\" srcset=\"https:\/\/picstloup-insoumis.fr\/wp-content\/uploads\/2025\/09\/20250917_Fiestivales-724x1024.jpg 724w, https:\/\/picstloup-insoumis.fr\/wp-content\/uploads\/2025\/09\/20250917_Fiestivales-212x300.jpg 212w, https:\/\/picstloup-insoumis.fr\/wp-content\/uploads\/2025\/09\/20250917_Fiestivales-768x1086.jpg 768w, https:\/\/picstloup-insoumis.fr\/wp-content\/uploads\/2025\/09\/20250917_Fiestivales.jpg 905w\" sizes=\"auto, (max-width: 724px) 100vw, 724px\" \/><\/figure>\n\n\n\n<p id=\"inscription\">Croisons les doigts pour que le temps soit de la partie.<\/p>\n\n\n\n<p class=\"has-text-align-right\"><strong><em>Les Insoumis de l\u2019H\u00e9rault<\/em><\/strong><\/p>\n\n\n\n<p><\/p>","protected":false},"excerpt":{"rendered":"<p>SANS OUBLIER  : Village des luttes, associations, syndicats, artistes locaux<\/p>","protected":false},"author":8,"featured_media":17753,"parent":0,"menu_order":0,"comment_status":"closed","ping_status":"closed","template":"","meta":{"_acf_changed":false,"_uag_custom_page_level_css":"","_monsterinsights_skip_tracking":false,"_monsterinsights_sitenote_active":false,"_monsterinsights_sitenote_note":"","_monsterinsights_sitenote_category":0,"footnotes":""},"categories":[122],"tags":[138,60],"class_list":["post-17589","page","type-page","status-publish","has-post-thumbnail","hentry","category-evenements_psl","tag-31-25","tag-5ans"],"blocksy_meta":[],"acf":[],"uagb_featured_image_src":{"full":["https:\/\/picstloup-insoumis.fr\/wp-content\/uploads\/2025\/07\/20250730_FIestival1.png",980,580,false],"thumbnail":["https:\/\/picstloup-insoumis.fr\/wp-content\/uploads\/2025\/07\/20250730_FIestival1-150x150.png",150,150,true],"medium":["https:\/\/picstloup-insoumis.fr\/wp-content\/uploads\/2025\/07\/20250730_FIestival1-300x178.png",300,178,true],"medium_large":["https:\/\/picstloup-insoumis.fr\/wp-content\/uploads\/2025\/07\/20250730_FIestival1-768x455.png",768,455,true],"large":["https:\/\/picstloup-insoumis.fr\/wp-content\/uploads\/2025\/07\/20250730_FIestival1.png",980,580,false],"1536x1536":["https:\/\/picstloup-insoumis.fr\/wp-content\/uploads\/2025\/07\/20250730_FIestival1.png",980,580,false],"2048x2048":["https:\/\/picstloup-insoumis.fr\/wp-content\/uploads\/2025\/07\/20250730_FIestival1.png",980,580,false],"mailpoet_newsletter_max":["https:\/\/picstloup-insoumis.fr\/wp-content\/uploads\/2025\/07\/20250730_FIestival1.png",980,580,false],"awb_sm":["https:\/\/picstloup-insoumis.fr\/wp-content\/uploads\/2025\/07\/20250730_FIestival1.png",500,296,false],"awb_md":["https:\/\/picstloup-insoumis.fr\/wp-content\/uploads\/2025\/07\/20250730_FIestival1.png",800,473,false],"awb_lg":["https:\/\/picstloup-insoumis.fr\/wp-content\/uploads\/2025\/07\/20250730_FIestival1.png",980,580,false],"awb_xl":["https:\/\/picstloup-insoumis.fr\/wp-content\/uploads\/2025\/07\/20250730_FIestival1.png",980,580,false]},"uagb_author_info":{"display_name":"P SL","author_link":"https:\/\/picstloup-insoumis.fr\/author\/insoupsl\/"},"uagb_comment_info":0,"uagb_excerpt":"SANS OUBLIER : Village des luttes, associations, syndicats, artistes locaux","_links":{"self":[{"href":"https:\/\/picstloup-insoumis.fr\/index.php\/wp-json\/wp\/v2\/pages\/17589","targetHints":{"allow":["GET"]}}],"collection":[{"href":"https:\/\/picstloup-insoumis.fr\/index.php\/wp-json\/wp\/v2\/pages"}],"about":[{"href":"https:\/\/picstloup-insoumis.fr\/index.php\/wp-json\/wp\/v2\/types\/page"}],"author":[{"embeddable":true,"href":"https:\/\/picstloup-insoumis.fr\/index.php\/wp-json\/wp\/v2\/users\/8"}],"replies":[{"embeddable":true,"href":"https:\/\/picstloup-insoumis.fr\/index.php\/wp-json\/wp\/v2\/comments?post=17589"}],"version-history":[{"count":0,"href":"https:\/\/picstloup-insoumis.fr\/index.php\/wp-json\/wp\/v2\/pages\/17589\/revisions"}],"wp:featuredmedia":[{"embeddable":true,"href":"https:\/\/picstloup-insoumis.fr\/index.php\/wp-json\/wp\/v2\/media\/17753"}],"wp:attachment":[{"href":"https:\/\/picstloup-insoumis.fr\/index.php\/wp-json\/wp\/v2\/media?parent=17589"}],"wp:term":[{"taxonomy":"category","embeddable":true,"href":"https:\/\/picstloup-insoumis.fr\/index.php\/wp-json\/wp\/v2\/categories?post=17589"},{"taxonomy":"post_tag","embeddable":true,"href":"https:\/\/picstloup-insoumis.fr\/index.php\/wp-json\/wp\/v2\/tags?post=17589"}],"curies":[{"name":"wp","href":"https:\/\/api.w.org\/{rel}","templated":true}]}}