{"id":21259,"date":"2025-09-09T12:18:47","date_gmt":"2025-09-09T10:18:47","guid":{"rendered":"https:\/\/picstloup-insoumis.fr\/?page_id=21259"},"modified":"2025-09-26T09:25:09","modified_gmt":"2025-09-26T07:25:09","slug":"articles-des-insoumis-de-canaules","status":"publish","type":"page","link":"https:\/\/picstloup-insoumis.fr\/index.php\/articles-des-insoumis-de-canaules\/","title":{"rendered":"Articles des Insoumis de Canaules"},"content":{"rendered":"\n<h2 class=\"wp-block-heading\">Articles des Insoumis de Canaules<\/h2>\n\n\n\n<div class=\"wp-block-query is-layout-flow wp-block-query-is-layout-flow\"><ul class=\"wp-block-post-template is-layout-flow wp-block-post-template-is-layout-flow\"><li class=\"wp-block-post post-36966 post type-post status-publish format-standard has-post-thumbnail hentry category-articlegaca tag-50-25 tag-5ans tag-palestine\">\n\n<div class=\"wp-block-columns are-vertically-aligned-center is-layout-flex wp-container-core-columns-is-layout-28f84493 wp-block-columns-is-layout-flex\">\n<div class=\"wp-block-column is-vertically-aligned-center is-layout-flow wp-block-column-is-layout-flow\" style=\"flex-basis:25%\"><figure class=\"wp-block-post-featured-image\"><a href=\"https:\/\/picstloup-insoumis.fr\/index.php\/2025\/12\/08\/soiree-de-cloture-de-lautomne-palestinien-a-anduze-2\/\" target=\"_self\"  ><img loading=\"lazy\" decoding=\"async\" width=\"2560\" height=\"1915\" src=\"https:\/\/picstloup-insoumis.fr\/wp-content\/uploads\/2025\/12\/IMG_20251129_172837-scaled.jpg\" class=\"attachment-post-thumbnail size-post-thumbnail wp-post-image\" alt=\"Soir\u00e9e de cl\u00f4ture de l&rsquo;automne palestinien \u00e0 Anduze\" style=\"object-fit:cover;\" srcset=\"https:\/\/picstloup-insoumis.fr\/wp-content\/uploads\/2025\/12\/IMG_20251129_172837-scaled.jpg 2560w, https:\/\/picstloup-insoumis.fr\/wp-content\/uploads\/2025\/12\/IMG_20251129_172837-300x224.jpg 300w, https:\/\/picstloup-insoumis.fr\/wp-content\/uploads\/2025\/12\/IMG_20251129_172837-1024x766.jpg 1024w, https:\/\/picstloup-insoumis.fr\/wp-content\/uploads\/2025\/12\/IMG_20251129_172837-768x574.jpg 768w, https:\/\/picstloup-insoumis.fr\/wp-content\/uploads\/2025\/12\/IMG_20251129_172837-1536x1149.jpg 1536w, https:\/\/picstloup-insoumis.fr\/wp-content\/uploads\/2025\/12\/IMG_20251129_172837-2048x1532.jpg 2048w, https:\/\/picstloup-insoumis.fr\/wp-content\/uploads\/2025\/12\/IMG_20251129_172837-1320x987.jpg 1320w, https:\/\/picstloup-insoumis.fr\/wp-content\/uploads\/2025\/12\/IMG_20251129_172837-500x374.jpg 500w, https:\/\/picstloup-insoumis.fr\/wp-content\/uploads\/2025\/12\/IMG_20251129_172837-800x598.jpg 800w, https:\/\/picstloup-insoumis.fr\/wp-content\/uploads\/2025\/12\/IMG_20251129_172837-1280x957.jpg 1280w, https:\/\/picstloup-insoumis.fr\/wp-content\/uploads\/2025\/12\/IMG_20251129_172837-1920x1436.jpg 1920w\" sizes=\"auto, (max-width: 2560px) 100vw, 2560px\" \/><\/a><\/figure><\/div>\n\n\n\n<div class=\"wp-block-column is-vertically-aligned-center is-layout-flow wp-block-column-is-layout-flow\" style=\"flex-basis:75%\"><h2 class=\"wp-block-post-title\"><a href=\"https:\/\/picstloup-insoumis.fr\/index.php\/2025\/12\/08\/soiree-de-cloture-de-lautomne-palestinien-a-anduze-2\/\" target=\"_self\" >Soir\u00e9e de cl\u00f4ture de l&rsquo;automne palestinien \u00e0 Anduze<\/a><\/h2>\n\n<div class=\"wp-block-post-excerpt\"><p class=\"wp-block-post-excerpt__excerpt\">L&rsquo;automne palestinien, festival de films palestiniens organis\u00e9 par l&rsquo;Association France Palestine Solidarit\u00e9 (AFPS), s&rsquo;est \u00e0 nouveau tenu cette ann\u00e9e en C\u00e9vennes. <\/p><\/div><\/div>\n<\/div>\n\n<\/li><\/ul><\/div>","protected":false},"excerpt":{"rendered":"<p>Articles des Insoumis de Canaules<\/p>","protected":false},"author":8,"featured_media":0,"parent":0,"menu_order":0,"comment_status":"closed","ping_status":"closed","template":"","meta":{"_acf_changed":false,"_uag_custom_page_level_css":"","_monsterinsights_skip_tracking":false,"_monsterinsights_sitenote_active":false,"_monsterinsights_sitenote_note":"","_monsterinsights_sitenote_category":0,"footnotes":""},"categories":[],"tags":[],"class_list":["post-21259","page","type-page","status-publish","hentry"],"blocksy_meta":[],"acf":[],"uagb_featured_image_src":{"full":false,"thumbnail":false,"medium":false,"medium_large":false,"large":false,"1536x1536":false,"2048x2048":false,"mailpoet_newsletter_max":false,"awb_sm":false,"awb_md":false,"awb_lg":false,"awb_xl":false},"uagb_author_info":{"display_name":"P SL","author_link":"https:\/\/picstloup-insoumis.fr\/author\/insoupsl\/"},"uagb_comment_info":0,"uagb_excerpt":"Articles des Insoumis de Canaules","_links":{"self":[{"href":"https:\/\/picstloup-insoumis.fr\/index.php\/wp-json\/wp\/v2\/pages\/21259","targetHints":{"allow":["GET"]}}],"collection":[{"href":"https:\/\/picstloup-insoumis.fr\/index.php\/wp-json\/wp\/v2\/pages"}],"about":[{"href":"https:\/\/picstloup-insoumis.fr\/index.php\/wp-json\/wp\/v2\/types\/page"}],"author":[{"embeddable":true,"href":"https:\/\/picstloup-insoumis.fr\/index.php\/wp-json\/wp\/v2\/users\/8"}],"replies":[{"embeddable":true,"href":"https:\/\/picstloup-insoumis.fr\/index.php\/wp-json\/wp\/v2\/comments?post=21259"}],"version-history":[{"count":0,"href":"https:\/\/picstloup-insoumis.fr\/index.php\/wp-json\/wp\/v2\/pages\/21259\/revisions"}],"wp:attachment":[{"href":"https:\/\/picstloup-insoumis.fr\/index.php\/wp-json\/wp\/v2\/media?parent=21259"}],"wp:term":[{"taxonomy":"category","embeddable":true,"href":"https:\/\/picstloup-insoumis.fr\/index.php\/wp-json\/wp\/v2\/categories?post=21259"},{"taxonomy":"post_tag","embeddable":true,"href":"https:\/\/picstloup-insoumis.fr\/index.php\/wp-json\/wp\/v2\/tags?post=21259"}],"curies":[{"name":"wp","href":"https:\/\/api.w.org\/{rel}","templated":true}]}}