{"id":21267,"date":"2025-09-09T12:18:00","date_gmt":"2025-09-09T10:18:00","guid":{"rendered":"https:\/\/picstloup-insoumis.fr\/?page_id=21267"},"modified":"2025-09-26T09:25:59","modified_gmt":"2025-09-26T07:25:59","slug":"vie-du-ga-de-canaules","status":"publish","type":"page","link":"https:\/\/picstloup-insoumis.fr\/index.php\/vie-du-ga-de-canaules\/","title":{"rendered":"Vie du GA de Canaule"},"content":{"rendered":"\n<h2 class=\"wp-block-heading has-vivid-red-color has-text-color has-link-color wp-elements-ee6b5ac64a87d42dbf7ae7e0fc3f65da\"><em>Vie du groupe d&rsquo;action des Insoumis de Canaule<\/em>s<\/h2>\n\n\n\n<div style=\"height:70px\" aria-hidden=\"true\" class=\"wp-block-spacer\"><\/div>\n\n\n\n<div class=\"wp-block-query is-layout-flow wp-block-query-is-layout-flow\"><ul class=\"wp-block-post-template is-layout-flow wp-block-post-template-is-layout-flow\"><li class=\"wp-block-post post-31756 post type-post status-publish format-standard has-post-thumbnail hentry category-vie-du-ga_ca tag-12mois tag-45-25\">\n\n<div class=\"wp-block-columns are-vertically-aligned-center is-layout-flex wp-container-core-columns-is-layout-28f84493 wp-block-columns-is-layout-flex\">\n<div class=\"wp-block-column is-vertically-aligned-center is-layout-flow wp-block-column-is-layout-flow\" style=\"flex-basis:25%\"><figure class=\"wp-block-post-featured-image\"><a href=\"https:\/\/picstloup-insoumis.fr\/index.php\/2025\/11\/06\/action-surprise-au-pont-du-gard-pour-la-palestine\/\" target=\"_self\"  ><img loading=\"lazy\" decoding=\"async\" width=\"960\" height=\"565\" src=\"https:\/\/picstloup-insoumis.fr\/wp-content\/uploads\/2025\/11\/pont-du-gard-palestine-960x565-1.png\" class=\"attachment-post-thumbnail size-post-thumbnail wp-post-image\" alt=\"Action surprise au Pont-du-Gard pour la Palestine\" style=\"object-fit:cover;\" srcset=\"https:\/\/picstloup-insoumis.fr\/wp-content\/uploads\/2025\/11\/pont-du-gard-palestine-960x565-1.png 960w, https:\/\/picstloup-insoumis.fr\/wp-content\/uploads\/2025\/11\/pont-du-gard-palestine-960x565-1-300x177.png 300w, https:\/\/picstloup-insoumis.fr\/wp-content\/uploads\/2025\/11\/pont-du-gard-palestine-960x565-1-768x452.png 768w, https:\/\/picstloup-insoumis.fr\/wp-content\/uploads\/2025\/11\/pont-du-gard-palestine-960x565-1-500x294.png 500w, https:\/\/picstloup-insoumis.fr\/wp-content\/uploads\/2025\/11\/pont-du-gard-palestine-960x565-1-800x471.png 800w\" sizes=\"auto, (max-width: 960px) 100vw, 960px\" \/><\/a><\/figure><\/div>\n\n\n\n<div class=\"wp-block-column is-vertically-aligned-center is-layout-flow wp-block-column-is-layout-flow\" style=\"flex-basis:75%\"><h2 class=\"wp-block-post-title\"><a href=\"https:\/\/picstloup-insoumis.fr\/index.php\/2025\/11\/06\/action-surprise-au-pont-du-gard-pour-la-palestine\/\" target=\"_self\" >Action surprise au Pont-du-Gard pour la Palestine<\/a><\/h2>\n\n<div class=\"wp-block-post-excerpt\"><p class=\"wp-block-post-excerpt__excerpt\">De grands drapeaux palestiniens ont \u00e9t\u00e9 d\u00e9ploy\u00e9s sur le pont, symbole d&rsquo;unit\u00e9 entre les peuples <\/p><\/div><\/div>\n<\/div>\n\n<\/li><li class=\"wp-block-post post-29911 post type-post status-publish format-standard has-post-thumbnail hentry category-moyen-orient category-conferences-reunions_ca category-vie-du-ga_ca tag-12mois tag-44-25\">\n\n<div class=\"wp-block-columns are-vertically-aligned-center is-layout-flex wp-container-core-columns-is-layout-28f84493 wp-block-columns-is-layout-flex\">\n<div class=\"wp-block-column is-vertically-aligned-center is-layout-flow wp-block-column-is-layout-flow\" style=\"flex-basis:25%\"><figure class=\"wp-block-post-featured-image\"><a href=\"https:\/\/picstloup-insoumis.fr\/index.php\/2025\/10\/26\/automne-palestinien\/\" target=\"_self\"  ><img loading=\"lazy\" decoding=\"async\" width=\"676\" height=\"478\" src=\"https:\/\/picstloup-insoumis.fr\/wp-content\/uploads\/2025\/10\/Capture-decran-2025-10-26-a-18.56.17.png\" class=\"attachment-post-thumbnail size-post-thumbnail wp-post-image\" alt=\"Automne palestinien en C\u00e9vennes, 13-29 novembre 2025\" style=\"object-fit:cover;\" srcset=\"https:\/\/picstloup-insoumis.fr\/wp-content\/uploads\/2025\/10\/Capture-decran-2025-10-26-a-18.56.17.png 676w, https:\/\/picstloup-insoumis.fr\/wp-content\/uploads\/2025\/10\/Capture-decran-2025-10-26-a-18.56.17-300x212.png 300w\" sizes=\"auto, (max-width: 676px) 100vw, 676px\" \/><\/a><\/figure><\/div>\n\n\n\n<div class=\"wp-block-column is-vertically-aligned-center is-layout-flow wp-block-column-is-layout-flow\" style=\"flex-basis:75%\"><h2 class=\"wp-block-post-title\"><a href=\"https:\/\/picstloup-insoumis.fr\/index.php\/2025\/10\/26\/automne-palestinien\/\" target=\"_self\" >Automne palestinien en C\u00e9vennes, 13-29 novembre 2025<\/a><\/h2>\n\n<div class=\"wp-block-post-excerpt\"><p class=\"wp-block-post-excerpt__excerpt\"> <\/p><\/div><\/div>\n<\/div>\n\n<\/li><li class=\"wp-block-post post-26880 post type-post status-publish format-standard has-post-thumbnail hentry category-vie-du-ga_ca category-moyen-orient tag-12mois tag-42-25\">\n\n<div class=\"wp-block-columns are-vertically-aligned-center is-layout-flex wp-container-core-columns-is-layout-28f84493 wp-block-columns-is-layout-flex\">\n<div class=\"wp-block-column is-vertically-aligned-center is-layout-flow wp-block-column-is-layout-flow\" style=\"flex-basis:25%\"><figure class=\"wp-block-post-featured-image\"><a href=\"https:\/\/picstloup-insoumis.fr\/index.php\/2025\/10\/13\/manifestations-pour-gaza-a-ales\/\" target=\"_self\"  ><img loading=\"lazy\" decoding=\"async\" width=\"1915\" height=\"2560\" src=\"https:\/\/picstloup-insoumis.fr\/wp-content\/uploads\/2025\/10\/b-scaled.jpg\" class=\"attachment-post-thumbnail size-post-thumbnail wp-post-image\" alt=\"Manifestations pour Gaza \u00e0 Al\u00e8s\" style=\"object-fit:cover;\" srcset=\"https:\/\/picstloup-insoumis.fr\/wp-content\/uploads\/2025\/10\/b-scaled.jpg 1915w, https:\/\/picstloup-insoumis.fr\/wp-content\/uploads\/2025\/10\/b-224x300.jpg 224w, https:\/\/picstloup-insoumis.fr\/wp-content\/uploads\/2025\/10\/b-766x1024.jpg 766w, https:\/\/picstloup-insoumis.fr\/wp-content\/uploads\/2025\/10\/b-768x1027.jpg 768w, https:\/\/picstloup-insoumis.fr\/wp-content\/uploads\/2025\/10\/b-1149x1536.jpg 1149w, https:\/\/picstloup-insoumis.fr\/wp-content\/uploads\/2025\/10\/b-1532x2048.jpg 1532w, https:\/\/picstloup-insoumis.fr\/wp-content\/uploads\/2025\/10\/b-1320x1765.jpg 1320w\" sizes=\"auto, (max-width: 1915px) 100vw, 1915px\" \/><\/a><\/figure><\/div>\n\n\n\n<div class=\"wp-block-column is-vertically-aligned-center is-layout-flow wp-block-column-is-layout-flow\" style=\"flex-basis:75%\"><h2 class=\"wp-block-post-title\"><a href=\"https:\/\/picstloup-insoumis.fr\/index.php\/2025\/10\/13\/manifestations-pour-gaza-a-ales\/\" target=\"_self\" >Manifestations pour Gaza \u00e0 Al\u00e8s<\/a><\/h2>\n\n<div class=\"wp-block-post-excerpt\"><p class=\"wp-block-post-excerpt__excerpt\">Une soixantaine de personnes manifestent depuis deux ans en soutien aux Palestiniens. Un grand nombre de ces images leur sont envoy\u00e9es, afin qu&rsquo;ils voient qu&rsquo;on ne les oublie pas. <\/p><\/div><\/div>\n<\/div>\n\n<\/li><li class=\"wp-block-post post-24891 post type-post status-publish format-standard has-post-thumbnail hentry category-vie-du-ga_ca tag-12mois tag-40-25\">\n\n<div class=\"wp-block-columns are-vertically-aligned-center is-layout-flex wp-container-core-columns-is-layout-28f84493 wp-block-columns-is-layout-flex\">\n<div class=\"wp-block-column is-vertically-aligned-center is-layout-flow wp-block-column-is-layout-flow\" style=\"flex-basis:25%\"><figure class=\"wp-block-post-featured-image\"><a href=\"https:\/\/picstloup-insoumis.fr\/index.php\/2025\/10\/03\/manif-du-2-octobre-2025-a-ales\/\" target=\"_self\"  ><img loading=\"lazy\" decoding=\"async\" width=\"1200\" height=\"673\" src=\"https:\/\/picstloup-insoumis.fr\/wp-content\/uploads\/2025\/10\/image.jpg\" class=\"attachment-post-thumbnail size-post-thumbnail wp-post-image\" alt=\"Manif du 2 octobre 2025 \u00e0 Al\u00e8s\" style=\"object-fit:cover;\" srcset=\"https:\/\/picstloup-insoumis.fr\/wp-content\/uploads\/2025\/10\/image.jpg 1200w, https:\/\/picstloup-insoumis.fr\/wp-content\/uploads\/2025\/10\/image-300x168.jpg 300w, https:\/\/picstloup-insoumis.fr\/wp-content\/uploads\/2025\/10\/image-1024x574.jpg 1024w, https:\/\/picstloup-insoumis.fr\/wp-content\/uploads\/2025\/10\/image-768x431.jpg 768w\" sizes=\"auto, (max-width: 1200px) 100vw, 1200px\" \/><\/a><\/figure><\/div>\n\n\n\n<div class=\"wp-block-column is-vertically-aligned-center is-layout-flow wp-block-column-is-layout-flow\" style=\"flex-basis:75%\"><h2 class=\"wp-block-post-title\"><a href=\"https:\/\/picstloup-insoumis.fr\/index.php\/2025\/10\/03\/manif-du-2-octobre-2025-a-ales\/\" target=\"_self\" >Manif du 2 octobre 2025 \u00e0 Al\u00e8s<\/a><\/h2>\n\n<div class=\"wp-block-post-excerpt\"><p class=\"wp-block-post-excerpt__excerpt\">Las de manifester en compagnie des canards, une partie des manifestants s&rsquo;est d\u00e9croch\u00e9s du cort\u00e8ge principal pour suivre la banderole \u00a0\u00bb Bloquons tout \u00a0\u00bb dans les rues du centre-ville. <\/p><\/div><\/div>\n<\/div>\n\n<\/li><li class=\"wp-block-post post-24934 post type-post status-publish format-standard has-post-thumbnail hentry category-vie-du-ga_ca\">\n\n<div class=\"wp-block-columns are-vertically-aligned-center is-layout-flex wp-container-core-columns-is-layout-28f84493 wp-block-columns-is-layout-flex\">\n<div class=\"wp-block-column is-vertically-aligned-center is-layout-flow wp-block-column-is-layout-flow\" style=\"flex-basis:25%\"><figure class=\"wp-block-post-featured-image\"><a href=\"https:\/\/picstloup-insoumis.fr\/index.php\/2025\/10\/03\/soutien-aux-participants-de-la-global-sumud-flotilla\/\" target=\"_self\"  ><img loading=\"lazy\" decoding=\"async\" width=\"1915\" height=\"2560\" src=\"https:\/\/picstloup-insoumis.fr\/wp-content\/uploads\/2025\/10\/IMG_20251002_183701-1-scaled.jpg\" class=\"attachment-post-thumbnail size-post-thumbnail wp-post-image\" alt=\"Soutien aux participants de la Global Sumud Flotilla\" style=\"object-fit:cover;\" srcset=\"https:\/\/picstloup-insoumis.fr\/wp-content\/uploads\/2025\/10\/IMG_20251002_183701-1-scaled.jpg 1915w, https:\/\/picstloup-insoumis.fr\/wp-content\/uploads\/2025\/10\/IMG_20251002_183701-1-224x300.jpg 224w, https:\/\/picstloup-insoumis.fr\/wp-content\/uploads\/2025\/10\/IMG_20251002_183701-1-766x1024.jpg 766w, https:\/\/picstloup-insoumis.fr\/wp-content\/uploads\/2025\/10\/IMG_20251002_183701-1-768x1027.jpg 768w, https:\/\/picstloup-insoumis.fr\/wp-content\/uploads\/2025\/10\/IMG_20251002_183701-1-1149x1536.jpg 1149w, https:\/\/picstloup-insoumis.fr\/wp-content\/uploads\/2025\/10\/IMG_20251002_183701-1-1532x2048.jpg 1532w, https:\/\/picstloup-insoumis.fr\/wp-content\/uploads\/2025\/10\/IMG_20251002_183701-1-1320x1765.jpg 1320w\" sizes=\"auto, (max-width: 1915px) 100vw, 1915px\" \/><\/a><\/figure><\/div>\n\n\n\n<div class=\"wp-block-column is-vertically-aligned-center is-layout-flow wp-block-column-is-layout-flow\" style=\"flex-basis:75%\"><h2 class=\"wp-block-post-title\"><a href=\"https:\/\/picstloup-insoumis.fr\/index.php\/2025\/10\/03\/soutien-aux-participants-de-la-global-sumud-flotilla\/\" target=\"_self\" >Soutien aux participants de la Global Sumud Flotilla<\/a><\/h2>\n\n<div class=\"wp-block-post-excerpt\"><p class=\"wp-block-post-excerpt__excerpt\">Les Insoumis de Canaules (Gard) en soutien constant du peuple palestinien. <\/p><\/div><\/div>\n<\/div>\n\n<\/li><li class=\"wp-block-post post-23489 post type-post status-publish format-standard has-post-thumbnail hentry category-vie-du-ga_ca tag-12mois tag-39-25\">\n\n<div class=\"wp-block-columns are-vertically-aligned-center is-layout-flex wp-container-core-columns-is-layout-28f84493 wp-block-columns-is-layout-flex\">\n<div class=\"wp-block-column is-vertically-aligned-center is-layout-flow wp-block-column-is-layout-flow\" style=\"flex-basis:25%\"><figure class=\"wp-block-post-featured-image\"><a href=\"https:\/\/picstloup-insoumis.fr\/index.php\/2025\/09\/24\/la-mairie-de-saint-felix-de-pallieres-arbore-un-drapeau-palestinien\/\" target=\"_self\"  ><img loading=\"lazy\" decoding=\"async\" width=\"1280\" height=\"960\" src=\"https:\/\/picstloup-insoumis.fr\/wp-content\/uploads\/2025\/09\/photo-mairie-st-felix.jpg\" class=\"attachment-post-thumbnail size-post-thumbnail wp-post-image\" alt=\"La mairie de Saint-F\u00e9lix-de-Palli\u00e8res (Gard) arbore le drapeau palestinien\" style=\"object-fit:cover;\" srcset=\"https:\/\/picstloup-insoumis.fr\/wp-content\/uploads\/2025\/09\/photo-mairie-st-felix.jpg 1280w, https:\/\/picstloup-insoumis.fr\/wp-content\/uploads\/2025\/09\/photo-mairie-st-felix-300x225.jpg 300w, https:\/\/picstloup-insoumis.fr\/wp-content\/uploads\/2025\/09\/photo-mairie-st-felix-1024x768.jpg 1024w, https:\/\/picstloup-insoumis.fr\/wp-content\/uploads\/2025\/09\/photo-mairie-st-felix-768x576.jpg 768w\" sizes=\"auto, (max-width: 1280px) 100vw, 1280px\" \/><\/a><\/figure><\/div>\n\n\n\n<div class=\"wp-block-column is-vertically-aligned-center is-layout-flow wp-block-column-is-layout-flow\" style=\"flex-basis:75%\"><h2 class=\"wp-block-post-title\"><a href=\"https:\/\/picstloup-insoumis.fr\/index.php\/2025\/09\/24\/la-mairie-de-saint-felix-de-pallieres-arbore-un-drapeau-palestinien\/\" target=\"_self\" >La mairie de Saint-F\u00e9lix-de-Palli\u00e8res (Gard) arbore le drapeau palestinien<\/a><\/h2>\n\n<div class=\"wp-block-post-excerpt\"><p class=\"wp-block-post-excerpt__excerpt\">Il faut que soient mises en \u0153uvre des mesures permettant de mettre fin aux massacres dans la bande de Gaza et de reconstruire ce territoire, de faire cesser la colonisation en Cisjordanie. <\/p><\/div><\/div>\n<\/div>\n\n<\/li><li class=\"wp-block-post post-23172 post type-post status-publish format-standard has-post-thumbnail hentry category-vie-du-ga_ca tag-12mois tag-39-25\">\n\n<div class=\"wp-block-columns are-vertically-aligned-center is-layout-flex wp-container-core-columns-is-layout-28f84493 wp-block-columns-is-layout-flex\">\n<div class=\"wp-block-column is-vertically-aligned-center is-layout-flow wp-block-column-is-layout-flow\" style=\"flex-basis:25%\"><figure class=\"wp-block-post-featured-image\"><a href=\"https:\/\/picstloup-insoumis.fr\/index.php\/2025\/09\/21\/les-insoumis-de-canaules-30-le-18-septembre-a-montpellier\/\" target=\"_self\"  ><img loading=\"lazy\" decoding=\"async\" width=\"1600\" height=\"1200\" src=\"https:\/\/picstloup-insoumis.fr\/wp-content\/uploads\/2025\/09\/IMG_20250920_174954.jpg\" class=\"attachment-post-thumbnail size-post-thumbnail wp-post-image\" alt=\"Les Insoumis de Canaules (30) le 18 septembre \u00e0 Montpellier\" style=\"object-fit:cover;\" srcset=\"https:\/\/picstloup-insoumis.fr\/wp-content\/uploads\/2025\/09\/IMG_20250920_174954.jpg 1600w, https:\/\/picstloup-insoumis.fr\/wp-content\/uploads\/2025\/09\/IMG_20250920_174954-300x225.jpg 300w, https:\/\/picstloup-insoumis.fr\/wp-content\/uploads\/2025\/09\/IMG_20250920_174954-1024x768.jpg 1024w, https:\/\/picstloup-insoumis.fr\/wp-content\/uploads\/2025\/09\/IMG_20250920_174954-768x576.jpg 768w, https:\/\/picstloup-insoumis.fr\/wp-content\/uploads\/2025\/09\/IMG_20250920_174954-1536x1152.jpg 1536w, https:\/\/picstloup-insoumis.fr\/wp-content\/uploads\/2025\/09\/IMG_20250920_174954-1320x990.jpg 1320w\" sizes=\"auto, (max-width: 1600px) 100vw, 1600px\" \/><\/a><\/figure><\/div>\n\n\n\n<div class=\"wp-block-column is-vertically-aligned-center is-layout-flow wp-block-column-is-layout-flow\" style=\"flex-basis:75%\"><h2 class=\"wp-block-post-title\"><a href=\"https:\/\/picstloup-insoumis.fr\/index.php\/2025\/09\/21\/les-insoumis-de-canaules-30-le-18-septembre-a-montpellier\/\" target=\"_self\" >Les Insoumis de Canaules (30) le 18 septembre \u00e0 Montpellier<\/a><\/h2>\n\n<div class=\"wp-block-post-excerpt\"><p class=\"wp-block-post-excerpt__excerpt\">Le Groupe d&rsquo;Action (GA) des Insoumis de Canaules (30) a fait la connaissance d&rsquo;un nouveau camarade, qui risque fort d&rsquo;accompagner nombre de manifestants durant leurs d\u00e9ambulations protestataires&nbsp;: le blind\u00e9 de gendarmerie Centaure. <\/p><\/div><\/div>\n<\/div>\n\n<\/li><li class=\"wp-block-post post-21325 post type-post status-publish format-standard has-post-thumbnail hentry category-vie-du-ga_ca tag-12mois tag-37-25\">\n\n<div class=\"wp-block-columns are-vertically-aligned-center is-layout-flex wp-container-core-columns-is-layout-28f84493 wp-block-columns-is-layout-flex\">\n<div class=\"wp-block-column is-vertically-aligned-center is-layout-flow wp-block-column-is-layout-flow\" style=\"flex-basis:25%\"><figure class=\"wp-block-post-featured-image\"><a href=\"https:\/\/picstloup-insoumis.fr\/index.php\/2025\/09\/09\/pau-de-depart-pour-bayrou\/\" target=\"_self\"  ><img loading=\"lazy\" decoding=\"async\" width=\"960\" height=\"1280\" src=\"https:\/\/picstloup-insoumis.fr\/wp-content\/uploads\/2025\/09\/2025-09-09-12.24.10.jpg\" class=\"attachment-post-thumbnail size-post-thumbnail wp-post-image\" alt=\"Pau de d\u00e9part pour Bayrou\" style=\"object-fit:cover;\" srcset=\"https:\/\/picstloup-insoumis.fr\/wp-content\/uploads\/2025\/09\/2025-09-09-12.24.10.jpg 960w, https:\/\/picstloup-insoumis.fr\/wp-content\/uploads\/2025\/09\/2025-09-09-12.24.10-225x300.jpg 225w, https:\/\/picstloup-insoumis.fr\/wp-content\/uploads\/2025\/09\/2025-09-09-12.24.10-768x1024.jpg 768w\" sizes=\"auto, (max-width: 960px) 100vw, 960px\" \/><\/a><\/figure><\/div>\n\n\n\n<div class=\"wp-block-column is-vertically-aligned-center is-layout-flow wp-block-column-is-layout-flow\" style=\"flex-basis:75%\"><h2 class=\"wp-block-post-title\"><a href=\"https:\/\/picstloup-insoumis.fr\/index.php\/2025\/09\/09\/pau-de-depart-pour-bayrou\/\" target=\"_self\" >Pau de d\u00e9part pour Bayrou<\/a><\/h2>\n\n<div class=\"wp-block-post-excerpt\"><p class=\"wp-block-post-excerpt__excerpt\">8 septembre 2025. Bye Bayrou&nbsp;! <\/p><\/div><\/div>\n<\/div>\n\n<\/li><\/ul><\/div>","protected":false},"excerpt":{"rendered":"<p>Vie du groupe d&rsquo;action des Insoumis de Canaules<\/p>","protected":false},"author":8,"featured_media":0,"parent":0,"menu_order":0,"comment_status":"closed","ping_status":"closed","template":"","meta":{"_acf_changed":false,"_uag_custom_page_level_css":"","_monsterinsights_skip_tracking":false,"_monsterinsights_sitenote_active":false,"_monsterinsights_sitenote_note":"","_monsterinsights_sitenote_category":0,"footnotes":""},"categories":[],"tags":[],"class_list":["post-21267","page","type-page","status-publish","hentry"],"blocksy_meta":[],"acf":[],"uagb_featured_image_src":{"full":false,"thumbnail":false,"medium":false,"medium_large":false,"large":false,"1536x1536":false,"2048x2048":false,"mailpoet_newsletter_max":false,"awb_sm":false,"awb_md":false,"awb_lg":false,"awb_xl":false},"uagb_author_info":{"display_name":"P SL","author_link":"https:\/\/picstloup-insoumis.fr\/author\/insoupsl\/"},"uagb_comment_info":0,"uagb_excerpt":"Vie du groupe d&rsquo;action des Insoumis de Canaules","_links":{"self":[{"href":"https:\/\/picstloup-insoumis.fr\/index.php\/wp-json\/wp\/v2\/pages\/21267","targetHints":{"allow":["GET"]}}],"collection":[{"href":"https:\/\/picstloup-insoumis.fr\/index.php\/wp-json\/wp\/v2\/pages"}],"about":[{"href":"https:\/\/picstloup-insoumis.fr\/index.php\/wp-json\/wp\/v2\/types\/page"}],"author":[{"embeddable":true,"href":"https:\/\/picstloup-insoumis.fr\/index.php\/wp-json\/wp\/v2\/users\/8"}],"replies":[{"embeddable":true,"href":"https:\/\/picstloup-insoumis.fr\/index.php\/wp-json\/wp\/v2\/comments?post=21267"}],"version-history":[{"count":0,"href":"https:\/\/picstloup-insoumis.fr\/index.php\/wp-json\/wp\/v2\/pages\/21267\/revisions"}],"wp:attachment":[{"href":"https:\/\/picstloup-insoumis.fr\/index.php\/wp-json\/wp\/v2\/media?parent=21267"}],"wp:term":[{"taxonomy":"category","embeddable":true,"href":"https:\/\/picstloup-insoumis.fr\/index.php\/wp-json\/wp\/v2\/categories?post=21267"},{"taxonomy":"post_tag","embeddable":true,"href":"https:\/\/picstloup-insoumis.fr\/index.php\/wp-json\/wp\/v2\/tags?post=21267"}],"curies":[{"name":"wp","href":"https:\/\/api.w.org\/{rel}","templated":true}]}}