{"id":402,"date":"2024-11-09T11:41:23","date_gmt":"2024-11-09T10:41:23","guid":{"rendered":"https:\/\/picstloup-insoumis.fr\/?page_id=402"},"modified":"2024-12-04T09:24:04","modified_gmt":"2024-12-04T08:24:04","slug":"sciences-n","status":"publish","type":"page","link":"https:\/\/picstloup-insoumis.fr\/index.php\/sciences-n\/","title":{"rendered":"Sciences-n"},"content":{"rendered":"\n<h2 class=\"wp-block-heading has-vivid-red-color has-text-color has-link-color wp-elements-8a5b29949563b7f53f8942028ff5b07c\"><em>S\u00e9lection de publications libres d&rsquo;acc\u00e8s sur la science<\/em><\/h2>\n\n\n\n<div style=\"height:70px\" aria-hidden=\"true\" class=\"wp-block-spacer\"><\/div>\n\n\n\n<div class=\"wp-block-query is-layout-flow wp-block-query-is-layout-flow\"><ul class=\"wp-block-post-template is-layout-flow wp-block-post-template-is-layout-flow\"><li class=\"wp-block-post post-44068 post type-post status-publish format-standard has-post-thumbnail hentry category-articlegapsl category-carrousel category-moyen-orient category-sciences-n tag-06-26 tag-5ans\">\n<h2 class=\"wp-block-post-title\"><a href=\"https:\/\/picstloup-insoumis.fr\/index.php\/2026\/02\/09\/le-comite-dethique-de-la-premiere-universite-francaise-recommande-la-suspension-de-toute-cooperation-avec-les-universites-israeliennes\/\" target=\"_blank\">Le comit\u00e9 d\u2019\u00e9thique de la premi\u00e8re universit\u00e9 fran\u00e7aise recommande la suspension de toute coop\u00e9ration avec les universit\u00e9s isra\u00e9liennes<\/a><\/h2>\n\n<div class=\"wp-block-post-date\"><time datetime=\"2026-02-09T07:26:11+01:00\">9 f\u00e9vrier 2026<\/time><\/div>\n\n<div class=\"wp-block-post-excerpt\"><p class=\"wp-block-post-excerpt__excerpt\">La recommandation du comit\u00e9 d\u2019\u00e9thique de l\u2019universit\u00e9 Paris-Saclay &#8211; Pol\u00e9this &#8211; de suspendre les coop\u00e9rations avec les universit\u00e9s isra\u00e9liennes pour le non-respect des droits de l\u2019homme est tr\u00e8s importante pour six raisons&nbsp;: 1. L\u2019universit\u00e9 Paris-Saclay est la premi\u00e8re universit\u00e9 fran\u00e7aise et figure parmi les 13 meilleures universit\u00e9s mondiales. L\u2019avis de son comit\u00e9 d\u2019\u00e9thique a ainsi\u2026 <\/p><\/div>\n<\/li><li class=\"wp-block-post post-35038 post type-post status-publish format-standard has-post-thumbnail hentry category-france-insoumise category-sciences-n tag-48-25 tag-5ans\">\n<h2 class=\"wp-block-post-title\"><a href=\"https:\/\/picstloup-insoumis.fr\/index.php\/2025\/11\/26\/strategie-spatiale\/\" target=\"_blank\">Strat\u00e9gie spatiale<\/a><\/h2>\n\n<div class=\"wp-block-post-date\"><time datetime=\"2025-11-26T11:05:50+01:00\">26 novembre 2025<\/time><\/div>\n\n<div class=\"wp-block-post-excerpt\"><p class=\"wp-block-post-excerpt__excerpt\">Pour une strat\u00e9gie spatiale au service de l&rsquo;int\u00e9r\u00eat g\u00e9n\u00e9ral \u2013 Conf\u00e9rence de presse <\/p><\/div>\n<\/li><li class=\"wp-block-post post-27667 post type-post status-publish format-standard has-post-thumbnail hentry category-sciences-n tag-12mois tag-42-25\">\n<h2 class=\"wp-block-post-title\"><a href=\"https:\/\/picstloup-insoumis.fr\/index.php\/2025\/10\/16\/lattraction-sociale\/\" target=\"_blank\">L&rsquo;attraction sociale<\/a><\/h2>\n\n<div class=\"wp-block-post-date\"><time datetime=\"2025-10-16T19:44:24+02:00\">16 octobre 2025<\/time><\/div>\n\n<div class=\"wp-block-post-excerpt\"><p class=\"wp-block-post-excerpt__excerpt\">Les 3 lois de L&rsquo;ATTRACTION SOCIALE <\/p><\/div>\n<\/li><li class=\"wp-block-post post-20915 post type-post status-publish format-standard has-post-thumbnail hentry category-sciences-n tag-36-25 tag-5ans\">\n<h2 class=\"wp-block-post-title\"><a href=\"https:\/\/picstloup-insoumis.fr\/index.php\/2025\/09\/07\/120-personnes-jouent-a-qui-veut-gagner-des-millions-en-votant\/\" target=\"_blank\">120 personnes jouent \u00e0 &lsquo;Qui veut gagner des millions&rsquo;\u2026 EN VOTANT<\/a><\/h2>\n\n<div class=\"wp-block-post-date\"><time datetime=\"2025-09-07T09:48:11+02:00\">7 septembre 2025<\/time><\/div>\n\n<div class=\"wp-block-post-excerpt\"><p class=\"wp-block-post-excerpt__excerpt\">Comment voter pour prendre la meilleure d\u00e9cision possible en groupe? L\u2019intelligence collective a-t-elle ses limites&nbsp;? C&rsquo;est ce que nous allons voir&nbsp;! <\/p><\/div>\n<\/li><li class=\"wp-block-post post-3276 post type-post status-publish format-standard has-post-thumbnail hentry category-environnement-n category-articlegapsl category-sciences-n tag-04-25 tag-5ans tag-eau\">\n<h2 class=\"wp-block-post-title\"><a href=\"https:\/\/picstloup-insoumis.fr\/index.php\/2025\/05\/18\/leau-et-ses-vibrations-un-facteur-essentiel-a-lapparition-de-la-vie-sur-terre-et-probablement-dans-lunivers\/\" target=\"_blank\">L\u2019eau et ses vibrations, un facteur essentiel \u00e0 l\u2019apparition de la vie sur Terre et probablement dans l\u2019Univers<\/a><\/h2>\n\n<div class=\"wp-block-post-date\"><time datetime=\"2025-05-18T08:20:35+02:00\">18 mai 2025<\/time><\/div>\n\n<div class=\"wp-block-post-excerpt\"><p class=\"wp-block-post-excerpt__excerpt\">Sans eau, pas de vie <\/p><\/div>\n<\/li><li class=\"wp-block-post post-2428 post type-post status-publish format-standard has-post-thumbnail hentry category-sciences-n category-societe-n tag-02-25 tag-5ans\">\n<h2 class=\"wp-block-post-title\"><a href=\"https:\/\/picstloup-insoumis.fr\/index.php\/2025\/01\/06\/histoire-de-lhumanite\/\" target=\"_blank\">Histoire de l&rsquo;humanit\u00e9<\/a><\/h2>\n\n<div class=\"wp-block-post-date\"><time datetime=\"2025-01-06T08:34:24+01:00\">6 janvier 2025<\/time><\/div>\n\n<div class=\"wp-block-post-excerpt\"><p class=\"wp-block-post-excerpt__excerpt\">Retour sur les origines du langage, de l&rsquo;art et de l&rsquo;\u00e9criture <\/p><\/div>\n<\/li><li class=\"wp-block-post post-617 post type-post status-publish format-standard has-post-thumbnail hentry category-environnement-n category-sciences-n\">\n<h2 class=\"wp-block-post-title\"><a href=\"https:\/\/picstloup-insoumis.fr\/index.php\/2024\/11\/17\/voyage-en-antarctique-le-vlog-clemence-guette\/\" target=\"_blank\">Voyage en Antarctique&nbsp;: le vlog&nbsp;! Cl\u00e9mence Guett\u00e9<\/a><\/h2>\n\n<div class=\"wp-block-post-date\"><time datetime=\"2024-11-17T10:47:29+01:00\">17 novembre 2024<\/time><\/div>\n\n<div class=\"wp-block-post-excerpt\"><p class=\"wp-block-post-excerpt__excerpt\">Cl\u00e9mence Guett\u00e9&nbsp;: \u00a0\u00bb Il y a un an, j\u2019\u00e9tais invit\u00e9e par l&rsquo;Institut polaire fran\u00e7ais Paul-\u00c9mile Victor \u00e0 d\u00e9couvrir la pr\u00e9sence fran\u00e7aise en Antarctique. J\u2019ai voulu, par ce vlog, vous raconter ce voyage. \u00c0 travers l\u2019Oc\u00e9an Austral, balay\u00e9 par les vents, sur la base Dumont-d\u2019Urville, ou celle de Port Martin, abandonn\u00e9e il y a des\u2026 <\/p><\/div>\n<\/li><li class=\"wp-block-post post-427 post type-post status-publish format-standard has-post-thumbnail hentry category-france-insoumise category-livrets-thematiques category-sciences-i category-sciences-n\">\n<h2 class=\"wp-block-post-title\"><a href=\"https:\/\/picstloup-insoumis.fr\/index.php\/2022\/11\/09\/lespacelespace-notre-horizon\/\" target=\"_blank\">L\u2019ESPACE,L\u2019ESPACE NOTRE HORIZON<\/a><\/h2>\n\n<div class=\"wp-block-post-date\"><time datetime=\"2022-11-09T12:07:00+01:00\">9 novembre 2022<\/time><\/div>\n\n<div class=\"wp-block-post-excerpt\"><p class=\"wp-block-post-excerpt__excerpt\">L\u2019humanit\u00e9 a regard\u00e9 les \u00e9toiles et r\u00eav\u00e9 d\u2019espace pendant des mill\u00e9naires. Les \u00e9toiles ont accompagn\u00e9 les femmes et les hommes dans leur d\u00e9couverte du monde et de leur propre humanit\u00e9. Apr\u00e8s les avoir contempl\u00e9es, \u00e9tudi\u00e9es, cartographi\u00e9es, elle a voulu les conqu\u00e9rir. Aujourd\u2019hui, elle acc\u00e8de \u00e0 l\u2019espace. Mais comble du paradoxe, pour une grande majorit\u00e9 des\u2026 <\/p><\/div>\n<\/li><\/ul>\n\n\n\n<\/div>","protected":false},"excerpt":{"rendered":"<p>S\u00e9lection de publications libres d&rsquo;acc\u00e8s sur la science<\/p>","protected":false},"author":8,"featured_media":0,"parent":0,"menu_order":0,"comment_status":"closed","ping_status":"closed","template":"","meta":{"_acf_changed":false,"_uag_custom_page_level_css":"","_monsterinsights_skip_tracking":false,"_monsterinsights_sitenote_active":false,"_monsterinsights_sitenote_note":"","_monsterinsights_sitenote_category":0,"footnotes":""},"categories":[],"tags":[],"class_list":["post-402","page","type-page","status-publish","hentry"],"blocksy_meta":[],"acf":[],"uagb_featured_image_src":{"full":false,"thumbnail":false,"medium":false,"medium_large":false,"large":false,"1536x1536":false,"2048x2048":false,"mailpoet_newsletter_max":false,"awb_sm":false,"awb_md":false,"awb_lg":false,"awb_xl":false},"uagb_author_info":{"display_name":"P SL","author_link":"https:\/\/picstloup-insoumis.fr\/author\/insoupsl\/"},"uagb_comment_info":0,"uagb_excerpt":"S\u00e9lection de publications libres d&rsquo;acc\u00e8s sur la science","_links":{"self":[{"href":"https:\/\/picstloup-insoumis.fr\/index.php\/wp-json\/wp\/v2\/pages\/402","targetHints":{"allow":["GET"]}}],"collection":[{"href":"https:\/\/picstloup-insoumis.fr\/index.php\/wp-json\/wp\/v2\/pages"}],"about":[{"href":"https:\/\/picstloup-insoumis.fr\/index.php\/wp-json\/wp\/v2\/types\/page"}],"author":[{"embeddable":true,"href":"https:\/\/picstloup-insoumis.fr\/index.php\/wp-json\/wp\/v2\/users\/8"}],"replies":[{"embeddable":true,"href":"https:\/\/picstloup-insoumis.fr\/index.php\/wp-json\/wp\/v2\/comments?post=402"}],"version-history":[{"count":0,"href":"https:\/\/picstloup-insoumis.fr\/index.php\/wp-json\/wp\/v2\/pages\/402\/revisions"}],"wp:attachment":[{"href":"https:\/\/picstloup-insoumis.fr\/index.php\/wp-json\/wp\/v2\/media?parent=402"}],"wp:term":[{"taxonomy":"category","embeddable":true,"href":"https:\/\/picstloup-insoumis.fr\/index.php\/wp-json\/wp\/v2\/categories?post=402"},{"taxonomy":"post_tag","embeddable":true,"href":"https:\/\/picstloup-insoumis.fr\/index.php\/wp-json\/wp\/v2\/tags?post=402"}],"curies":[{"name":"wp","href":"https:\/\/api.w.org\/{rel}","templated":true}]}}