{"id":40573,"date":"2026-01-11T21:10:49","date_gmt":"2026-01-11T20:10:49","guid":{"rendered":"https:\/\/picstloup-insoumis.fr\/?page_id=40573"},"modified":"2026-01-11T21:15:52","modified_gmt":"2026-01-11T20:15:52","slug":"venezuela","status":"publish","type":"page","link":"https:\/\/picstloup-insoumis.fr\/index.php\/venezuela\/","title":{"rendered":"Venezuela"},"content":{"rendered":"\n<div class=\"wp-block-query is-layout-flow wp-block-query-is-layout-flow\"><ul class=\"wp-block-post-template is-layout-flow wp-block-post-template-is-layout-flow\"><li class=\"wp-block-post post-40563 post type-post status-publish format-standard has-post-thumbnail hentry category-international tag-03-26 tag-12mois tag-venezuela\">\n\n<div class=\"wp-block-columns are-vertically-aligned-center is-layout-flex wp-container-core-columns-is-layout-28f84493 wp-block-columns-is-layout-flex\">\n<div class=\"wp-block-column is-vertically-aligned-center is-layout-flow wp-block-column-is-layout-flow\" style=\"flex-basis:25%\"><figure class=\"wp-block-post-featured-image\"><a href=\"https:\/\/picstloup-insoumis.fr\/index.php\/2026\/01\/12\/usa-venezuela-une-operation-mafieuse-saluee-par-les-collabos\/\" target=\"_self\"  ><img loading=\"lazy\" decoding=\"async\" width=\"1502\" height=\"846\" src=\"https:\/\/picstloup-insoumis.fr\/wp-content\/uploads\/2026\/01\/Capture-decran-2026-01-11-a-20.52.21.png\" class=\"attachment-post-thumbnail size-post-thumbnail wp-post-image\" alt=\"USA &#8211; Venezuela&nbsp;: une op\u00e9ration mafieuse salu\u00e9e par les \u00ab\u00a0collabos\u00a0\u00bb\" style=\"object-fit:cover;\" srcset=\"https:\/\/picstloup-insoumis.fr\/wp-content\/uploads\/2026\/01\/Capture-decran-2026-01-11-a-20.52.21.png 1502w, https:\/\/picstloup-insoumis.fr\/wp-content\/uploads\/2026\/01\/Capture-decran-2026-01-11-a-20.52.21-300x169.png 300w, https:\/\/picstloup-insoumis.fr\/wp-content\/uploads\/2026\/01\/Capture-decran-2026-01-11-a-20.52.21-1024x577.png 1024w, https:\/\/picstloup-insoumis.fr\/wp-content\/uploads\/2026\/01\/Capture-decran-2026-01-11-a-20.52.21-768x433.png 768w, https:\/\/picstloup-insoumis.fr\/wp-content\/uploads\/2026\/01\/Capture-decran-2026-01-11-a-20.52.21-1320x743.png 1320w, https:\/\/picstloup-insoumis.fr\/wp-content\/uploads\/2026\/01\/Capture-decran-2026-01-11-a-20.52.21-500x282.png 500w, https:\/\/picstloup-insoumis.fr\/wp-content\/uploads\/2026\/01\/Capture-decran-2026-01-11-a-20.52.21-800x451.png 800w, https:\/\/picstloup-insoumis.fr\/wp-content\/uploads\/2026\/01\/Capture-decran-2026-01-11-a-20.52.21-1280x721.png 1280w\" sizes=\"auto, (max-width: 1502px) 100vw, 1502px\" \/><\/a><\/figure><\/div>\n\n\n\n<div class=\"wp-block-column is-vertically-aligned-center is-layout-flow wp-block-column-is-layout-flow\" style=\"flex-basis:75%\"><h2 class=\"wp-block-post-title\"><a href=\"https:\/\/picstloup-insoumis.fr\/index.php\/2026\/01\/12\/usa-venezuela-une-operation-mafieuse-saluee-par-les-collabos\/\" target=\"_self\" >USA &#8211; Venezuela&nbsp;: une op\u00e9ration mafieuse salu\u00e9e par les \u00ab\u00a0collabos\u00a0\u00bb<\/a><\/h2>\n\n<div class=\"wp-block-post-excerpt\"><p class=\"wp-block-post-excerpt__excerpt\">Maurice Lemoine est jsp\u00e9cialiste du monde cara\u00efbe et de l&rsquo;Am\u00e9rique latine. Ses travaux portent principalement sur les mouvements sociaux, les tentatives de d\u00e9stabilisation politique et les enjeux g\u00e9opolitiques de la r\u00e9gion, avec un focus marqu\u00e9 sur le Venezuela et Cuba. <\/p><\/div><\/div>\n<\/div>\n\n<\/li><li class=\"wp-block-post post-39924 post type-post status-publish format-standard has-post-thumbnail hentry category-vie-du-ga_psl tag-02-26 tag-5ans tag-venezuela\">\n\n<div class=\"wp-block-columns are-vertically-aligned-center is-layout-flex wp-container-core-columns-is-layout-28f84493 wp-block-columns-is-layout-flex\">\n<div class=\"wp-block-column is-vertically-aligned-center is-layout-flow wp-block-column-is-layout-flow\" style=\"flex-basis:25%\"><figure class=\"wp-block-post-featured-image\"><a href=\"https:\/\/picstloup-insoumis.fr\/index.php\/2026\/01\/06\/manif-venezuela\/\" target=\"_self\"  ><img loading=\"lazy\" decoding=\"async\" width=\"1280\" height=\"720\" src=\"https:\/\/picstloup-insoumis.fr\/wp-content\/uploads\/2026\/01\/20260103_Manif-Venezuela.45.jpeg\" class=\"attachment-post-thumbnail size-post-thumbnail wp-post-image\" alt=\"Soutien au peuple venezuelien contre l&rsquo;agression de l&#8217;empire am\u00e9ricain\" style=\"object-fit:cover;\" srcset=\"https:\/\/picstloup-insoumis.fr\/wp-content\/uploads\/2026\/01\/20260103_Manif-Venezuela.45.jpeg 1280w, https:\/\/picstloup-insoumis.fr\/wp-content\/uploads\/2026\/01\/20260103_Manif-Venezuela.45-300x169.jpeg 300w, https:\/\/picstloup-insoumis.fr\/wp-content\/uploads\/2026\/01\/20260103_Manif-Venezuela.45-1024x576.jpeg 1024w, https:\/\/picstloup-insoumis.fr\/wp-content\/uploads\/2026\/01\/20260103_Manif-Venezuela.45-768x432.jpeg 768w, https:\/\/picstloup-insoumis.fr\/wp-content\/uploads\/2026\/01\/20260103_Manif-Venezuela.45-500x281.jpeg 500w, https:\/\/picstloup-insoumis.fr\/wp-content\/uploads\/2026\/01\/20260103_Manif-Venezuela.45-800x450.jpeg 800w\" sizes=\"auto, (max-width: 1280px) 100vw, 1280px\" \/><\/a><\/figure><\/div>\n\n\n\n<div class=\"wp-block-column is-vertically-aligned-center is-layout-flow wp-block-column-is-layout-flow\" style=\"flex-basis:75%\"><h2 class=\"wp-block-post-title\"><a href=\"https:\/\/picstloup-insoumis.fr\/index.php\/2026\/01\/06\/manif-venezuela\/\" target=\"_self\" >Soutien au peuple venezuelien contre l&rsquo;agression de l&#8217;empire am\u00e9ricain<\/a><\/h2>\n\n<div class=\"wp-block-post-excerpt\"><p class=\"wp-block-post-excerpt__excerpt\">Les Insoumis du Pic Saint Loup (H\u00e9rault) sont venus nombreux pour soutenir le peuple venezuelien contre l&rsquo;agression par l&rsquo;imp\u00e9rialisme am\u00e9ricain, ce 3 janvier 2026. <\/p><\/div><\/div>\n<\/div>\n\n<\/li><li class=\"wp-block-post post-39797 post type-post status-publish format-standard has-post-thumbnail hentry category-politique-i category-carrousel tag-02-26 tag-12mois tag-venezuela\">\n\n<div class=\"wp-block-columns are-vertically-aligned-center is-layout-flex wp-container-core-columns-is-layout-28f84493 wp-block-columns-is-layout-flex\">\n<div class=\"wp-block-column is-vertically-aligned-center is-layout-flow wp-block-column-is-layout-flow\" style=\"flex-basis:25%\"><figure class=\"wp-block-post-featured-image\"><a href=\"https:\/\/picstloup-insoumis.fr\/index.php\/2026\/01\/05\/agression-du-venezuela\/\" target=\"_self\"  ><img loading=\"lazy\" decoding=\"async\" width=\"1354\" height=\"810\" src=\"https:\/\/picstloup-insoumis.fr\/wp-content\/uploads\/2026\/01\/Capture-decran-2026-01-05-a-13.13.35.png\" class=\"attachment-post-thumbnail size-post-thumbnail wp-post-image\" alt=\"Agression du V\u00e9n\u00e9zu\u00e9la\" style=\"object-fit:cover;\" srcset=\"https:\/\/picstloup-insoumis.fr\/wp-content\/uploads\/2026\/01\/Capture-decran-2026-01-05-a-13.13.35.png 1354w, https:\/\/picstloup-insoumis.fr\/wp-content\/uploads\/2026\/01\/Capture-decran-2026-01-05-a-13.13.35-300x179.png 300w, https:\/\/picstloup-insoumis.fr\/wp-content\/uploads\/2026\/01\/Capture-decran-2026-01-05-a-13.13.35-1024x613.png 1024w, https:\/\/picstloup-insoumis.fr\/wp-content\/uploads\/2026\/01\/Capture-decran-2026-01-05-a-13.13.35-768x459.png 768w, https:\/\/picstloup-insoumis.fr\/wp-content\/uploads\/2026\/01\/Capture-decran-2026-01-05-a-13.13.35-1320x790.png 1320w, https:\/\/picstloup-insoumis.fr\/wp-content\/uploads\/2026\/01\/Capture-decran-2026-01-05-a-13.13.35-500x299.png 500w, https:\/\/picstloup-insoumis.fr\/wp-content\/uploads\/2026\/01\/Capture-decran-2026-01-05-a-13.13.35-800x479.png 800w, https:\/\/picstloup-insoumis.fr\/wp-content\/uploads\/2026\/01\/Capture-decran-2026-01-05-a-13.13.35-1280x766.png 1280w\" sizes=\"auto, (max-width: 1354px) 100vw, 1354px\" \/><\/a><\/figure><\/div>\n\n\n\n<div class=\"wp-block-column is-vertically-aligned-center is-layout-flow wp-block-column-is-layout-flow\" style=\"flex-basis:75%\"><h2 class=\"wp-block-post-title\"><a href=\"https:\/\/picstloup-insoumis.fr\/index.php\/2026\/01\/05\/agression-du-venezuela\/\" target=\"_self\" >Agression du V\u00e9n\u00e9zu\u00e9la<\/a><\/h2>\n\n<div class=\"wp-block-post-excerpt\"><p class=\"wp-block-post-excerpt__excerpt\">MACR0N, SERPILL\u00c8RE des \u00c9TATS-UNIS apr\u00e8s l&rsquo;AGRESSI0N du VENEZUELA <\/p><\/div><\/div>\n<\/div>\n\n<\/li><li class=\"wp-block-post post-39745 post type-post status-publish format-standard has-post-thumbnail hentry category-international tag-02-26 tag-12mois tag-venezuela\">\n\n<div class=\"wp-block-columns are-vertically-aligned-center is-layout-flex wp-container-core-columns-is-layout-28f84493 wp-block-columns-is-layout-flex\">\n<div class=\"wp-block-column is-vertically-aligned-center is-layout-flow wp-block-column-is-layout-flow\" style=\"flex-basis:25%\"><figure class=\"wp-block-post-featured-image\"><a href=\"https:\/\/picstloup-insoumis.fr\/index.php\/2026\/01\/04\/trump-nen-a-que-faire-des-regles\/\" target=\"_self\"  ><img loading=\"lazy\" decoding=\"async\" width=\"1504\" height=\"840\" src=\"https:\/\/picstloup-insoumis.fr\/wp-content\/uploads\/2026\/01\/Capture-decran-2026-01-04-a-22.11.38.png\" class=\"attachment-post-thumbnail size-post-thumbnail wp-post-image\" alt=\"Trump n&rsquo;en a que faire des r\u00e8gles\" style=\"object-fit:cover;\" srcset=\"https:\/\/picstloup-insoumis.fr\/wp-content\/uploads\/2026\/01\/Capture-decran-2026-01-04-a-22.11.38.png 1504w, https:\/\/picstloup-insoumis.fr\/wp-content\/uploads\/2026\/01\/Capture-decran-2026-01-04-a-22.11.38-300x168.png 300w, https:\/\/picstloup-insoumis.fr\/wp-content\/uploads\/2026\/01\/Capture-decran-2026-01-04-a-22.11.38-1024x572.png 1024w, https:\/\/picstloup-insoumis.fr\/wp-content\/uploads\/2026\/01\/Capture-decran-2026-01-04-a-22.11.38-768x429.png 768w, https:\/\/picstloup-insoumis.fr\/wp-content\/uploads\/2026\/01\/Capture-decran-2026-01-04-a-22.11.38-1320x737.png 1320w, https:\/\/picstloup-insoumis.fr\/wp-content\/uploads\/2026\/01\/Capture-decran-2026-01-04-a-22.11.38-500x279.png 500w, https:\/\/picstloup-insoumis.fr\/wp-content\/uploads\/2026\/01\/Capture-decran-2026-01-04-a-22.11.38-800x447.png 800w, https:\/\/picstloup-insoumis.fr\/wp-content\/uploads\/2026\/01\/Capture-decran-2026-01-04-a-22.11.38-1280x715.png 1280w\" sizes=\"auto, (max-width: 1504px) 100vw, 1504px\" \/><\/a><\/figure><\/div>\n\n\n\n<div class=\"wp-block-column is-vertically-aligned-center is-layout-flow wp-block-column-is-layout-flow\" style=\"flex-basis:75%\"><h2 class=\"wp-block-post-title\"><a href=\"https:\/\/picstloup-insoumis.fr\/index.php\/2026\/01\/04\/trump-nen-a-que-faire-des-regles\/\" target=\"_self\" >Trump n&rsquo;en a que faire des r\u00e8gles<\/a><\/h2>\n\n<div class=\"wp-block-post-excerpt\"><p class=\"wp-block-post-excerpt__excerpt\">cCest un retour \u00e0 la loi de la jungle\u00a0\u00bb (Jean-Paul Chagnollaud) <\/p><\/div><\/div>\n<\/div>\n\n<\/li><\/ul><\/div>","protected":false},"excerpt":{"rendered":"","protected":false},"author":8,"featured_media":39974,"parent":0,"menu_order":0,"comment_status":"closed","ping_status":"closed","template":"","meta":{"_acf_changed":false,"_uag_custom_page_level_css":"","_monsterinsights_skip_tracking":false,"_monsterinsights_sitenote_active":false,"_monsterinsights_sitenote_note":"","_monsterinsights_sitenote_category":0,"footnotes":""},"categories":[15],"tags":[],"class_list":["post-40573","page","type-page","status-publish","has-post-thumbnail","hentry","category-international"],"blocksy_meta":[],"acf":[],"uagb_featured_image_src":{"full":["https:\/\/picstloup-insoumis.fr\/wp-content\/uploads\/2026\/01\/20260103_Manif-Venezuela.45.jpeg",1280,720,false],"thumbnail":["https:\/\/picstloup-insoumis.fr\/wp-content\/uploads\/2026\/01\/20260103_Manif-Venezuela.45-150x150.jpeg",150,150,true],"medium":["https:\/\/picstloup-insoumis.fr\/wp-content\/uploads\/2026\/01\/20260103_Manif-Venezuela.45-300x169.jpeg",300,169,true],"medium_large":["https:\/\/picstloup-insoumis.fr\/wp-content\/uploads\/2026\/01\/20260103_Manif-Venezuela.45-768x432.jpeg",768,432,true],"large":["https:\/\/picstloup-insoumis.fr\/wp-content\/uploads\/2026\/01\/20260103_Manif-Venezuela.45-1024x576.jpeg",1024,576,true],"1536x1536":["https:\/\/picstloup-insoumis.fr\/wp-content\/uploads\/2026\/01\/20260103_Manif-Venezuela.45.jpeg",1280,720,false],"2048x2048":["https:\/\/picstloup-insoumis.fr\/wp-content\/uploads\/2026\/01\/20260103_Manif-Venezuela.45.jpeg",1280,720,false],"mailpoet_newsletter_max":["https:\/\/picstloup-insoumis.fr\/wp-content\/uploads\/2026\/01\/20260103_Manif-Venezuela.45.jpeg",1280,720,false],"awb_sm":["https:\/\/picstloup-insoumis.fr\/wp-content\/uploads\/2026\/01\/20260103_Manif-Venezuela.45-500x281.jpeg",500,281,true],"awb_md":["https:\/\/picstloup-insoumis.fr\/wp-content\/uploads\/2026\/01\/20260103_Manif-Venezuela.45-800x450.jpeg",800,450,true],"awb_lg":["https:\/\/picstloup-insoumis.fr\/wp-content\/uploads\/2026\/01\/20260103_Manif-Venezuela.45.jpeg",1280,720,false],"awb_xl":["https:\/\/picstloup-insoumis.fr\/wp-content\/uploads\/2026\/01\/20260103_Manif-Venezuela.45.jpeg",1280,720,false]},"uagb_author_info":{"display_name":"P SL","author_link":"https:\/\/picstloup-insoumis.fr\/author\/insoupsl\/"},"uagb_comment_info":0,"uagb_excerpt":null,"_links":{"self":[{"href":"https:\/\/picstloup-insoumis.fr\/index.php\/wp-json\/wp\/v2\/pages\/40573","targetHints":{"allow":["GET"]}}],"collection":[{"href":"https:\/\/picstloup-insoumis.fr\/index.php\/wp-json\/wp\/v2\/pages"}],"about":[{"href":"https:\/\/picstloup-insoumis.fr\/index.php\/wp-json\/wp\/v2\/types\/page"}],"author":[{"embeddable":true,"href":"https:\/\/picstloup-insoumis.fr\/index.php\/wp-json\/wp\/v2\/users\/8"}],"replies":[{"embeddable":true,"href":"https:\/\/picstloup-insoumis.fr\/index.php\/wp-json\/wp\/v2\/comments?post=40573"}],"version-history":[{"count":0,"href":"https:\/\/picstloup-insoumis.fr\/index.php\/wp-json\/wp\/v2\/pages\/40573\/revisions"}],"wp:featuredmedia":[{"embeddable":true,"href":"https:\/\/picstloup-insoumis.fr\/index.php\/wp-json\/wp\/v2\/media\/39974"}],"wp:attachment":[{"href":"https:\/\/picstloup-insoumis.fr\/index.php\/wp-json\/wp\/v2\/media?parent=40573"}],"wp:term":[{"taxonomy":"category","embeddable":true,"href":"https:\/\/picstloup-insoumis.fr\/index.php\/wp-json\/wp\/v2\/categories?post=40573"},{"taxonomy":"post_tag","embeddable":true,"href":"https:\/\/picstloup-insoumis.fr\/index.php\/wp-json\/wp\/v2\/tags?post=40573"}],"curies":[{"name":"wp","href":"https:\/\/api.w.org\/{rel}","templated":true}]}}