{"id":412,"date":"2024-11-09T11:44:24","date_gmt":"2024-11-09T10:44:24","guid":{"rendered":"https:\/\/picstloup-insoumis.fr\/?page_id=412"},"modified":"2025-06-16T16:55:40","modified_gmt":"2025-06-16T14:55:40","slug":"environnement-i","status":"publish","type":"page","link":"https:\/\/picstloup-insoumis.fr\/index.php\/environnement-i\/","title":{"rendered":"Environnement-i"},"content":{"rendered":"\n<h2 class=\"wp-block-heading has-vivid-red-color has-text-color has-link-color wp-elements-c75b0320cdfed5e270655f8d5d068058\"><em>S\u00e9lection de publications libres d&rsquo;acc\u00e8s sur l&rsquo;environnement sur un plan mondial<\/em><\/h2>\n\n\n\n<div style=\"height:70px\" aria-hidden=\"true\" class=\"wp-block-spacer\"><\/div>\n\n\n\n<div class=\"wp-block-query is-layout-flow wp-block-query-is-layout-flow\"><ul class=\"wp-block-post-template is-layout-flow wp-block-post-template-is-layout-flow\"><li class=\"wp-block-post post-50422 post type-post status-publish format-standard has-post-thumbnail hentry category-environnement-i tag-14-26 tag-5ans\">\n\n<div class=\"wp-block-columns are-vertically-aligned-center is-layout-flex wp-container-core-columns-is-layout-28f84493 wp-block-columns-is-layout-flex\">\n<div class=\"wp-block-column is-vertically-aligned-center is-layout-flow wp-block-column-is-layout-flow\" style=\"flex-basis:25%\"><figure class=\"wp-block-post-featured-image\"><a href=\"https:\/\/picstloup-insoumis.fr\/index.php\/2026\/04\/03\/bombe-climatique\/\" target=\"_self\"  ><img loading=\"lazy\" decoding=\"async\" width=\"1408\" height=\"806\" src=\"https:\/\/picstloup-insoumis.fr\/wp-content\/uploads\/2026\/04\/Capture-decran-2026-04-03-a-21.03.54.png\" class=\"attachment-post-thumbnail size-post-thumbnail wp-post-image\" alt=\"Bombe climatique\" style=\"object-fit:cover;\" srcset=\"https:\/\/picstloup-insoumis.fr\/wp-content\/uploads\/2026\/04\/Capture-decran-2026-04-03-a-21.03.54.png 1408w, https:\/\/picstloup-insoumis.fr\/wp-content\/uploads\/2026\/04\/Capture-decran-2026-04-03-a-21.03.54-300x172.png 300w, https:\/\/picstloup-insoumis.fr\/wp-content\/uploads\/2026\/04\/Capture-decran-2026-04-03-a-21.03.54-1024x586.png 1024w, https:\/\/picstloup-insoumis.fr\/wp-content\/uploads\/2026\/04\/Capture-decran-2026-04-03-a-21.03.54-768x440.png 768w, https:\/\/picstloup-insoumis.fr\/wp-content\/uploads\/2026\/04\/Capture-decran-2026-04-03-a-21.03.54-1320x756.png 1320w, https:\/\/picstloup-insoumis.fr\/wp-content\/uploads\/2026\/04\/Capture-decran-2026-04-03-a-21.03.54-500x286.png 500w, https:\/\/picstloup-insoumis.fr\/wp-content\/uploads\/2026\/04\/Capture-decran-2026-04-03-a-21.03.54-800x458.png 800w, https:\/\/picstloup-insoumis.fr\/wp-content\/uploads\/2026\/04\/Capture-decran-2026-04-03-a-21.03.54-1280x733.png 1280w\" sizes=\"auto, (max-width: 1408px) 100vw, 1408px\" \/><\/a><\/figure><\/div>\n\n\n\n<div class=\"wp-block-column is-vertically-aligned-center is-layout-flow wp-block-column-is-layout-flow\" style=\"flex-basis:75%\"><h2 class=\"wp-block-post-title\"><a href=\"https:\/\/picstloup-insoumis.fr\/index.php\/2026\/04\/03\/bombe-climatique\/\" target=\"_self\" >Bombe climatique<\/a><\/h2>\n\n<div class=\"wp-block-post-excerpt\"><p class=\"wp-block-post-excerpt__excerpt\">GUERRE AU MOYEN-ORIENT&nbsp;: LES CONS\u00c9QUENCES DRAMATIQUES D&rsquo;UNE BOMBE CLIMATIQUE <\/p><\/div><\/div>\n<\/div>\n\n<\/li><li class=\"wp-block-post post-50153 post type-post status-publish format-standard has-post-thumbnail hentry category-environnement-i tag-14-26 tag-5ans\">\n\n<div class=\"wp-block-columns are-vertically-aligned-center is-layout-flex wp-container-core-columns-is-layout-28f84493 wp-block-columns-is-layout-flex\">\n<div class=\"wp-block-column is-vertically-aligned-center is-layout-flow wp-block-column-is-layout-flow\" style=\"flex-basis:25%\"><figure class=\"wp-block-post-featured-image\"><a href=\"https:\/\/picstloup-insoumis.fr\/index.php\/2026\/03\/31\/destruction-et-pollution\/\" target=\"_self\"  ><img loading=\"lazy\" decoding=\"async\" width=\"1342\" height=\"782\" src=\"https:\/\/picstloup-insoumis.fr\/wp-content\/uploads\/2026\/03\/Capture-decran-2026-03-31-a-22.36.12.png\" class=\"attachment-post-thumbnail size-post-thumbnail wp-post-image\" alt=\"Destruction et pollution\" style=\"object-fit:cover;\" srcset=\"https:\/\/picstloup-insoumis.fr\/wp-content\/uploads\/2026\/03\/Capture-decran-2026-03-31-a-22.36.12.png 1342w, https:\/\/picstloup-insoumis.fr\/wp-content\/uploads\/2026\/03\/Capture-decran-2026-03-31-a-22.36.12-300x175.png 300w, https:\/\/picstloup-insoumis.fr\/wp-content\/uploads\/2026\/03\/Capture-decran-2026-03-31-a-22.36.12-1024x597.png 1024w, https:\/\/picstloup-insoumis.fr\/wp-content\/uploads\/2026\/03\/Capture-decran-2026-03-31-a-22.36.12-768x448.png 768w, https:\/\/picstloup-insoumis.fr\/wp-content\/uploads\/2026\/03\/Capture-decran-2026-03-31-a-22.36.12-1320x769.png 1320w, https:\/\/picstloup-insoumis.fr\/wp-content\/uploads\/2026\/03\/Capture-decran-2026-03-31-a-22.36.12-500x291.png 500w, https:\/\/picstloup-insoumis.fr\/wp-content\/uploads\/2026\/03\/Capture-decran-2026-03-31-a-22.36.12-800x466.png 800w, https:\/\/picstloup-insoumis.fr\/wp-content\/uploads\/2026\/03\/Capture-decran-2026-03-31-a-22.36.12-1280x746.png 1280w\" sizes=\"auto, (max-width: 1342px) 100vw, 1342px\" \/><\/a><\/figure><\/div>\n\n\n\n<div class=\"wp-block-column is-vertically-aligned-center is-layout-flow wp-block-column-is-layout-flow\" style=\"flex-basis:75%\"><h2 class=\"wp-block-post-title\"><a href=\"https:\/\/picstloup-insoumis.fr\/index.php\/2026\/03\/31\/destruction-et-pollution\/\" target=\"_self\" >Destruction et pollution<\/a><\/h2>\n\n<div class=\"wp-block-post-excerpt\"><p class=\"wp-block-post-excerpt__excerpt\">DESTRUCTION ET POLLUTION&nbsp;: LES DESSOUS DE LA GUERRE EN IRAN <\/p><\/div><\/div>\n<\/div>\n\n<\/li><li class=\"wp-block-post post-43918 post type-post status-publish format-standard has-post-thumbnail hentry category-environnement-i tag-06-26 tag-12mois tag-majeur\">\n\n<div class=\"wp-block-columns are-vertically-aligned-center is-layout-flex wp-container-core-columns-is-layout-28f84493 wp-block-columns-is-layout-flex\">\n<div class=\"wp-block-column is-vertically-aligned-center is-layout-flow wp-block-column-is-layout-flow\" style=\"flex-basis:25%\"><figure class=\"wp-block-post-featured-image\"><a href=\"https:\/\/picstloup-insoumis.fr\/index.php\/2026\/02\/05\/la-bifurcation-ecologique\/\" target=\"_self\"  ><img loading=\"lazy\" decoding=\"async\" width=\"1188\" height=\"704\" src=\"https:\/\/picstloup-insoumis.fr\/wp-content\/uploads\/2026\/02\/Capture-decran-2026-02-05-a-14.46.23.png\" class=\"attachment-post-thumbnail size-post-thumbnail wp-post-image\" alt=\"La bifurcation \u00e9cologique\" style=\"object-fit:cover;\" srcset=\"https:\/\/picstloup-insoumis.fr\/wp-content\/uploads\/2026\/02\/Capture-decran-2026-02-05-a-14.46.23.png 1188w, https:\/\/picstloup-insoumis.fr\/wp-content\/uploads\/2026\/02\/Capture-decran-2026-02-05-a-14.46.23-300x178.png 300w, https:\/\/picstloup-insoumis.fr\/wp-content\/uploads\/2026\/02\/Capture-decran-2026-02-05-a-14.46.23-1024x607.png 1024w, https:\/\/picstloup-insoumis.fr\/wp-content\/uploads\/2026\/02\/Capture-decran-2026-02-05-a-14.46.23-768x455.png 768w, https:\/\/picstloup-insoumis.fr\/wp-content\/uploads\/2026\/02\/Capture-decran-2026-02-05-a-14.46.23-500x296.png 500w, https:\/\/picstloup-insoumis.fr\/wp-content\/uploads\/2026\/02\/Capture-decran-2026-02-05-a-14.46.23-800x474.png 800w\" sizes=\"auto, (max-width: 1188px) 100vw, 1188px\" \/><\/a><\/figure><\/div>\n\n\n\n<div class=\"wp-block-column is-vertically-aligned-center is-layout-flow wp-block-column-is-layout-flow\" style=\"flex-basis:75%\"><h2 class=\"wp-block-post-title\"><a href=\"https:\/\/picstloup-insoumis.fr\/index.php\/2026\/02\/05\/la-bifurcation-ecologique\/\" target=\"_self\" >La bifurcation \u00e9cologique<\/a><\/h2>\n\n<div class=\"wp-block-post-excerpt\"><p class=\"wp-block-post-excerpt__excerpt\">La bifurcation \u00e9cologique pour des jours heureux&nbsp;! &#8211; Dani\u00e8le Obono <\/p><\/div><\/div>\n<\/div>\n\n<\/li><li class=\"wp-block-post post-41120 post type-post status-publish format-standard has-post-thumbnail hentry category-environnement-i tag-03-26 tag-12mois\">\n\n<div class=\"wp-block-columns are-vertically-aligned-center is-layout-flex wp-container-core-columns-is-layout-28f84493 wp-block-columns-is-layout-flex\">\n<div class=\"wp-block-column is-vertically-aligned-center is-layout-flow wp-block-column-is-layout-flow\" style=\"flex-basis:25%\"><figure class=\"wp-block-post-featured-image\"><a href=\"https:\/\/picstloup-insoumis.fr\/index.php\/2026\/01\/15\/fueling-ecocide\/\" target=\"_self\"  ><img loading=\"lazy\" decoding=\"async\" width=\"786\" height=\"376\" src=\"https:\/\/picstloup-insoumis.fr\/wp-content\/uploads\/2026\/01\/Capture-decran-2026-01-15-a-13.27.51.png\" class=\"attachment-post-thumbnail size-post-thumbnail wp-post-image\" alt=\"Fueling \u00e9cocide\" style=\"object-fit:cover;\" srcset=\"https:\/\/picstloup-insoumis.fr\/wp-content\/uploads\/2026\/01\/Capture-decran-2026-01-15-a-13.27.51.png 786w, https:\/\/picstloup-insoumis.fr\/wp-content\/uploads\/2026\/01\/Capture-decran-2026-01-15-a-13.27.51-300x144.png 300w, https:\/\/picstloup-insoumis.fr\/wp-content\/uploads\/2026\/01\/Capture-decran-2026-01-15-a-13.27.51-768x367.png 768w, https:\/\/picstloup-insoumis.fr\/wp-content\/uploads\/2026\/01\/Capture-decran-2026-01-15-a-13.27.51-500x239.png 500w\" sizes=\"auto, (max-width: 786px) 100vw, 786px\" \/><\/a><\/figure><\/div>\n\n\n\n<div class=\"wp-block-column is-vertically-aligned-center is-layout-flow wp-block-column-is-layout-flow\" style=\"flex-basis:75%\"><h2 class=\"wp-block-post-title\"><a href=\"https:\/\/picstloup-insoumis.fr\/index.php\/2026\/01\/15\/fueling-ecocide\/\" target=\"_self\" >Fueling \u00e9cocide<\/a><\/h2>\n\n<div class=\"wp-block-post-excerpt\"><p class=\"wp-block-post-excerpt__excerpt\">\u201cFUELING \u00c9COCIDE\u201d : COMMENT LES COMPAGNIES P\u00c9TROLI\u00c8RES D\u00c9TRUISENT L\u2019ENVIRONNEMENT <\/p><\/div><\/div>\n<\/div>\n\n<\/li><li class=\"wp-block-post post-35491 post type-post status-publish format-standard has-post-thumbnail hentry category-environnement-i tag-12mois tag-49-25 tag-majeur\">\n\n<div class=\"wp-block-columns are-vertically-aligned-center is-layout-flex wp-container-core-columns-is-layout-28f84493 wp-block-columns-is-layout-flex\">\n<div class=\"wp-block-column is-vertically-aligned-center is-layout-flow wp-block-column-is-layout-flow\" style=\"flex-basis:25%\"><figure class=\"wp-block-post-featured-image\"><a href=\"https:\/\/picstloup-insoumis.fr\/index.php\/2025\/11\/29\/cop-30-2\/\" target=\"_self\"  ><img loading=\"lazy\" decoding=\"async\" width=\"1426\" height=\"794\" src=\"https:\/\/picstloup-insoumis.fr\/wp-content\/uploads\/2025\/11\/Capture-decran-2025-11-29-a-12.41.53.png\" class=\"attachment-post-thumbnail size-post-thumbnail wp-post-image\" alt=\"COP 30\" style=\"object-fit:cover;\" srcset=\"https:\/\/picstloup-insoumis.fr\/wp-content\/uploads\/2025\/11\/Capture-decran-2025-11-29-a-12.41.53.png 1426w, https:\/\/picstloup-insoumis.fr\/wp-content\/uploads\/2025\/11\/Capture-decran-2025-11-29-a-12.41.53-300x167.png 300w, https:\/\/picstloup-insoumis.fr\/wp-content\/uploads\/2025\/11\/Capture-decran-2025-11-29-a-12.41.53-1024x570.png 1024w, https:\/\/picstloup-insoumis.fr\/wp-content\/uploads\/2025\/11\/Capture-decran-2025-11-29-a-12.41.53-768x428.png 768w, https:\/\/picstloup-insoumis.fr\/wp-content\/uploads\/2025\/11\/Capture-decran-2025-11-29-a-12.41.53-1320x735.png 1320w, https:\/\/picstloup-insoumis.fr\/wp-content\/uploads\/2025\/11\/Capture-decran-2025-11-29-a-12.41.53-500x278.png 500w, https:\/\/picstloup-insoumis.fr\/wp-content\/uploads\/2025\/11\/Capture-decran-2025-11-29-a-12.41.53-800x445.png 800w, https:\/\/picstloup-insoumis.fr\/wp-content\/uploads\/2025\/11\/Capture-decran-2025-11-29-a-12.41.53-1280x713.png 1280w\" sizes=\"auto, (max-width: 1426px) 100vw, 1426px\" \/><\/a><\/figure><\/div>\n\n\n\n<div class=\"wp-block-column is-vertically-aligned-center is-layout-flow wp-block-column-is-layout-flow\" style=\"flex-basis:75%\"><h2 class=\"wp-block-post-title\"><a href=\"https:\/\/picstloup-insoumis.fr\/index.php\/2025\/11\/29\/cop-30-2\/\" target=\"_self\" >COP 30<\/a><\/h2>\n\n<div class=\"wp-block-post-excerpt\"><p class=\"wp-block-post-excerpt__excerpt\">COP 30&nbsp;: UNE NOUVELLE D\u00c9FAITE POUR LE CLIMAT <\/p><\/div><\/div>\n<\/div>\n\n<\/li><li class=\"wp-block-post post-35010 post type-post status-publish format-standard has-post-thumbnail hentry category-environnement-i tag-12mois tag-48-25 tag-majeur\">\n\n<div class=\"wp-block-columns are-vertically-aligned-center is-layout-flex wp-container-core-columns-is-layout-28f84493 wp-block-columns-is-layout-flex\">\n<div class=\"wp-block-column is-vertically-aligned-center is-layout-flow wp-block-column-is-layout-flow\" style=\"flex-basis:25%\"><figure class=\"wp-block-post-featured-image\"><a href=\"https:\/\/picstloup-insoumis.fr\/index.php\/2025\/11\/25\/cop30\/\" target=\"_self\"  ><img loading=\"lazy\" decoding=\"async\" width=\"1420\" height=\"836\" src=\"https:\/\/picstloup-insoumis.fr\/wp-content\/uploads\/2025\/11\/Capture-decran-2025-11-25-a-22.50.51.png\" class=\"attachment-post-thumbnail size-post-thumbnail wp-post-image\" alt=\"COP30\" style=\"object-fit:cover;\" srcset=\"https:\/\/picstloup-insoumis.fr\/wp-content\/uploads\/2025\/11\/Capture-decran-2025-11-25-a-22.50.51.png 1420w, https:\/\/picstloup-insoumis.fr\/wp-content\/uploads\/2025\/11\/Capture-decran-2025-11-25-a-22.50.51-300x177.png 300w, https:\/\/picstloup-insoumis.fr\/wp-content\/uploads\/2025\/11\/Capture-decran-2025-11-25-a-22.50.51-1024x603.png 1024w, https:\/\/picstloup-insoumis.fr\/wp-content\/uploads\/2025\/11\/Capture-decran-2025-11-25-a-22.50.51-768x452.png 768w, https:\/\/picstloup-insoumis.fr\/wp-content\/uploads\/2025\/11\/Capture-decran-2025-11-25-a-22.50.51-1320x777.png 1320w, https:\/\/picstloup-insoumis.fr\/wp-content\/uploads\/2025\/11\/Capture-decran-2025-11-25-a-22.50.51-500x294.png 500w, https:\/\/picstloup-insoumis.fr\/wp-content\/uploads\/2025\/11\/Capture-decran-2025-11-25-a-22.50.51-800x471.png 800w, https:\/\/picstloup-insoumis.fr\/wp-content\/uploads\/2025\/11\/Capture-decran-2025-11-25-a-22.50.51-1280x754.png 1280w\" sizes=\"auto, (max-width: 1420px) 100vw, 1420px\" \/><\/a><\/figure><\/div>\n\n\n\n<div class=\"wp-block-column is-vertically-aligned-center is-layout-flow wp-block-column-is-layout-flow\" style=\"flex-basis:75%\"><h2 class=\"wp-block-post-title\"><a href=\"https:\/\/picstloup-insoumis.fr\/index.php\/2025\/11\/25\/cop30\/\" target=\"_self\" >COP30<\/a><\/h2>\n\n<div class=\"wp-block-post-excerpt\"><p class=\"wp-block-post-excerpt__excerpt\">COP30&nbsp;: CE QUE R\u00c9V\u00c8LE CET \u00c9CHEC CUISANT <\/p><\/div><\/div>\n<\/div>\n\n<\/li><li class=\"wp-block-post post-33966 post type-post status-publish format-standard has-post-thumbnail hentry category-environnement-i tag-12mois tag-47-25\">\n\n<div class=\"wp-block-columns are-vertically-aligned-center is-layout-flex wp-container-core-columns-is-layout-28f84493 wp-block-columns-is-layout-flex\">\n<div class=\"wp-block-column is-vertically-aligned-center is-layout-flow wp-block-column-is-layout-flow\" style=\"flex-basis:25%\"><figure class=\"wp-block-post-featured-image\"><a href=\"https:\/\/picstloup-insoumis.fr\/index.php\/2025\/11\/19\/traite-mortifere\/\" target=\"_self\"  ><img loading=\"lazy\" decoding=\"async\" width=\"696\" height=\"1120\" src=\"https:\/\/picstloup-insoumis.fr\/wp-content\/uploads\/2025\/11\/Capture-decran-2025-11-19-a-09.57.28.png\" class=\"attachment-post-thumbnail size-post-thumbnail wp-post-image\" alt=\"Trait\u00e9 mortif\u00e8re\" style=\"object-fit:cover;\" srcset=\"https:\/\/picstloup-insoumis.fr\/wp-content\/uploads\/2025\/11\/Capture-decran-2025-11-19-a-09.57.28.png 696w, https:\/\/picstloup-insoumis.fr\/wp-content\/uploads\/2025\/11\/Capture-decran-2025-11-19-a-09.57.28-186x300.png 186w, https:\/\/picstloup-insoumis.fr\/wp-content\/uploads\/2025\/11\/Capture-decran-2025-11-19-a-09.57.28-636x1024.png 636w, https:\/\/picstloup-insoumis.fr\/wp-content\/uploads\/2025\/11\/Capture-decran-2025-11-19-a-09.57.28-500x805.png 500w\" sizes=\"auto, (max-width: 696px) 100vw, 696px\" \/><\/a><\/figure><\/div>\n\n\n\n<div class=\"wp-block-column is-vertically-aligned-center is-layout-flow wp-block-column-is-layout-flow\" style=\"flex-basis:75%\"><h2 class=\"wp-block-post-title\"><a href=\"https:\/\/picstloup-insoumis.fr\/index.php\/2025\/11\/19\/traite-mortifere\/\" target=\"_self\" >Trait\u00e9 mortif\u00e8re<\/a><\/h2>\n\n<div class=\"wp-block-post-excerpt\"><p class=\"wp-block-post-excerpt__excerpt\">Accord EU-Mercosur&nbsp;: trait\u00e9 mortif\u00e8re <\/p><\/div><\/div>\n<\/div>\n\n<\/li><li class=\"wp-block-post post-33005 post type-post status-publish format-standard has-post-thumbnail hentry category-environnement-i category-environnement-n tag-46-25 tag-5ans\">\n\n<div class=\"wp-block-columns are-vertically-aligned-center is-layout-flex wp-container-core-columns-is-layout-28f84493 wp-block-columns-is-layout-flex\">\n<div class=\"wp-block-column is-vertically-aligned-center is-layout-flow wp-block-column-is-layout-flow\" style=\"flex-basis:25%\"><figure class=\"wp-block-post-featured-image\"><a href=\"https:\/\/picstloup-insoumis.fr\/index.php\/2025\/11\/13\/cop-30\/\" target=\"_self\"  ><img loading=\"lazy\" decoding=\"async\" width=\"1390\" height=\"802\" src=\"https:\/\/picstloup-insoumis.fr\/wp-content\/uploads\/2025\/11\/Capture-decran-2025-11-12-a-22.18.23.png\" class=\"attachment-post-thumbnail size-post-thumbnail wp-post-image\" alt=\"COP 30\" style=\"object-fit:cover;\" srcset=\"https:\/\/picstloup-insoumis.fr\/wp-content\/uploads\/2025\/11\/Capture-decran-2025-11-12-a-22.18.23.png 1390w, https:\/\/picstloup-insoumis.fr\/wp-content\/uploads\/2025\/11\/Capture-decran-2025-11-12-a-22.18.23-300x173.png 300w, https:\/\/picstloup-insoumis.fr\/wp-content\/uploads\/2025\/11\/Capture-decran-2025-11-12-a-22.18.23-1024x591.png 1024w, https:\/\/picstloup-insoumis.fr\/wp-content\/uploads\/2025\/11\/Capture-decran-2025-11-12-a-22.18.23-768x443.png 768w, https:\/\/picstloup-insoumis.fr\/wp-content\/uploads\/2025\/11\/Capture-decran-2025-11-12-a-22.18.23-1320x762.png 1320w, https:\/\/picstloup-insoumis.fr\/wp-content\/uploads\/2025\/11\/Capture-decran-2025-11-12-a-22.18.23-500x288.png 500w, https:\/\/picstloup-insoumis.fr\/wp-content\/uploads\/2025\/11\/Capture-decran-2025-11-12-a-22.18.23-800x462.png 800w, https:\/\/picstloup-insoumis.fr\/wp-content\/uploads\/2025\/11\/Capture-decran-2025-11-12-a-22.18.23-1280x739.png 1280w\" sizes=\"auto, (max-width: 1390px) 100vw, 1390px\" \/><\/a><\/figure><\/div>\n\n\n\n<div class=\"wp-block-column is-vertically-aligned-center is-layout-flow wp-block-column-is-layout-flow\" style=\"flex-basis:75%\"><h2 class=\"wp-block-post-title\"><a href=\"https:\/\/picstloup-insoumis.fr\/index.php\/2025\/11\/13\/cop-30\/\" target=\"_self\" >COP 30<\/a><\/h2>\n\n<div class=\"wp-block-post-excerpt\"><p class=\"wp-block-post-excerpt__excerpt\">COP 30, L\u2019INACTION CLIMATIQUE RESPONSABLE DE MILLIONS DE MORTS&nbsp;: L\u2019HEURE DE V\u00c9RIT\u00c9 <\/p><\/div><\/div>\n<\/div>\n\n<\/li><li class=\"wp-block-post post-31981 post type-post status-publish format-standard has-post-thumbnail hentry category-environnement-i tag-45-25 tag-5ans\">\n\n<div class=\"wp-block-columns are-vertically-aligned-center is-layout-flex wp-container-core-columns-is-layout-28f84493 wp-block-columns-is-layout-flex\">\n<div class=\"wp-block-column is-vertically-aligned-center is-layout-flow wp-block-column-is-layout-flow\" style=\"flex-basis:25%\"><figure class=\"wp-block-post-featured-image\"><a href=\"https:\/\/picstloup-insoumis.fr\/index.php\/2025\/11\/06\/les-ultra-riches\/\" target=\"_self\"  ><img loading=\"lazy\" decoding=\"async\" width=\"810\" height=\"862\" src=\"https:\/\/picstloup-insoumis.fr\/wp-content\/uploads\/2025\/11\/Capture-decran-2025-11-06-a-13.34.12.png\" class=\"attachment-post-thumbnail size-post-thumbnail wp-post-image\" alt=\"Les ultra-riches\" style=\"object-fit:cover;\" srcset=\"https:\/\/picstloup-insoumis.fr\/wp-content\/uploads\/2025\/11\/Capture-decran-2025-11-06-a-13.34.12.png 810w, https:\/\/picstloup-insoumis.fr\/wp-content\/uploads\/2025\/11\/Capture-decran-2025-11-06-a-13.34.12-282x300.png 282w, https:\/\/picstloup-insoumis.fr\/wp-content\/uploads\/2025\/11\/Capture-decran-2025-11-06-a-13.34.12-768x817.png 768w, https:\/\/picstloup-insoumis.fr\/wp-content\/uploads\/2025\/11\/Capture-decran-2025-11-06-a-13.34.12-500x532.png 500w, https:\/\/picstloup-insoumis.fr\/wp-content\/uploads\/2025\/11\/Capture-decran-2025-11-06-a-13.34.12-800x851.png 800w\" sizes=\"auto, (max-width: 810px) 100vw, 810px\" \/><\/a><\/figure><\/div>\n\n\n\n<div class=\"wp-block-column is-vertically-aligned-center is-layout-flow wp-block-column-is-layout-flow\" style=\"flex-basis:75%\"><h2 class=\"wp-block-post-title\"><a href=\"https:\/\/picstloup-insoumis.fr\/index.php\/2025\/11\/06\/les-ultra-riches\/\" target=\"_self\" >Les ultra-riches<\/a><\/h2>\n\n<div class=\"wp-block-post-excerpt\"><p class=\"wp-block-post-excerpt__excerpt\">LES ULTRA-RICHES D\u00c9TRUISENT LA PLAN\u00c8TE, OXFAM D\u00c9VOILE LES CHIFFRES <\/p><\/div><\/div>\n<\/div>\n\n<\/li><li class=\"wp-block-post post-29586 post type-post status-publish format-standard has-post-thumbnail hentry category-environnement-i tag-12mois tag-43-25\">\n\n<div class=\"wp-block-columns are-vertically-aligned-center is-layout-flex wp-container-core-columns-is-layout-28f84493 wp-block-columns-is-layout-flex\">\n<div class=\"wp-block-column is-vertically-aligned-center is-layout-flow wp-block-column-is-layout-flow\" style=\"flex-basis:25%\"><figure class=\"wp-block-post-featured-image\"><a href=\"https:\/\/picstloup-insoumis.fr\/index.php\/2025\/10\/25\/gabes\/\" target=\"_self\"  ><img loading=\"lazy\" decoding=\"async\" width=\"1204\" height=\"770\" src=\"https:\/\/picstloup-insoumis.fr\/wp-content\/uploads\/2025\/10\/Capture-decran-2025-10-24-a-22.09.49.png\" class=\"attachment-post-thumbnail size-post-thumbnail wp-post-image\" alt=\"Gab\u00e8s\" style=\"object-fit:cover;\" srcset=\"https:\/\/picstloup-insoumis.fr\/wp-content\/uploads\/2025\/10\/Capture-decran-2025-10-24-a-22.09.49.png 1204w, https:\/\/picstloup-insoumis.fr\/wp-content\/uploads\/2025\/10\/Capture-decran-2025-10-24-a-22.09.49-300x192.png 300w, https:\/\/picstloup-insoumis.fr\/wp-content\/uploads\/2025\/10\/Capture-decran-2025-10-24-a-22.09.49-1024x655.png 1024w, https:\/\/picstloup-insoumis.fr\/wp-content\/uploads\/2025\/10\/Capture-decran-2025-10-24-a-22.09.49-768x491.png 768w\" sizes=\"auto, (max-width: 1204px) 100vw, 1204px\" \/><\/a><\/figure><\/div>\n\n\n\n<div class=\"wp-block-column is-vertically-aligned-center is-layout-flow wp-block-column-is-layout-flow\" style=\"flex-basis:75%\"><h2 class=\"wp-block-post-title\"><a href=\"https:\/\/picstloup-insoumis.fr\/index.php\/2025\/10\/25\/gabes\/\" target=\"_self\" >Gab\u00e8s<\/a><\/h2>\n\n<div class=\"wp-block-post-excerpt\"><p class=\"wp-block-post-excerpt__excerpt\">LA FRANCE COMPLICE D&rsquo;UN MINI-TCHERNOBYL EN TUNISIE&nbsp;? <\/p><\/div><\/div>\n<\/div>\n\n<\/li><\/ul><\/div>","protected":false},"excerpt":{"rendered":"<p>S\u00e9lection de publications libres d&rsquo;acc\u00e8s sur l&rsquo;environnement sur un plan mondial<\/p>","protected":false},"author":8,"featured_media":0,"parent":0,"menu_order":0,"comment_status":"closed","ping_status":"closed","template":"","meta":{"_acf_changed":false,"_uag_custom_page_level_css":"","_monsterinsights_skip_tracking":false,"_monsterinsights_sitenote_active":false,"_monsterinsights_sitenote_note":"","_monsterinsights_sitenote_category":0,"footnotes":""},"categories":[29],"tags":[],"class_list":["post-412","page","type-page","status-publish","hentry","category-environnement-i"],"blocksy_meta":[],"acf":[],"uagb_featured_image_src":{"full":false,"thumbnail":false,"medium":false,"medium_large":false,"large":false,"1536x1536":false,"2048x2048":false,"mailpoet_newsletter_max":false,"awb_sm":false,"awb_md":false,"awb_lg":false,"awb_xl":false},"uagb_author_info":{"display_name":"P SL","author_link":"https:\/\/picstloup-insoumis.fr\/author\/insoupsl\/"},"uagb_comment_info":0,"uagb_excerpt":"S\u00e9lection de publications libres d&rsquo;acc\u00e8s sur l&rsquo;environnement sur un plan mondial","_links":{"self":[{"href":"https:\/\/picstloup-insoumis.fr\/index.php\/wp-json\/wp\/v2\/pages\/412","targetHints":{"allow":["GET"]}}],"collection":[{"href":"https:\/\/picstloup-insoumis.fr\/index.php\/wp-json\/wp\/v2\/pages"}],"about":[{"href":"https:\/\/picstloup-insoumis.fr\/index.php\/wp-json\/wp\/v2\/types\/page"}],"author":[{"embeddable":true,"href":"https:\/\/picstloup-insoumis.fr\/index.php\/wp-json\/wp\/v2\/users\/8"}],"replies":[{"embeddable":true,"href":"https:\/\/picstloup-insoumis.fr\/index.php\/wp-json\/wp\/v2\/comments?post=412"}],"version-history":[{"count":0,"href":"https:\/\/picstloup-insoumis.fr\/index.php\/wp-json\/wp\/v2\/pages\/412\/revisions"}],"wp:attachment":[{"href":"https:\/\/picstloup-insoumis.fr\/index.php\/wp-json\/wp\/v2\/media?parent=412"}],"wp:term":[{"taxonomy":"category","embeddable":true,"href":"https:\/\/picstloup-insoumis.fr\/index.php\/wp-json\/wp\/v2\/categories?post=412"},{"taxonomy":"post_tag","embeddable":true,"href":"https:\/\/picstloup-insoumis.fr\/index.php\/wp-json\/wp\/v2\/tags?post=412"}],"curies":[{"name":"wp","href":"https:\/\/api.w.org\/{rel}","templated":true}]}}