{"id":48897,"date":"2026-03-19T08:22:44","date_gmt":"2026-03-19T07:22:44","guid":{"rendered":"https:\/\/picstloup-insoumis.fr\/?page_id=48897"},"modified":"2026-03-19T08:22:45","modified_gmt":"2026-03-19T07:22:45","slug":"reflexion-sur-lobservatoire-de-la-sante","status":"publish","type":"page","link":"https:\/\/picstloup-insoumis.fr\/index.php\/reflexion-sur-lobservatoire-de-la-sante\/","title":{"rendered":"R\u00c9FLEXION SUR L&rsquo;OBSERVATOIRE DE LA SANT\u00c9"},"content":{"rendered":"\n<p><strong>R\u00c9FLEXION SUR L&rsquo;OBSERVATOIRE DE LA SANT\u00c9<\/strong><\/p>\n\n\n\n<p>&#8211;<strong>D\u00e9finir un objectif clair&nbsp;<\/strong>: Quelle serait la mission de cet observatoire&nbsp;?&nbsp;<\/p>\n\n\n\n<p>Par exemple&nbsp;:&nbsp;<\/p>\n\n\n\n<ul class=\"wp-block-list\">\n<li>surveiller les risques sanitaires li\u00e9s \u00e0 l\u2019environnement (pesticides, eau, air, sols)<\/li>\n<\/ul>\n\n\n\n<ul class=\"wp-block-list\">\n<li>collecter et analyser des donn\u00e9es locales<\/li>\n<\/ul>\n\n\n\n<ul class=\"wp-block-list\">\n<li>informer et alerter la population<\/li>\n<\/ul>\n\n\n\n<ul class=\"wp-block-list\">\n<li>produire des rapports ind\u00e9pendants<\/li>\n<\/ul>\n\n\n\n<ul class=\"wp-block-list\">\n<li>proposer des recommandations aux \u00e9lus<\/li>\n<\/ul>\n\n\n\n<p>&#8211;<strong>R\u00e9fl\u00e9chir \u00e0 la structure&nbsp;<\/strong><\/p>\n\n\n\n<p>Exemple de structure&nbsp;<\/p>\n\n\n\n<ul class=\"wp-block-list\">\n<li>Un conseil strat\u00e9gique qui fixe les orientations pour ne pas partir dans tous les sens\u00a0<\/li>\n<\/ul>\n\n\n\n<ul class=\"wp-block-list\">\n<li>Un comit\u00e9 scientifique pour garantir la rigueur<\/li>\n<\/ul>\n\n\n\n<ul class=\"wp-block-list\">\n<li>Une personne en charge de l&rsquo;op\u00e9rationnelle pour le faire fonctionner (communiquer, coordonner etc.)<\/li>\n<\/ul>\n\n\n\n<ul class=\"wp-block-list\">\n<li>autre&nbsp;?\u00a0<\/li>\n<\/ul>\n\n\n\n<p>&#8211;<strong>D\u00e9finir un R\u00e9seau de partenaires&nbsp;<\/strong>(des chercheurs, des agriculteurs, des institutions, des associations locales, des universit\u00e9s, des collectifs locaux etc.)<\/p>\n\n\n\n<p><strong>Autres points auxquels il faut penser&nbsp;:&nbsp;<\/strong><\/p>\n\n\n\n<p>1.Un observatoire cr\u00e9dible repose sur des donn\u00e9es solides<strong>&nbsp;:&nbsp;<\/strong>Quelles sont nos sources de donn\u00e9es&nbsp;?(Environnementales, sanitaires, autres&nbsp;? )<\/p>\n\n\n\n<p>2.Quel genre de production on met en place&nbsp;? Des cartes, des rapports annuels, des alertes ponctuelles, des aticles scientifiques et\/ou grand public&nbsp;?<\/p>\n\n\n\n<p>3. Comment communiquer pour atteindre un maximum de monde&nbsp;? : conf\u00e9rence, rapport, newsletter, r\u00e9union citoyenne, autres&nbsp;<\/p>\n\n\n\n<p>4. Pour \u00eatre \u00e9couter et cr\u00e9dible il faut \u00eatre ind\u00e9pendant, donc comment servir LFI tout en restant \u00ab&nbsp;neutre&nbsp;\u00bb politiquement&nbsp;?&nbsp;<\/p>\n\n\n\n<p>5. Source de financement et forme juridique&nbsp;: participative au sein du GA&nbsp;? collectivit\u00e9s territoriales&nbsp;? Fondation environnementale&nbsp;? Autres&nbsp;?&nbsp;<\/p>","protected":false},"excerpt":{"rendered":"<p>R\u00c9FLEXION SUR L&rsquo;OBSERVATOIRE DE LA SANT\u00c9 &#8211;D\u00e9finir un objectif clair&nbsp;: Quelle serait la mission de cet observatoire&nbsp;?&nbsp; Par exemple&nbsp;:&nbsp; &#8211;R\u00e9fl\u00e9chir \u00e0 la structure&nbsp; Exemple de structure&nbsp; &#8211;D\u00e9finir un R\u00e9seau de partenaires&nbsp;(des chercheurs, des agriculteurs, des institutions, des associations locales, des universit\u00e9s, des collectifs locaux etc.) Autres points auxquels il faut penser&nbsp;:&nbsp; 1.Un observatoire cr\u00e9dible repose [&hellip;]<\/p>","protected":false},"author":8,"featured_media":0,"parent":0,"menu_order":0,"comment_status":"closed","ping_status":"closed","template":"","meta":{"_acf_changed":false,"_uag_custom_page_level_css":"","_monsterinsights_skip_tracking":false,"_monsterinsights_sitenote_active":false,"_monsterinsights_sitenote_note":"","_monsterinsights_sitenote_category":0,"footnotes":""},"categories":[134],"tags":[],"class_list":["post-48897","page","type-page","status-publish","hentry","category-vie-du-ga_psl"],"blocksy_meta":[],"acf":[],"uagb_featured_image_src":{"full":false,"thumbnail":false,"medium":false,"medium_large":false,"large":false,"1536x1536":false,"2048x2048":false,"mailpoet_newsletter_max":false,"awb_sm":false,"awb_md":false,"awb_lg":false,"awb_xl":false},"uagb_author_info":{"display_name":"P SL","author_link":"https:\/\/picstloup-insoumis.fr\/author\/insoupsl\/"},"uagb_comment_info":0,"uagb_excerpt":"R\u00c9FLEXION SUR L&rsquo;OBSERVATOIRE DE LA SANT\u00c9 &#8211;D\u00e9finir un objectif clair&nbsp;: Quelle serait la mission de cet observatoire&nbsp;?&nbsp; Par exemple&nbsp;:&nbsp; &#8211;R\u00e9fl\u00e9chir \u00e0 la structure&nbsp; Exemple de structure&nbsp; &#8211;D\u00e9finir un R\u00e9seau de partenaires&nbsp;(des chercheurs, des agriculteurs, des institutions, des associations locales, des universit\u00e9s, des collectifs locaux etc.) Autres points auxquels il faut penser&nbsp;:&nbsp; 1.Un observatoire cr\u00e9dible repose\u2026","_links":{"self":[{"href":"https:\/\/picstloup-insoumis.fr\/index.php\/wp-json\/wp\/v2\/pages\/48897","targetHints":{"allow":["GET"]}}],"collection":[{"href":"https:\/\/picstloup-insoumis.fr\/index.php\/wp-json\/wp\/v2\/pages"}],"about":[{"href":"https:\/\/picstloup-insoumis.fr\/index.php\/wp-json\/wp\/v2\/types\/page"}],"author":[{"embeddable":true,"href":"https:\/\/picstloup-insoumis.fr\/index.php\/wp-json\/wp\/v2\/users\/8"}],"replies":[{"embeddable":true,"href":"https:\/\/picstloup-insoumis.fr\/index.php\/wp-json\/wp\/v2\/comments?post=48897"}],"version-history":[{"count":0,"href":"https:\/\/picstloup-insoumis.fr\/index.php\/wp-json\/wp\/v2\/pages\/48897\/revisions"}],"wp:attachment":[{"href":"https:\/\/picstloup-insoumis.fr\/index.php\/wp-json\/wp\/v2\/media?parent=48897"}],"wp:term":[{"taxonomy":"category","embeddable":true,"href":"https:\/\/picstloup-insoumis.fr\/index.php\/wp-json\/wp\/v2\/categories?post=48897"},{"taxonomy":"post_tag","embeddable":true,"href":"https:\/\/picstloup-insoumis.fr\/index.php\/wp-json\/wp\/v2\/tags?post=48897"}],"curies":[{"name":"wp","href":"https:\/\/api.w.org\/{rel}","templated":true}]}}