{"id":8334,"date":"2025-05-05T17:55:59","date_gmt":"2025-05-05T15:55:59","guid":{"rendered":"https:\/\/picstloup-insoumis.fr\/?page_id=8334"},"modified":"2025-05-05T17:56:00","modified_gmt":"2025-05-05T15:56:00","slug":"pourquoi-ce-site-web-des-militants-du-pic-saint-loup-de-la-france-insoumise","status":"publish","type":"page","link":"https:\/\/picstloup-insoumis.fr\/index.php\/pourquoi-ce-site-web-des-militants-du-pic-saint-loup-de-la-france-insoumise\/","title":{"rendered":"Pourquoi ce site web des militants du Pic Saint Loup de la France Insoumise&nbsp;?"},"content":{"rendered":"\n<h4 class=\"wp-block-heading\">Pourquoi ce site web des militants du Pic Saint Loup de la France Insoumise&nbsp;?<\/h4>\n\n\n\n<p><strong><em>C<\/em><\/strong><em style=\"font-weight: bold;\">omment expliquer que les \u00e9lections sucessives conduisent \u00e0 porter au pouvoir des repr\u00e9sentants et des gouvernements au service d&rsquo;une minorit\u00e9 d&rsquo;ultra-riches&nbsp;?<\/em> Le d\u00e9voiement de notre d\u00e9mocratie s&rsquo;explique en grande partie par l&rsquo;appropriation et la manipulation des m\u00e9dias par quelques milliardaires. 95% des m\u00e9dias sont poss\u00e9d\u00e9s par 9 milliardaires en France&nbsp;! Ces milliardaires recrutent \u00e0 prix d&rsquo;or plusieurs dizaines de pr\u00e9sentateurs et chroniqueurs qui courent d&rsquo;un m\u00e9dia \u00e0 l&rsquo;autre, y compris les m\u00e9dias publics finan\u00e7\u00e9s par nos imp\u00f4ts, pour expliquer \u00e0 longueur de journ\u00e9e que ces milliardaires sont ultrariches car ce sont des g\u00e9nies, que nous n&rsquo;avons pas le choix car nous sommes en Europe, dans la mondialisation, que la richesse des milliadaires va ruisseler vers nous, que c&rsquo;est la faute de telle cat\u00e9gorie de Fran\u00e7ais au d\u00e9triment d&rsquo;une autre (<a href=\"https:\/\/picstloup-insoumis.fr\/index.php\/2024\/11\/05\/journalisme-mainstream-40-ans-de-propagande-au-service-du-capital\/\" target=\"_blank\" rel=\"noreferrer noopener\"><em>cf. cet excellent reportage<\/em><\/a>). Diviser pour mieux r\u00e9gner: distiller le patriarcat, une in\u00e9galit\u00e9 de salaires entre hommes et femmes, opposer les jeunes aux personnes \u00e2g\u00e9es, les travailleurs du priv\u00e9 aux fonctionnaires, les Fran\u00e7ais aux travailleurs immigr\u00e9s,.. etc. Et ainsi nous citoyen.nes, votons en toute libert\u00e9 pour enrichir encore plus ces ultrariches, qui nous entra\u00eenent dans un chaos \u00e9conomique, social et climatique.<\/p>\n\n\n\n<p><strong><em>Heureusement, il existe des journalistes ind\u00e9pendants, courageux, qui produisent une information de qualit\u00e9 au service de l&rsquo;humanit\u00e9.<\/em><\/strong> Nous, militants de terrain de la France insoumise, souhaitons au travers ce site web relayer et faire conna\u00eetre ces m\u00e9dias alternatifs, informer des nombreuses r\u00e9unions et conf\u00e9rences locales organis\u00e9es par des militants int\u00e8gres et sinc\u00e8res, soucieux de contribuer \u00e0 un avenir plus r\u00e9jouissant pour la jeunesse, les femmes et les hommes de tout \u00e2ge. <strong><em>La perversion de la d\u00e9mocratie au profit d&rsquo;une poign\u00e9e d&rsquo;ultrariches atteint de telles proportions qu&rsquo;elle menace notre plan\u00e8te, nos soci\u00e9t\u00e9s et l&rsquo;esp\u00e8ce humaine. Aidez nous, en faisant conna\u00eetre autour de vous ce site web, \u00e0 mener ce combat vital&nbsp;!<\/em><\/strong><\/p>","protected":false},"excerpt":{"rendered":"<p>Pourquoi ce site web des militants du Pic Saint Loup de la France Insoumise&nbsp;? Comment expliquer que les \u00e9lections sucessives conduisent \u00e0 porter au pouvoir des repr\u00e9sentants et des gouvernements au service d&rsquo;une minorit\u00e9 d&rsquo;ultra-riches&nbsp;? Le d\u00e9voiement de notre d\u00e9mocratie s&rsquo;explique en grande partie par l&rsquo;appropriation et la manipulation des m\u00e9dias par quelques milliardaires. 95% [&hellip;]<\/p>","protected":false},"author":8,"featured_media":0,"parent":0,"menu_order":0,"comment_status":"closed","ping_status":"closed","template":"","meta":{"_acf_changed":false,"_uag_custom_page_level_css":"","_monsterinsights_skip_tracking":false,"_monsterinsights_sitenote_active":false,"_monsterinsights_sitenote_note":"","_monsterinsights_sitenote_category":0,"footnotes":""},"categories":[26],"tags":[],"class_list":["post-8334","page","type-page","status-publish","hentry","category-france-insoumise"],"blocksy_meta":[],"acf":[],"uagb_featured_image_src":{"full":false,"thumbnail":false,"medium":false,"medium_large":false,"large":false,"1536x1536":false,"2048x2048":false,"mailpoet_newsletter_max":false,"awb_sm":false,"awb_md":false,"awb_lg":false,"awb_xl":false},"uagb_author_info":{"display_name":"P SL","author_link":"https:\/\/picstloup-insoumis.fr\/author\/insoupsl\/"},"uagb_comment_info":0,"uagb_excerpt":"Pourquoi ce site web des militants du Pic Saint Loup de la France Insoumise&nbsp;? Comment expliquer que les \u00e9lections sucessives conduisent \u00e0 porter au pouvoir des repr\u00e9sentants et des gouvernements au service d&rsquo;une minorit\u00e9 d&rsquo;ultra-riches&nbsp;? Le d\u00e9voiement de notre d\u00e9mocratie s&rsquo;explique en grande partie par l&rsquo;appropriation et la manipulation des m\u00e9dias par quelques milliardaires. 95%\u2026","_links":{"self":[{"href":"https:\/\/picstloup-insoumis.fr\/index.php\/wp-json\/wp\/v2\/pages\/8334","targetHints":{"allow":["GET"]}}],"collection":[{"href":"https:\/\/picstloup-insoumis.fr\/index.php\/wp-json\/wp\/v2\/pages"}],"about":[{"href":"https:\/\/picstloup-insoumis.fr\/index.php\/wp-json\/wp\/v2\/types\/page"}],"author":[{"embeddable":true,"href":"https:\/\/picstloup-insoumis.fr\/index.php\/wp-json\/wp\/v2\/users\/8"}],"replies":[{"embeddable":true,"href":"https:\/\/picstloup-insoumis.fr\/index.php\/wp-json\/wp\/v2\/comments?post=8334"}],"version-history":[{"count":0,"href":"https:\/\/picstloup-insoumis.fr\/index.php\/wp-json\/wp\/v2\/pages\/8334\/revisions"}],"wp:attachment":[{"href":"https:\/\/picstloup-insoumis.fr\/index.php\/wp-json\/wp\/v2\/media?parent=8334"}],"wp:term":[{"taxonomy":"category","embeddable":true,"href":"https:\/\/picstloup-insoumis.fr\/index.php\/wp-json\/wp\/v2\/categories?post=8334"},{"taxonomy":"post_tag","embeddable":true,"href":"https:\/\/picstloup-insoumis.fr\/index.php\/wp-json\/wp\/v2\/tags?post=8334"}],"curies":[{"name":"wp","href":"https:\/\/api.w.org\/{rel}","templated":true}]}}