{"id":8443,"date":"2025-05-06T12:29:55","date_gmt":"2025-05-06T10:29:55","guid":{"rendered":"https:\/\/picstloup-insoumis.fr\/?page_id=8443"},"modified":"2025-06-15T09:20:05","modified_gmt":"2025-06-15T07:20:05","slug":"eau","status":"publish","type":"page","link":"https:\/\/picstloup-insoumis.fr\/index.php\/eau\/","title":{"rendered":"Eau"},"content":{"rendered":"\n<h2 class=\"wp-block-heading\">Eau<\/h2>\n\n\n\n<div class=\"wp-block-query is-layout-flow wp-block-query-is-layout-flow\"><ul class=\"wp-block-post-template is-layout-flow wp-block-post-template-is-layout-flow\"><li class=\"wp-block-post post-9447 post type-post status-publish format-standard has-post-thumbnail hentry category-environnement-i category-environnement-n tag-21-25 tag-5ans tag-eau\">\n\n<div class=\"wp-block-columns are-vertically-aligned-center is-layout-flex wp-container-core-columns-is-layout-28f84493 wp-block-columns-is-layout-flex\">\n<div class=\"wp-block-column is-vertically-aligned-center is-layout-flow wp-block-column-is-layout-flow\" style=\"flex-basis:25%\"><figure class=\"wp-block-post-featured-image\"><a href=\"https:\/\/picstloup-insoumis.fr\/index.php\/2025\/05\/18\/la-mer-a-lere-de-lanthropocene\/\" target=\"_self\"  ><img loading=\"lazy\" decoding=\"async\" width=\"671\" height=\"377\" src=\"https:\/\/picstloup-insoumis.fr\/wp-content\/uploads\/2025\/05\/Capture-decran-2025-05-18-004424.jpg\" class=\"attachment-post-thumbnail size-post-thumbnail wp-post-image\" alt=\"La mer \u00e0 l&rsquo;\u00e8re de l&rsquo;anthropoc\u00e8ne\" style=\"object-fit:cover;\" srcset=\"https:\/\/picstloup-insoumis.fr\/wp-content\/uploads\/2025\/05\/Capture-decran-2025-05-18-004424.jpg 671w, https:\/\/picstloup-insoumis.fr\/wp-content\/uploads\/2025\/05\/Capture-decran-2025-05-18-004424-300x169.jpg 300w\" sizes=\"auto, (max-width: 671px) 100vw, 671px\" \/><\/a><\/figure><\/div>\n\n\n\n<div class=\"wp-block-column is-vertically-aligned-center is-layout-flow wp-block-column-is-layout-flow\" style=\"flex-basis:75%\"><h2 class=\"wp-block-post-title\"><a href=\"https:\/\/picstloup-insoumis.fr\/index.php\/2025\/05\/18\/la-mer-a-lere-de-lanthropocene\/\" target=\"_self\" >La mer \u00e0 l&rsquo;\u00e8re de l&rsquo;anthropoc\u00e8ne<\/a><\/h2>\n\n<div class=\"wp-block-post-excerpt\"><p class=\"wp-block-post-excerpt__excerpt\">Colloque \u00ab&nbsp;La mer&nbsp;: nouvelle fronti\u00e8re et cause commune&nbsp;\u00bb <\/p><\/div><\/div>\n<\/div>\n\n<\/li><li class=\"wp-block-post post-9444 post type-post status-publish format-standard has-post-thumbnail hentry category-conferences-reunions-n category-environnement-i category-environnement-n tag-21-25 tag-5ans tag-eau\">\n\n<div class=\"wp-block-columns are-vertically-aligned-center is-layout-flex wp-container-core-columns-is-layout-28f84493 wp-block-columns-is-layout-flex\">\n<div class=\"wp-block-column is-vertically-aligned-center is-layout-flow wp-block-column-is-layout-flow\" style=\"flex-basis:25%\"><figure class=\"wp-block-post-featured-image\"><a href=\"https:\/\/picstloup-insoumis.fr\/index.php\/2025\/05\/18\/colloque-la-mer-la-planification-ecologique-maritime\/\" target=\"_self\"  ><img loading=\"lazy\" decoding=\"async\" width=\"671\" height=\"503\" src=\"https:\/\/picstloup-insoumis.fr\/wp-content\/uploads\/2025\/05\/Capture-decran-2025-05-17-202348.jpg\" class=\"attachment-post-thumbnail size-post-thumbnail wp-post-image\" alt=\"La planification \u00e9cologique maritime. Institut la Bo\u00e9tie\" style=\"object-fit:cover;\" srcset=\"https:\/\/picstloup-insoumis.fr\/wp-content\/uploads\/2025\/05\/Capture-decran-2025-05-17-202348.jpg 671w, https:\/\/picstloup-insoumis.fr\/wp-content\/uploads\/2025\/05\/Capture-decran-2025-05-17-202348-300x225.jpg 300w\" sizes=\"auto, (max-width: 671px) 100vw, 671px\" \/><\/a><\/figure><\/div>\n\n\n\n<div class=\"wp-block-column is-vertically-aligned-center is-layout-flow wp-block-column-is-layout-flow\" style=\"flex-basis:75%\"><h2 class=\"wp-block-post-title\"><a href=\"https:\/\/picstloup-insoumis.fr\/index.php\/2025\/05\/18\/colloque-la-mer-la-planification-ecologique-maritime\/\" target=\"_self\" >La planification \u00e9cologique maritime. Institut la Bo\u00e9tie<\/a><\/h2>\n\n<div class=\"wp-block-post-excerpt\"><p class=\"wp-block-post-excerpt__excerpt\">Colloque la mer <\/p><\/div><\/div>\n<\/div>\n\n<\/li><li class=\"wp-block-post post-3276 post type-post status-publish format-standard has-post-thumbnail hentry category-environnement-n category-articlegapsl category-sciences-n tag-04-25 tag-5ans tag-eau\">\n\n<div class=\"wp-block-columns are-vertically-aligned-center is-layout-flex wp-container-core-columns-is-layout-28f84493 wp-block-columns-is-layout-flex\">\n<div class=\"wp-block-column is-vertically-aligned-center is-layout-flow wp-block-column-is-layout-flow\" style=\"flex-basis:25%\"><figure class=\"wp-block-post-featured-image\"><a href=\"https:\/\/picstloup-insoumis.fr\/index.php\/2025\/05\/18\/leau-et-ses-vibrations-un-facteur-essentiel-a-lapparition-de-la-vie-sur-terre-et-probablement-dans-lunivers\/\" target=\"_self\"  ><img loading=\"lazy\" decoding=\"async\" width=\"2164\" height=\"1186\" src=\"https:\/\/picstloup-insoumis.fr\/wp-content\/uploads\/2025\/02\/20250211_Eau-et-vie.jpg\" class=\"attachment-post-thumbnail size-post-thumbnail wp-post-image\" alt=\"L\u2019eau et ses vibrations, un facteur essentiel \u00e0 l\u2019apparition de la vie sur Terre et probablement dans l\u2019Univers\" style=\"object-fit:cover;\" srcset=\"https:\/\/picstloup-insoumis.fr\/wp-content\/uploads\/2025\/02\/20250211_Eau-et-vie.jpg 2164w, https:\/\/picstloup-insoumis.fr\/wp-content\/uploads\/2025\/02\/20250211_Eau-et-vie-300x164.jpg 300w, https:\/\/picstloup-insoumis.fr\/wp-content\/uploads\/2025\/02\/20250211_Eau-et-vie-1024x561.jpg 1024w, https:\/\/picstloup-insoumis.fr\/wp-content\/uploads\/2025\/02\/20250211_Eau-et-vie-768x421.jpg 768w, https:\/\/picstloup-insoumis.fr\/wp-content\/uploads\/2025\/02\/20250211_Eau-et-vie-1536x842.jpg 1536w, https:\/\/picstloup-insoumis.fr\/wp-content\/uploads\/2025\/02\/20250211_Eau-et-vie-2048x1122.jpg 2048w, https:\/\/picstloup-insoumis.fr\/wp-content\/uploads\/2025\/02\/20250211_Eau-et-vie-1320x723.jpg 1320w\" sizes=\"auto, (max-width: 2164px) 100vw, 2164px\" \/><\/a><\/figure><\/div>\n\n\n\n<div class=\"wp-block-column is-vertically-aligned-center is-layout-flow wp-block-column-is-layout-flow\" style=\"flex-basis:75%\"><h2 class=\"wp-block-post-title\"><a href=\"https:\/\/picstloup-insoumis.fr\/index.php\/2025\/05\/18\/leau-et-ses-vibrations-un-facteur-essentiel-a-lapparition-de-la-vie-sur-terre-et-probablement-dans-lunivers\/\" target=\"_self\" >L\u2019eau et ses vibrations, un facteur essentiel \u00e0 l\u2019apparition de la vie sur Terre et probablement dans l\u2019Univers<\/a><\/h2>\n\n<div class=\"wp-block-post-excerpt\"><p class=\"wp-block-post-excerpt__excerpt\">Sans eau, pas de vie <\/p><\/div><\/div>\n<\/div>\n\n<\/li><li class=\"wp-block-post post-9432 post type-post status-publish format-standard has-post-thumbnail hentry category-conferences-reunions-n category-international tag-20-25 tag-5ans tag-eau\">\n\n<div class=\"wp-block-columns are-vertically-aligned-center is-layout-flex wp-container-core-columns-is-layout-28f84493 wp-block-columns-is-layout-flex\">\n<div class=\"wp-block-column is-vertically-aligned-center is-layout-flow wp-block-column-is-layout-flow\" style=\"flex-basis:25%\"><figure class=\"wp-block-post-featured-image\"><a href=\"https:\/\/picstloup-insoumis.fr\/index.php\/2025\/05\/18\/la-mer-au-coeur-de-la-geopolitique-mondiale\/\" target=\"_self\"  ><img loading=\"lazy\" decoding=\"async\" width=\"672\" height=\"503\" src=\"https:\/\/picstloup-insoumis.fr\/wp-content\/uploads\/2025\/05\/Capture-decran-2025-05-17-184136.jpg\" class=\"attachment-post-thumbnail size-post-thumbnail wp-post-image\" alt=\"La mer au c\u0153ur de la g\u00e9opolitique mondiale\" style=\"object-fit:cover;\" srcset=\"https:\/\/picstloup-insoumis.fr\/wp-content\/uploads\/2025\/05\/Capture-decran-2025-05-17-184136.jpg 672w, https:\/\/picstloup-insoumis.fr\/wp-content\/uploads\/2025\/05\/Capture-decran-2025-05-17-184136-300x225.jpg 300w\" sizes=\"auto, (max-width: 672px) 100vw, 672px\" \/><\/a><\/figure><\/div>\n\n\n\n<div class=\"wp-block-column is-vertically-aligned-center is-layout-flow wp-block-column-is-layout-flow\" style=\"flex-basis:75%\"><h2 class=\"wp-block-post-title\"><a href=\"https:\/\/picstloup-insoumis.fr\/index.php\/2025\/05\/18\/la-mer-au-coeur-de-la-geopolitique-mondiale\/\" target=\"_self\" >La mer au c\u0153ur de la g\u00e9opolitique mondiale<\/a><\/h2>\n\n<div class=\"wp-block-post-excerpt\"><p class=\"wp-block-post-excerpt__excerpt\">Colloque La mer&nbsp;: nouvelle fronti\u00e8re et cause commune <\/p><\/div><\/div>\n<\/div>\n\n<\/li><li class=\"wp-block-post post-3650 post type-post status-publish format-standard has-post-thumbnail hentry category-environnement_psl category-articlegapsl tag-07-25 tag-5ans tag-eau\">\n\n<div class=\"wp-block-columns are-vertically-aligned-center is-layout-flex wp-container-core-columns-is-layout-28f84493 wp-block-columns-is-layout-flex\">\n<div class=\"wp-block-column is-vertically-aligned-center is-layout-flow wp-block-column-is-layout-flow\" style=\"flex-basis:25%\"><figure class=\"wp-block-post-featured-image\"><a href=\"https:\/\/picstloup-insoumis.fr\/index.php\/2025\/05\/06\/quelle-gouvernance-pour-la-gestion-de-leau-notre-bien-commun\/\" target=\"_self\"  ><img loading=\"lazy\" decoding=\"async\" width=\"2560\" height=\"970\" src=\"https:\/\/picstloup-insoumis.fr\/wp-content\/uploads\/2025\/02\/Panorama_lac_salagou-scaled.jpg\" class=\"attachment-post-thumbnail size-post-thumbnail wp-post-image\" alt=\"Dans l&rsquo;H\u00e9rault, quelle gouvernance pour la gestion de l&rsquo;eau, notre bien commun\u00a0?\" style=\"object-fit:cover;\" srcset=\"https:\/\/picstloup-insoumis.fr\/wp-content\/uploads\/2025\/02\/Panorama_lac_salagou-scaled.jpg 2560w, https:\/\/picstloup-insoumis.fr\/wp-content\/uploads\/2025\/02\/Panorama_lac_salagou-300x114.jpg 300w, https:\/\/picstloup-insoumis.fr\/wp-content\/uploads\/2025\/02\/Panorama_lac_salagou-1024x388.jpg 1024w, https:\/\/picstloup-insoumis.fr\/wp-content\/uploads\/2025\/02\/Panorama_lac_salagou-768x291.jpg 768w, https:\/\/picstloup-insoumis.fr\/wp-content\/uploads\/2025\/02\/Panorama_lac_salagou-1536x582.jpg 1536w, https:\/\/picstloup-insoumis.fr\/wp-content\/uploads\/2025\/02\/Panorama_lac_salagou-2048x776.jpg 2048w, https:\/\/picstloup-insoumis.fr\/wp-content\/uploads\/2025\/02\/Panorama_lac_salagou-1320x500.jpg 1320w\" sizes=\"auto, (max-width: 2560px) 100vw, 2560px\" \/><\/a><\/figure><\/div>\n\n\n\n<div class=\"wp-block-column is-vertically-aligned-center is-layout-flow wp-block-column-is-layout-flow\" style=\"flex-basis:75%\"><h2 class=\"wp-block-post-title\"><a href=\"https:\/\/picstloup-insoumis.fr\/index.php\/2025\/05\/06\/quelle-gouvernance-pour-la-gestion-de-leau-notre-bien-commun\/\" target=\"_self\" >Dans l&rsquo;H\u00e9rault, quelle gouvernance pour la gestion de l&rsquo;eau, notre bien commun\u00a0?<\/a><\/h2>\n\n<div class=\"wp-block-post-excerpt\"><p class=\"wp-block-post-excerpt__excerpt\">L\u2019eau est un bien commun primordial dont l\u2019usage et le partage doivent faire l\u2019objet de concertations citoyennes larges qui s\u2019inscrivent dans l\u2019\u00e9laboration de projets communs \u00e0 long terme. <\/p><\/div><\/div>\n<\/div>\n\n<\/li><li class=\"wp-block-post post-4186 post type-post status-publish format-standard has-post-thumbnail hentry category-environnement-n category-livrets-thematiques tag-07-25 tag-5ans tag-eau\">\n\n<div class=\"wp-block-columns are-vertically-aligned-center is-layout-flex wp-container-core-columns-is-layout-28f84493 wp-block-columns-is-layout-flex\">\n<div class=\"wp-block-column is-vertically-aligned-center is-layout-flow wp-block-column-is-layout-flow\" style=\"flex-basis:25%\"><figure class=\"wp-block-post-featured-image\"><a href=\"https:\/\/picstloup-insoumis.fr\/index.php\/2025\/02\/14\/leau-enjeu-central-pour-lhumanite\/\" target=\"_self\"  ><img loading=\"lazy\" decoding=\"async\" width=\"1174\" height=\"878\" src=\"https:\/\/picstloup-insoumis.fr\/wp-content\/uploads\/2025\/02\/Capture-decran-2025-02-14-a-16.34.37.png\" class=\"attachment-post-thumbnail size-post-thumbnail wp-post-image\" alt=\"L\u2019eau, enjeu central pour l\u2019Humanit\u00e9\" style=\"object-fit:cover;\" srcset=\"https:\/\/picstloup-insoumis.fr\/wp-content\/uploads\/2025\/02\/Capture-decran-2025-02-14-a-16.34.37.png 1174w, https:\/\/picstloup-insoumis.fr\/wp-content\/uploads\/2025\/02\/Capture-decran-2025-02-14-a-16.34.37-300x224.png 300w, https:\/\/picstloup-insoumis.fr\/wp-content\/uploads\/2025\/02\/Capture-decran-2025-02-14-a-16.34.37-1024x766.png 1024w, https:\/\/picstloup-insoumis.fr\/wp-content\/uploads\/2025\/02\/Capture-decran-2025-02-14-a-16.34.37-768x574.png 768w\" sizes=\"auto, (max-width: 1174px) 100vw, 1174px\" \/><\/a><\/figure><\/div>\n\n\n\n<div class=\"wp-block-column is-vertically-aligned-center is-layout-flow wp-block-column-is-layout-flow\" style=\"flex-basis:75%\"><h2 class=\"wp-block-post-title\"><a href=\"https:\/\/picstloup-insoumis.fr\/index.php\/2025\/02\/14\/leau-enjeu-central-pour-lhumanite\/\" target=\"_self\" >L\u2019eau, enjeu central pour l\u2019Humanit\u00e9<\/a><\/h2>\n\n<div class=\"wp-block-post-excerpt\"><p class=\"wp-block-post-excerpt__excerpt\">L\u2019eau est le grand d\u00e9fi commun de l\u2019humanit\u00e9. C\u2019est une urgence \u00e9cologique et un cercle vicieux&nbsp;: le cycle de l\u2019eau est perturb\u00e9 par le r\u00e9chauffement climatique, et cette perturbation aggrave en retour le d\u00e9r\u00e8glement climatique. <\/p><\/div><\/div>\n<\/div>\n\n<\/li><li class=\"wp-block-post post-3846 post type-post status-publish format-standard has-post-thumbnail hentry category-environnement-n category-articlegapsl category-environnement-i tag-06-25 tag-5ans tag-eau\">\n\n<div class=\"wp-block-columns are-vertically-aligned-center is-layout-flex wp-container-core-columns-is-layout-28f84493 wp-block-columns-is-layout-flex\">\n<div class=\"wp-block-column is-vertically-aligned-center is-layout-flow wp-block-column-is-layout-flow\" style=\"flex-basis:25%\"><figure class=\"wp-block-post-featured-image\"><a href=\"https:\/\/picstloup-insoumis.fr\/index.php\/2025\/02\/14\/eau-un-enjeu-geopolitique-majeur\/\" target=\"_self\"  ><img loading=\"lazy\" decoding=\"async\" width=\"986\" height=\"458\" src=\"https:\/\/picstloup-insoumis.fr\/wp-content\/uploads\/2025\/02\/20250211_WorldWaterressources.jpg\" class=\"attachment-post-thumbnail size-post-thumbnail wp-post-image\" alt=\"L&rsquo;eau, un enjeu g\u00e9opolitique majeur\" style=\"object-fit:cover;\" srcset=\"https:\/\/picstloup-insoumis.fr\/wp-content\/uploads\/2025\/02\/20250211_WorldWaterressources.jpg 986w, https:\/\/picstloup-insoumis.fr\/wp-content\/uploads\/2025\/02\/20250211_WorldWaterressources-300x139.jpg 300w, https:\/\/picstloup-insoumis.fr\/wp-content\/uploads\/2025\/02\/20250211_WorldWaterressources-768x357.jpg 768w\" sizes=\"auto, (max-width: 986px) 100vw, 986px\" \/><\/a><\/figure><\/div>\n\n\n\n<div class=\"wp-block-column is-vertically-aligned-center is-layout-flow wp-block-column-is-layout-flow\" style=\"flex-basis:75%\"><h2 class=\"wp-block-post-title\"><a href=\"https:\/\/picstloup-insoumis.fr\/index.php\/2025\/02\/14\/eau-un-enjeu-geopolitique-majeur\/\" target=\"_self\" >L&rsquo;eau, un enjeu g\u00e9opolitique majeur<\/a><\/h2>\n\n<div class=\"wp-block-post-excerpt\"><p class=\"wp-block-post-excerpt__excerpt\">Alors qu\u2019en moyenne un agriculteur malgache consomme dix litres d\u2019eau par jour, un Parisien a besoin de\u00a0240\u00a0litres d\u2019eau pour son usage personnel, le commerce et l\u2019artisanat urbains, et l\u2019entretien des rues. Quant au citadin am\u00e9ricain, il consomme plus de\u00a0600\u00a0litres. <\/p><\/div><\/div>\n<\/div>\n\n<\/li><\/ul><\/div>","protected":false},"excerpt":{"rendered":"<p>Eau<\/p>","protected":false},"author":8,"featured_media":0,"parent":0,"menu_order":0,"comment_status":"closed","ping_status":"closed","template":"","meta":{"_acf_changed":false,"_uag_custom_page_level_css":"","_monsterinsights_skip_tracking":false,"_monsterinsights_sitenote_active":false,"_monsterinsights_sitenote_note":"","_monsterinsights_sitenote_category":0,"footnotes":""},"categories":[104],"tags":[],"class_list":["post-8443","page","type-page","status-publish","hentry","category-dossier-thematique"],"blocksy_meta":[],"acf":[],"uagb_featured_image_src":{"full":false,"thumbnail":false,"medium":false,"medium_large":false,"large":false,"1536x1536":false,"2048x2048":false,"mailpoet_newsletter_max":false,"awb_sm":false,"awb_md":false,"awb_lg":false,"awb_xl":false},"uagb_author_info":{"display_name":"P SL","author_link":"https:\/\/picstloup-insoumis.fr\/author\/insoupsl\/"},"uagb_comment_info":0,"uagb_excerpt":"Eau","_links":{"self":[{"href":"https:\/\/picstloup-insoumis.fr\/index.php\/wp-json\/wp\/v2\/pages\/8443","targetHints":{"allow":["GET"]}}],"collection":[{"href":"https:\/\/picstloup-insoumis.fr\/index.php\/wp-json\/wp\/v2\/pages"}],"about":[{"href":"https:\/\/picstloup-insoumis.fr\/index.php\/wp-json\/wp\/v2\/types\/page"}],"author":[{"embeddable":true,"href":"https:\/\/picstloup-insoumis.fr\/index.php\/wp-json\/wp\/v2\/users\/8"}],"replies":[{"embeddable":true,"href":"https:\/\/picstloup-insoumis.fr\/index.php\/wp-json\/wp\/v2\/comments?post=8443"}],"version-history":[{"count":0,"href":"https:\/\/picstloup-insoumis.fr\/index.php\/wp-json\/wp\/v2\/pages\/8443\/revisions"}],"wp:attachment":[{"href":"https:\/\/picstloup-insoumis.fr\/index.php\/wp-json\/wp\/v2\/media?parent=8443"}],"wp:term":[{"taxonomy":"category","embeddable":true,"href":"https:\/\/picstloup-insoumis.fr\/index.php\/wp-json\/wp\/v2\/categories?post=8443"},{"taxonomy":"post_tag","embeddable":true,"href":"https:\/\/picstloup-insoumis.fr\/index.php\/wp-json\/wp\/v2\/tags?post=8443"}],"curies":[{"name":"wp","href":"https:\/\/api.w.org\/{rel}","templated":true}]}}