{"id":8837,"date":"2025-05-11T09:35:08","date_gmt":"2025-05-11T07:35:08","guid":{"rendered":"https:\/\/picstloup-insoumis.fr\/?page_id=8837"},"modified":"2025-05-11T10:03:49","modified_gmt":"2025-05-11T08:03:49","slug":"antisemitisme","status":"publish","type":"page","link":"https:\/\/picstloup-insoumis.fr\/index.php\/antisemitisme\/","title":{"rendered":"Antis\u00e9mitisme"},"content":{"rendered":"\n<h2 class=\"wp-block-heading\">Antis\u00e9mitisme<\/h2>\n\n\n\n<div class=\"wp-block-query is-layout-flow wp-block-query-is-layout-flow\"><ul class=\"wp-block-post-template is-layout-flow wp-block-post-template-is-layout-flow\"><li class=\"wp-block-post post-10943 post type-post status-publish format-standard has-post-thumbnail hentry category-extreme-droite-n tag-12mois tag-23-25 tag-antisemitisme\">\n\n<div class=\"wp-block-columns are-vertically-aligned-center is-layout-flex wp-container-core-columns-is-layout-28f84493 wp-block-columns-is-layout-flex\">\n<div class=\"wp-block-column is-vertically-aligned-center is-layout-flow wp-block-column-is-layout-flow\" style=\"flex-basis:25%\"><figure class=\"wp-block-post-featured-image\"><a href=\"https:\/\/picstloup-insoumis.fr\/index.php\/2025\/06\/01\/coup-de-gueule-de-manuel-bompard\/\" target=\"_self\"  ><img loading=\"lazy\" decoding=\"async\" width=\"1652\" height=\"924\" src=\"https:\/\/picstloup-insoumis.fr\/wp-content\/uploads\/2025\/06\/Capture-decran-2025-06-01-a-18.34.50.png\" class=\"attachment-post-thumbnail size-post-thumbnail wp-post-image\" alt=\"Coup de gueule de Manuel Bompard\" style=\"object-fit:cover;\" srcset=\"https:\/\/picstloup-insoumis.fr\/wp-content\/uploads\/2025\/06\/Capture-decran-2025-06-01-a-18.34.50.png 1652w, https:\/\/picstloup-insoumis.fr\/wp-content\/uploads\/2025\/06\/Capture-decran-2025-06-01-a-18.34.50-300x168.png 300w, https:\/\/picstloup-insoumis.fr\/wp-content\/uploads\/2025\/06\/Capture-decran-2025-06-01-a-18.34.50-1024x573.png 1024w, https:\/\/picstloup-insoumis.fr\/wp-content\/uploads\/2025\/06\/Capture-decran-2025-06-01-a-18.34.50-768x430.png 768w, https:\/\/picstloup-insoumis.fr\/wp-content\/uploads\/2025\/06\/Capture-decran-2025-06-01-a-18.34.50-1536x859.png 1536w, https:\/\/picstloup-insoumis.fr\/wp-content\/uploads\/2025\/06\/Capture-decran-2025-06-01-a-18.34.50-1320x738.png 1320w\" sizes=\"auto, (max-width: 1652px) 100vw, 1652px\" \/><\/a><\/figure><\/div>\n\n\n\n<div class=\"wp-block-column is-vertically-aligned-center is-layout-flow wp-block-column-is-layout-flow\" style=\"flex-basis:75%\"><h2 class=\"wp-block-post-title\"><a href=\"https:\/\/picstloup-insoumis.fr\/index.php\/2025\/06\/01\/coup-de-gueule-de-manuel-bompard\/\" target=\"_self\" >Coup de gueule de Manuel Bompard<\/a><\/h2><\/div>\n<\/div>\n\n<\/li><li class=\"wp-block-post post-8618 post type-post status-publish format-standard has-post-thumbnail hentry category-extreme-droite-n tag-12mois tag-19-25 tag-antisemitisme tag-majeur\">\n\n<div class=\"wp-block-columns are-vertically-aligned-center is-layout-flex wp-container-core-columns-is-layout-28f84493 wp-block-columns-is-layout-flex\">\n<div class=\"wp-block-column is-vertically-aligned-center is-layout-flow wp-block-column-is-layout-flow\" style=\"flex-basis:25%\"><figure class=\"wp-block-post-featured-image\"><a href=\"https:\/\/picstloup-insoumis.fr\/index.php\/2025\/05\/08\/lantisemitisme-a-luniversite\/\" target=\"_self\"  ><img loading=\"lazy\" decoding=\"async\" width=\"672\" height=\"378\" src=\"https:\/\/picstloup-insoumis.fr\/wp-content\/uploads\/2025\/05\/Capture-decran-2025-05-08-105126.jpg\" class=\"attachment-post-thumbnail size-post-thumbnail wp-post-image\" alt=\"L&rsquo;antis\u00e9mitisme \u00e0 l&rsquo;universit\u00e9 (?)\" style=\"object-fit:cover;\" srcset=\"https:\/\/picstloup-insoumis.fr\/wp-content\/uploads\/2025\/05\/Capture-decran-2025-05-08-105126.jpg 672w, https:\/\/picstloup-insoumis.fr\/wp-content\/uploads\/2025\/05\/Capture-decran-2025-05-08-105126-300x169.jpg 300w\" sizes=\"auto, (max-width: 672px) 100vw, 672px\" \/><\/a><\/figure><\/div>\n\n\n\n<div class=\"wp-block-column is-vertically-aligned-center is-layout-flow wp-block-column-is-layout-flow\" style=\"flex-basis:75%\"><h2 class=\"wp-block-post-title\"><a href=\"https:\/\/picstloup-insoumis.fr\/index.php\/2025\/05\/08\/lantisemitisme-a-luniversite\/\" target=\"_self\" >L&rsquo;antis\u00e9mitisme \u00e0 l&rsquo;universit\u00e9 (?)<\/a><\/h2><\/div>\n<\/div>\n\n<\/li><\/ul><\/div>","protected":false},"excerpt":{"rendered":"<p>Antis\u00e9mitisme<\/p>","protected":false},"author":8,"featured_media":0,"parent":0,"menu_order":0,"comment_status":"closed","ping_status":"closed","template":"","meta":{"_acf_changed":false,"_uag_custom_page_level_css":"","_monsterinsights_skip_tracking":false,"_monsterinsights_sitenote_active":false,"_monsterinsights_sitenote_note":"","_monsterinsights_sitenote_category":0,"footnotes":""},"categories":[104],"tags":[],"class_list":["post-8837","page","type-page","status-publish","hentry","category-dossier-thematique"],"blocksy_meta":[],"acf":[],"uagb_featured_image_src":{"full":false,"thumbnail":false,"medium":false,"medium_large":false,"large":false,"1536x1536":false,"2048x2048":false,"mailpoet_newsletter_max":false,"awb_sm":false,"awb_md":false,"awb_lg":false,"awb_xl":false},"uagb_author_info":{"display_name":"P SL","author_link":"https:\/\/picstloup-insoumis.fr\/author\/insoupsl\/"},"uagb_comment_info":0,"uagb_excerpt":"Antis\u00e9mitisme","_links":{"self":[{"href":"https:\/\/picstloup-insoumis.fr\/index.php\/wp-json\/wp\/v2\/pages\/8837","targetHints":{"allow":["GET"]}}],"collection":[{"href":"https:\/\/picstloup-insoumis.fr\/index.php\/wp-json\/wp\/v2\/pages"}],"about":[{"href":"https:\/\/picstloup-insoumis.fr\/index.php\/wp-json\/wp\/v2\/types\/page"}],"author":[{"embeddable":true,"href":"https:\/\/picstloup-insoumis.fr\/index.php\/wp-json\/wp\/v2\/users\/8"}],"replies":[{"embeddable":true,"href":"https:\/\/picstloup-insoumis.fr\/index.php\/wp-json\/wp\/v2\/comments?post=8837"}],"version-history":[{"count":0,"href":"https:\/\/picstloup-insoumis.fr\/index.php\/wp-json\/wp\/v2\/pages\/8837\/revisions"}],"wp:attachment":[{"href":"https:\/\/picstloup-insoumis.fr\/index.php\/wp-json\/wp\/v2\/media?parent=8837"}],"wp:term":[{"taxonomy":"category","embeddable":true,"href":"https:\/\/picstloup-insoumis.fr\/index.php\/wp-json\/wp\/v2\/categories?post=8837"},{"taxonomy":"post_tag","embeddable":true,"href":"https:\/\/picstloup-insoumis.fr\/index.php\/wp-json\/wp\/v2\/tags?post=8837"}],"curies":[{"name":"wp","href":"https:\/\/api.w.org\/{rel}","templated":true}]}}