{"id":8850,"date":"2025-05-11T10:10:45","date_gmt":"2025-05-11T08:10:45","guid":{"rendered":"https:\/\/picstloup-insoumis.fr\/?page_id=8850"},"modified":"2025-05-11T10:10:54","modified_gmt":"2025-05-11T08:10:54","slug":"extreme-droite","status":"publish","type":"page","link":"https:\/\/picstloup-insoumis.fr\/index.php\/extreme-droite\/","title":{"rendered":"Extr\u00eame droite"},"content":{"rendered":"\n<h2 class=\"wp-block-heading\">Extr\u00eame droite<\/h2>\n\n\n\n<div class=\"wp-block-query is-layout-flow wp-block-query-is-layout-flow\"><ul class=\"wp-block-post-template is-layout-flow wp-block-post-template-is-layout-flow\"><li class=\"wp-block-post post-12359 post type-post status-publish format-standard has-post-thumbnail hentry category-societe-n category-extreme-droite-n tag-25-25 tag-5ans tag-extreme-droite\">\n\n<div class=\"wp-block-columns are-vertically-aligned-center is-layout-flex wp-container-core-columns-is-layout-28f84493 wp-block-columns-is-layout-flex\">\n<div class=\"wp-block-column is-vertically-aligned-center is-layout-flow wp-block-column-is-layout-flow\" style=\"flex-basis:25%\"><figure class=\"wp-block-post-featured-image\"><a href=\"https:\/\/picstloup-insoumis.fr\/index.php\/2025\/06\/18\/limposture\/\" target=\"_self\"  ><img loading=\"lazy\" decoding=\"async\" width=\"670\" height=\"378\" src=\"https:\/\/picstloup-insoumis.fr\/wp-content\/uploads\/2025\/06\/Capture-decran-2025-06-17-210119.jpg\" class=\"attachment-post-thumbnail size-post-thumbnail wp-post-image\" alt=\"L&rsquo;imposture\" style=\"object-fit:cover;\" srcset=\"https:\/\/picstloup-insoumis.fr\/wp-content\/uploads\/2025\/06\/Capture-decran-2025-06-17-210119.jpg 670w, https:\/\/picstloup-insoumis.fr\/wp-content\/uploads\/2025\/06\/Capture-decran-2025-06-17-210119-300x169.jpg 300w\" sizes=\"auto, (max-width: 670px) 100vw, 670px\" \/><\/a><\/figure><\/div>\n\n\n\n<div class=\"wp-block-column is-vertically-aligned-center is-layout-flow wp-block-column-is-layout-flow\" style=\"flex-basis:75%\"><h2 class=\"wp-block-post-title\"><a href=\"https:\/\/picstloup-insoumis.fr\/index.php\/2025\/06\/18\/limposture\/\" target=\"_self\" >L&rsquo;imposture<\/a><\/h2><\/div>\n<\/div>\n\n<\/li><li class=\"wp-block-post post-9883 post type-post status-publish format-standard has-post-thumbnail hentry category-extreme-droite-n tag-12mois tag-21-25 tag-extreme-droite tag-majeur tag-racisme\">\n\n<div class=\"wp-block-columns are-vertically-aligned-center is-layout-flex wp-container-core-columns-is-layout-28f84493 wp-block-columns-is-layout-flex\">\n<div class=\"wp-block-column is-vertically-aligned-center is-layout-flow wp-block-column-is-layout-flow\" style=\"flex-basis:25%\"><figure class=\"wp-block-post-featured-image\"><a href=\"https:\/\/picstloup-insoumis.fr\/index.php\/2025\/05\/21\/neo-fascistes\/\" target=\"_self\"  ><img loading=\"lazy\" decoding=\"async\" width=\"673\" height=\"380\" src=\"https:\/\/picstloup-insoumis.fr\/wp-content\/uploads\/2025\/05\/Capture-decran-2025-05-20-223938.jpg\" class=\"attachment-post-thumbnail size-post-thumbnail wp-post-image\" alt=\"N\u00e9o-fascistes\" style=\"object-fit:cover;\" srcset=\"https:\/\/picstloup-insoumis.fr\/wp-content\/uploads\/2025\/05\/Capture-decran-2025-05-20-223938.jpg 673w, https:\/\/picstloup-insoumis.fr\/wp-content\/uploads\/2025\/05\/Capture-decran-2025-05-20-223938-300x169.jpg 300w\" sizes=\"auto, (max-width: 673px) 100vw, 673px\" \/><\/a><\/figure><\/div>\n\n\n\n<div class=\"wp-block-column is-vertically-aligned-center is-layout-flow wp-block-column-is-layout-flow\" style=\"flex-basis:75%\"><h2 class=\"wp-block-post-title\"><a href=\"https:\/\/picstloup-insoumis.fr\/index.php\/2025\/05\/21\/neo-fascistes\/\" target=\"_self\" >N\u00e9o-fascistes<\/a><\/h2><\/div>\n<\/div>\n\n<\/li><li class=\"wp-block-post post-9848 post type-post status-publish format-standard has-post-thumbnail hentry category-extreme-droite-n tag-12mois tag-21-25 tag-extreme-droite tag-majeur tag-racisme\">\n\n<div class=\"wp-block-columns are-vertically-aligned-center is-layout-flex wp-container-core-columns-is-layout-28f84493 wp-block-columns-is-layout-flex\">\n<div class=\"wp-block-column is-vertically-aligned-center is-layout-flow wp-block-column-is-layout-flow\" style=\"flex-basis:25%\"><figure class=\"wp-block-post-featured-image\"><a href=\"https:\/\/picstloup-insoumis.fr\/index.php\/2025\/05\/20\/infiltre-chez-les-neonazis-etc\/\" target=\"_self\"  ><img loading=\"lazy\" decoding=\"async\" width=\"670\" height=\"379\" src=\"https:\/\/picstloup-insoumis.fr\/wp-content\/uploads\/2025\/05\/Capture-decran-2025-05-20-165754.jpg\" class=\"attachment-post-thumbnail size-post-thumbnail wp-post-image\" alt=\"Infiltr\u00e9 chez les n\u00e9onazis, etc.\" style=\"object-fit:cover;\" srcset=\"https:\/\/picstloup-insoumis.fr\/wp-content\/uploads\/2025\/05\/Capture-decran-2025-05-20-165754.jpg 670w, https:\/\/picstloup-insoumis.fr\/wp-content\/uploads\/2025\/05\/Capture-decran-2025-05-20-165754-300x170.jpg 300w\" sizes=\"auto, (max-width: 670px) 100vw, 670px\" \/><\/a><\/figure><\/div>\n\n\n\n<div class=\"wp-block-column is-vertically-aligned-center is-layout-flow wp-block-column-is-layout-flow\" style=\"flex-basis:75%\"><h2 class=\"wp-block-post-title\"><a href=\"https:\/\/picstloup-insoumis.fr\/index.php\/2025\/05\/20\/infiltre-chez-les-neonazis-etc\/\" target=\"_self\" >Infiltr\u00e9 chez les n\u00e9onazis, etc.<\/a><\/h2><\/div>\n<\/div>\n\n<\/li><li class=\"wp-block-post post-9103 post type-post status-publish format-standard has-post-thumbnail hentry category-extreme-droite-n tag-12mois tag-20-25 tag-extreme-droite tag-majeur\">\n\n<div class=\"wp-block-columns are-vertically-aligned-center is-layout-flex wp-container-core-columns-is-layout-28f84493 wp-block-columns-is-layout-flex\">\n<div class=\"wp-block-column is-vertically-aligned-center is-layout-flow wp-block-column-is-layout-flow\" style=\"flex-basis:25%\"><figure class=\"wp-block-post-featured-image\"><a href=\"https:\/\/picstloup-insoumis.fr\/index.php\/2025\/05\/14\/audition-darnaud-rerolle-directeur-de-pericles\/\" target=\"_self\"  ><img loading=\"lazy\" decoding=\"async\" width=\"672\" height=\"379\" src=\"https:\/\/picstloup-insoumis.fr\/wp-content\/uploads\/2025\/05\/Capture-decran-2025-05-14-004010.jpg\" class=\"attachment-post-thumbnail size-post-thumbnail wp-post-image\" alt=\"Audition d&rsquo;Arnaud R\u00e9rolle directeur de P\u00e9ricl\u00e8s\" style=\"object-fit:cover;\" srcset=\"https:\/\/picstloup-insoumis.fr\/wp-content\/uploads\/2025\/05\/Capture-decran-2025-05-14-004010.jpg 672w, https:\/\/picstloup-insoumis.fr\/wp-content\/uploads\/2025\/05\/Capture-decran-2025-05-14-004010-300x169.jpg 300w\" sizes=\"auto, (max-width: 672px) 100vw, 672px\" \/><\/a><\/figure><\/div>\n\n\n\n<div class=\"wp-block-column is-vertically-aligned-center is-layout-flow wp-block-column-is-layout-flow\" style=\"flex-basis:75%\"><h2 class=\"wp-block-post-title\"><a href=\"https:\/\/picstloup-insoumis.fr\/index.php\/2025\/05\/14\/audition-darnaud-rerolle-directeur-de-pericles\/\" target=\"_self\" >Audition d&rsquo;Arnaud R\u00e9rolle directeur de P\u00e9ricl\u00e8s<\/a><\/h2><\/div>\n<\/div>\n\n<\/li><li class=\"wp-block-post post-8771 post type-post status-publish format-standard has-post-thumbnail hentry category-dossier-thematique category-extreme-droite-n tag-12mois tag-19-25 tag-extreme-droite tag-racisme\">\n\n<div class=\"wp-block-columns are-vertically-aligned-center is-layout-flex wp-container-core-columns-is-layout-28f84493 wp-block-columns-is-layout-flex\">\n<div class=\"wp-block-column is-vertically-aligned-center is-layout-flow wp-block-column-is-layout-flow\" style=\"flex-basis:25%\"><figure class=\"wp-block-post-featured-image\"><a href=\"https:\/\/picstloup-insoumis.fr\/index.php\/2025\/05\/10\/enquete-sur-linquietante-expansion-de-lextreme-droite-dans-louest-de-la-france\/\" target=\"_self\"  ><img loading=\"lazy\" decoding=\"async\" width=\"671\" height=\"377\" src=\"https:\/\/picstloup-insoumis.fr\/wp-content\/uploads\/2025\/05\/Capture-decran-2025-05-09-222803.jpg\" class=\"attachment-post-thumbnail size-post-thumbnail wp-post-image\" alt=\"Enqu\u00eate sur l\u2019inqui\u00e9tante expansion de l\u2019extr\u00eame droite dans l\u2019ouest de la France\" style=\"object-fit:cover;\" srcset=\"https:\/\/picstloup-insoumis.fr\/wp-content\/uploads\/2025\/05\/Capture-decran-2025-05-09-222803.jpg 671w, https:\/\/picstloup-insoumis.fr\/wp-content\/uploads\/2025\/05\/Capture-decran-2025-05-09-222803-300x169.jpg 300w\" sizes=\"auto, (max-width: 671px) 100vw, 671px\" \/><\/a><\/figure><\/div>\n\n\n\n<div class=\"wp-block-column is-vertically-aligned-center is-layout-flow wp-block-column-is-layout-flow\" style=\"flex-basis:75%\"><h2 class=\"wp-block-post-title\"><a href=\"https:\/\/picstloup-insoumis.fr\/index.php\/2025\/05\/10\/enquete-sur-linquietante-expansion-de-lextreme-droite-dans-louest-de-la-france\/\" target=\"_self\" >Enqu\u00eate sur l\u2019inqui\u00e9tante expansion de l\u2019extr\u00eame droite dans l\u2019ouest de la France<\/a><\/h2><\/div>\n<\/div>\n\n<\/li><\/ul><\/div>","protected":false},"excerpt":{"rendered":"<p>Extr\u00eame droite<\/p>","protected":false},"author":8,"featured_media":0,"parent":0,"menu_order":0,"comment_status":"closed","ping_status":"closed","template":"","meta":{"_acf_changed":false,"_uag_custom_page_level_css":"","_monsterinsights_skip_tracking":false,"_monsterinsights_sitenote_active":false,"_monsterinsights_sitenote_note":"","_monsterinsights_sitenote_category":0,"footnotes":""},"categories":[104],"tags":[],"class_list":["post-8850","page","type-page","status-publish","hentry","category-dossier-thematique"],"blocksy_meta":[],"acf":[],"uagb_featured_image_src":{"full":false,"thumbnail":false,"medium":false,"medium_large":false,"large":false,"1536x1536":false,"2048x2048":false,"mailpoet_newsletter_max":false,"awb_sm":false,"awb_md":false,"awb_lg":false,"awb_xl":false},"uagb_author_info":{"display_name":"P SL","author_link":"https:\/\/picstloup-insoumis.fr\/author\/insoupsl\/"},"uagb_comment_info":0,"uagb_excerpt":"Extr\u00eame droite","_links":{"self":[{"href":"https:\/\/picstloup-insoumis.fr\/index.php\/wp-json\/wp\/v2\/pages\/8850","targetHints":{"allow":["GET"]}}],"collection":[{"href":"https:\/\/picstloup-insoumis.fr\/index.php\/wp-json\/wp\/v2\/pages"}],"about":[{"href":"https:\/\/picstloup-insoumis.fr\/index.php\/wp-json\/wp\/v2\/types\/page"}],"author":[{"embeddable":true,"href":"https:\/\/picstloup-insoumis.fr\/index.php\/wp-json\/wp\/v2\/users\/8"}],"replies":[{"embeddable":true,"href":"https:\/\/picstloup-insoumis.fr\/index.php\/wp-json\/wp\/v2\/comments?post=8850"}],"version-history":[{"count":0,"href":"https:\/\/picstloup-insoumis.fr\/index.php\/wp-json\/wp\/v2\/pages\/8850\/revisions"}],"wp:attachment":[{"href":"https:\/\/picstloup-insoumis.fr\/index.php\/wp-json\/wp\/v2\/media?parent=8850"}],"wp:term":[{"taxonomy":"category","embeddable":true,"href":"https:\/\/picstloup-insoumis.fr\/index.php\/wp-json\/wp\/v2\/categories?post=8850"},{"taxonomy":"post_tag","embeddable":true,"href":"https:\/\/picstloup-insoumis.fr\/index.php\/wp-json\/wp\/v2\/tags?post=8850"}],"curies":[{"name":"wp","href":"https:\/\/api.w.org\/{rel}","templated":true}]}}