{"id":98,"date":"2024-11-04T17:30:56","date_gmt":"2024-11-04T16:30:56","guid":{"rendered":"https:\/\/picstloup-insoumis.fr\/?page_id=98"},"modified":"2025-09-09T10:16:06","modified_gmt":"2025-09-09T08:16:06","slug":"environnement-psl","status":"publish","type":"page","link":"https:\/\/picstloup-insoumis.fr\/index.php\/environnement-psl\/","title":{"rendered":"Environnement Pic Saint Loup"},"content":{"rendered":"\n<h2 class=\"wp-block-heading has-vivid-red-color has-text-color has-link-color wp-elements-b226d9075525edec2424962b015773a7\"><em><a href=\"https:\/\/picstloup-insoumis.fr\/index.php\/lutteslocales_psl\/\">Environnement Pic Saint Loup<\/a><\/em><\/h2>\n\n\n\n<div style=\"height:70px\" aria-hidden=\"true\" class=\"wp-block-spacer\"><\/div>\n\n\n\n<div class=\"wp-block-query is-layout-flow wp-block-query-is-layout-flow\"><ul class=\"wp-block-post-template is-layout-flow wp-block-post-template-is-layout-flow\"><li class=\"wp-block-post post-9474 post type-post status-publish format-standard has-post-thumbnail hentry category-infrastructures category-articlegapsl category-environnement_psl category-luttes-locales_psl tag-21-25 tag-5ans tag-polluants\">\n\n<div class=\"wp-block-columns are-vertically-aligned-center is-layout-flex wp-container-core-columns-is-layout-28f84493 wp-block-columns-is-layout-flex\">\n<div class=\"wp-block-column is-vertically-aligned-center is-layout-flow wp-block-column-is-layout-flow\" style=\"flex-basis:25%\"><figure class=\"wp-block-post-featured-image\"><a href=\"https:\/\/picstloup-insoumis.fr\/index.php\/2025\/05\/18\/mine-de-lithium-lodeve-projet-incontrole-sante-en-danger\/\" target=\"_self\"><img loading=\"lazy\" decoding=\"async\" width=\"802\" height=\"532\" src=\"https:\/\/picstloup-insoumis.fr\/wp-content\/uploads\/2025\/05\/Capture-decran-2025-05-18-a-09.17.19.png\" class=\"attachment-post-thumbnail size-post-thumbnail wp-post-image\" alt=\"Mine de Lithium, Lod\u00e8ve&nbsp;: \u00ab\u00a0projet incontr\u00f4l\u00e9, sant\u00e9 en danger\u00a0\u00bb.\" style=\"object-fit:cover;\" srcset=\"https:\/\/picstloup-insoumis.fr\/wp-content\/uploads\/2025\/05\/Capture-decran-2025-05-18-a-09.17.19.png 802w, https:\/\/picstloup-insoumis.fr\/wp-content\/uploads\/2025\/05\/Capture-decran-2025-05-18-a-09.17.19-300x199.png 300w, https:\/\/picstloup-insoumis.fr\/wp-content\/uploads\/2025\/05\/Capture-decran-2025-05-18-a-09.17.19-768x509.png 768w\" sizes=\"auto, (max-width: 802px) 100vw, 802px\" \/><\/a><\/figure><\/div>\n\n\n\n<div class=\"wp-block-column is-vertically-aligned-center is-layout-flow wp-block-column-is-layout-flow\" style=\"flex-basis:75%\"><h2 class=\"wp-block-post-title\"><a href=\"https:\/\/picstloup-insoumis.fr\/index.php\/2025\/05\/18\/mine-de-lithium-lodeve-projet-incontrole-sante-en-danger\/\" target=\"_self\">Mine de Lithium, Lod\u00e8ve&nbsp;: \u00ab\u00a0projet incontr\u00f4l\u00e9, sant\u00e9 en danger\u00a0\u00bb.<\/a><\/h2>\n\n<div class=\"wp-block-post-excerpt\"><p class=\"wp-block-post-excerpt__excerpt\">Pour quelle transition \u00e9nerg\u00e9tique\u00a0? <\/p><\/div><\/div>\n<\/div>\n\n<\/li><li class=\"wp-block-post post-8744 post type-post status-publish format-standard has-post-thumbnail hentry category-environnement-n category-articlegapsl category-environnement_psl tag-19-25 tag-5ans\">\n\n<div class=\"wp-block-columns are-vertically-aligned-center is-layout-flex wp-container-core-columns-is-layout-28f84493 wp-block-columns-is-layout-flex\">\n<div class=\"wp-block-column is-vertically-aligned-center is-layout-flow wp-block-column-is-layout-flow\" style=\"flex-basis:25%\"><figure class=\"wp-block-post-featured-image\"><a href=\"https:\/\/picstloup-insoumis.fr\/index.php\/2025\/05\/09\/faut-il-encore-construire-des-routes\/\" target=\"_self\"><img loading=\"lazy\" decoding=\"async\" width=\"1036\" height=\"546\" src=\"https:\/\/picstloup-insoumis.fr\/wp-content\/uploads\/2025\/05\/Capture-decran-2025-05-09-a-18.22.32.png\" class=\"attachment-post-thumbnail size-post-thumbnail wp-post-image\" alt=\"Faut-il encore construire des routes\u00a0?\" style=\"object-fit:cover;\" srcset=\"https:\/\/picstloup-insoumis.fr\/wp-content\/uploads\/2025\/05\/Capture-decran-2025-05-09-a-18.22.32.png 1036w, https:\/\/picstloup-insoumis.fr\/wp-content\/uploads\/2025\/05\/Capture-decran-2025-05-09-a-18.22.32-300x158.png 300w, https:\/\/picstloup-insoumis.fr\/wp-content\/uploads\/2025\/05\/Capture-decran-2025-05-09-a-18.22.32-1024x540.png 1024w, https:\/\/picstloup-insoumis.fr\/wp-content\/uploads\/2025\/05\/Capture-decran-2025-05-09-a-18.22.32-768x405.png 768w\" sizes=\"auto, (max-width: 1036px) 100vw, 1036px\" \/><\/a><\/figure><\/div>\n\n\n\n<div class=\"wp-block-column is-vertically-aligned-center is-layout-flow wp-block-column-is-layout-flow\" style=\"flex-basis:75%\"><h2 class=\"wp-block-post-title\"><a href=\"https:\/\/picstloup-insoumis.fr\/index.php\/2025\/05\/09\/faut-il-encore-construire-des-routes\/\" target=\"_self\">Faut-il encore construire des routes\u00a0?<\/a><\/h2>\n\n<div class=\"wp-block-post-excerpt\"><p class=\"wp-block-post-excerpt__excerpt\">Jo\u00ebl Delot, Les Insoumis du Pic Saint Loup Agr\u00e9ablement surpris que la fac d\u2019\u00e9conomie de Montpellier propose un d\u00e9bat sur le construction de routes, j\u2019y ai assist\u00e9 pour \u00e9couter les arguments d\u00e9velopp\u00e9s par rapport aux analyses du collectif \u00ab&nbsp;la d\u00e9route des routes&nbsp;\u00bb. D\u00e9bat organis\u00e9 par une association d\u2019\u00e9tudiant-es. Le premier intervenant, le Pr. Mathias Reymond,\u2026 <\/p><\/div><\/div>\n<\/div>\n\n<\/li><li class=\"wp-block-post post-3650 post type-post status-publish format-standard has-post-thumbnail hentry category-environnement_psl category-articlegapsl tag-07-25 tag-5ans tag-eau\">\n\n<div class=\"wp-block-columns are-vertically-aligned-center is-layout-flex wp-container-core-columns-is-layout-28f84493 wp-block-columns-is-layout-flex\">\n<div class=\"wp-block-column is-vertically-aligned-center is-layout-flow wp-block-column-is-layout-flow\" style=\"flex-basis:25%\"><figure class=\"wp-block-post-featured-image\"><a href=\"https:\/\/picstloup-insoumis.fr\/index.php\/2025\/05\/06\/quelle-gouvernance-pour-la-gestion-de-leau-notre-bien-commun\/\" target=\"_self\"><img loading=\"lazy\" decoding=\"async\" width=\"2560\" height=\"970\" src=\"https:\/\/picstloup-insoumis.fr\/wp-content\/uploads\/2025\/02\/Panorama_lac_salagou-scaled.jpg\" class=\"attachment-post-thumbnail size-post-thumbnail wp-post-image\" alt=\"Dans l&rsquo;H\u00e9rault, quelle gouvernance pour la gestion de l&rsquo;eau, notre bien commun\u00a0?\" style=\"object-fit:cover;\" srcset=\"https:\/\/picstloup-insoumis.fr\/wp-content\/uploads\/2025\/02\/Panorama_lac_salagou-scaled.jpg 2560w, https:\/\/picstloup-insoumis.fr\/wp-content\/uploads\/2025\/02\/Panorama_lac_salagou-300x114.jpg 300w, https:\/\/picstloup-insoumis.fr\/wp-content\/uploads\/2025\/02\/Panorama_lac_salagou-1024x388.jpg 1024w, https:\/\/picstloup-insoumis.fr\/wp-content\/uploads\/2025\/02\/Panorama_lac_salagou-768x291.jpg 768w, https:\/\/picstloup-insoumis.fr\/wp-content\/uploads\/2025\/02\/Panorama_lac_salagou-1536x582.jpg 1536w, https:\/\/picstloup-insoumis.fr\/wp-content\/uploads\/2025\/02\/Panorama_lac_salagou-2048x776.jpg 2048w, https:\/\/picstloup-insoumis.fr\/wp-content\/uploads\/2025\/02\/Panorama_lac_salagou-1320x500.jpg 1320w\" sizes=\"auto, (max-width: 2560px) 100vw, 2560px\" \/><\/a><\/figure><\/div>\n\n\n\n<div class=\"wp-block-column is-vertically-aligned-center is-layout-flow wp-block-column-is-layout-flow\" style=\"flex-basis:75%\"><h2 class=\"wp-block-post-title\"><a href=\"https:\/\/picstloup-insoumis.fr\/index.php\/2025\/05\/06\/quelle-gouvernance-pour-la-gestion-de-leau-notre-bien-commun\/\" target=\"_self\">Dans l&rsquo;H\u00e9rault, quelle gouvernance pour la gestion de l&rsquo;eau, notre bien commun\u00a0?<\/a><\/h2>\n\n<div class=\"wp-block-post-excerpt\"><p class=\"wp-block-post-excerpt__excerpt\">L\u2019eau est un bien commun primordial dont l\u2019usage et le partage doivent faire l\u2019objet de concertations citoyennes larges qui s\u2019inscrivent dans l\u2019\u00e9laboration de projets communs \u00e0 long terme. <\/p><\/div><\/div>\n<\/div>\n\n<\/li><li class=\"wp-block-post post-3667 post type-post status-publish format-standard has-post-thumbnail hentry category-environnement-n category-articlegapsl category-environnement_psl category-sante tag-06-25 tag-5ans\">\n\n<div class=\"wp-block-columns are-vertically-aligned-center is-layout-flex wp-container-core-columns-is-layout-28f84493 wp-block-columns-is-layout-flex\">\n<div class=\"wp-block-column is-vertically-aligned-center is-layout-flow wp-block-column-is-layout-flow\" style=\"flex-basis:25%\"><figure class=\"wp-block-post-featured-image\"><a href=\"https:\/\/picstloup-insoumis.fr\/index.php\/2025\/02\/14\/polluants-eternels-trouves-dans-leau-du-robinet-de-96-des-communes-testees\/\" target=\"_self\"><img loading=\"lazy\" decoding=\"async\" width=\"2372\" height=\"1410\" src=\"https:\/\/picstloup-insoumis.fr\/wp-content\/uploads\/2025\/02\/20250211_Maladies-PFAS.jpg\" class=\"attachment-post-thumbnail size-post-thumbnail wp-post-image\" alt=\"Polluants \u00e9ternels&nbsp;: trouv\u00e9s dans l\u2019eau du robinet de 96&nbsp;% des communes test\u00e9es\" style=\"object-fit:cover;\" srcset=\"https:\/\/picstloup-insoumis.fr\/wp-content\/uploads\/2025\/02\/20250211_Maladies-PFAS.jpg 2372w, https:\/\/picstloup-insoumis.fr\/wp-content\/uploads\/2025\/02\/20250211_Maladies-PFAS-300x178.jpg 300w, https:\/\/picstloup-insoumis.fr\/wp-content\/uploads\/2025\/02\/20250211_Maladies-PFAS-1024x609.jpg 1024w, https:\/\/picstloup-insoumis.fr\/wp-content\/uploads\/2025\/02\/20250211_Maladies-PFAS-768x457.jpg 768w, https:\/\/picstloup-insoumis.fr\/wp-content\/uploads\/2025\/02\/20250211_Maladies-PFAS-1536x913.jpg 1536w, https:\/\/picstloup-insoumis.fr\/wp-content\/uploads\/2025\/02\/20250211_Maladies-PFAS-2048x1217.jpg 2048w, https:\/\/picstloup-insoumis.fr\/wp-content\/uploads\/2025\/02\/20250211_Maladies-PFAS-1320x785.jpg 1320w\" sizes=\"auto, (max-width: 2372px) 100vw, 2372px\" \/><\/a><\/figure><\/div>\n\n\n\n<div class=\"wp-block-column is-vertically-aligned-center is-layout-flow wp-block-column-is-layout-flow\" style=\"flex-basis:75%\"><h2 class=\"wp-block-post-title\"><a href=\"https:\/\/picstloup-insoumis.fr\/index.php\/2025\/02\/14\/polluants-eternels-trouves-dans-leau-du-robinet-de-96-des-communes-testees\/\" target=\"_self\">Polluants \u00e9ternels&nbsp;: trouv\u00e9s dans l\u2019eau du robinet de 96&nbsp;% des communes test\u00e9es<\/a><\/h2>\n\n<div class=\"wp-block-post-excerpt\"><p class=\"wp-block-post-excerpt__excerpt\">Si on applique les normes de s\u00e9curit\u00e9 utilis\u00e9es au Danemark (2 ng\/ml), l&rsquo;eau du robinet de 50&nbsp;% des villes ne serait pas conforme <\/p><\/div><\/div>\n<\/div>\n\n<\/li><li class=\"wp-block-post post-448 post type-post status-publish format-standard has-post-thumbnail hentry category-environnement_psl category-articlegapsl\">\n\n<div class=\"wp-block-columns are-vertically-aligned-center is-layout-flex wp-container-core-columns-is-layout-28f84493 wp-block-columns-is-layout-flex\">\n<div class=\"wp-block-column is-vertically-aligned-center is-layout-flow wp-block-column-is-layout-flow\" style=\"flex-basis:25%\"><figure class=\"wp-block-post-featured-image\"><a href=\"https:\/\/picstloup-insoumis.fr\/index.php\/2022\/11\/09\/le-lien-un-peripherique-au-nord-de-montpellier\/\" target=\"_self\"><img loading=\"lazy\" decoding=\"async\" width=\"1498\" height=\"832\" src=\"https:\/\/picstloup-insoumis.fr\/wp-content\/uploads\/2024\/11\/Capture-decran-2024-11-09-a-22.09.55.png\" class=\"attachment-post-thumbnail size-post-thumbnail wp-post-image\" alt=\"Le lien, un p\u00e9riph\u00e9rique au nord de Montpellier&nbsp;?\" style=\"object-fit:cover;\" srcset=\"https:\/\/picstloup-insoumis.fr\/wp-content\/uploads\/2024\/11\/Capture-decran-2024-11-09-a-22.09.55.png 1498w, https:\/\/picstloup-insoumis.fr\/wp-content\/uploads\/2024\/11\/Capture-decran-2024-11-09-a-22.09.55-300x167.png 300w, https:\/\/picstloup-insoumis.fr\/wp-content\/uploads\/2024\/11\/Capture-decran-2024-11-09-a-22.09.55-1024x569.png 1024w, https:\/\/picstloup-insoumis.fr\/wp-content\/uploads\/2024\/11\/Capture-decran-2024-11-09-a-22.09.55-768x427.png 768w, https:\/\/picstloup-insoumis.fr\/wp-content\/uploads\/2024\/11\/Capture-decran-2024-11-09-a-22.09.55-1320x733.png 1320w\" sizes=\"auto, (max-width: 1498px) 100vw, 1498px\" \/><\/a><\/figure><\/div>\n\n\n\n<div class=\"wp-block-column is-vertically-aligned-center is-layout-flow wp-block-column-is-layout-flow\" style=\"flex-basis:75%\"><h2 class=\"wp-block-post-title\"><a href=\"https:\/\/picstloup-insoumis.fr\/index.php\/2022\/11\/09\/le-lien-un-peripherique-au-nord-de-montpellier\/\" target=\"_self\">Le lien, un p\u00e9riph\u00e9rique au nord de Montpellier&nbsp;?<\/a><\/h2>\n\n<div class=\"wp-block-post-excerpt\"><p class=\"wp-block-post-excerpt__excerpt\">Un entretien avec Anna du collectif Sos Oulala \u00e0 propos du LIEN, un projet routier au nord de Montpellier, et les propositions \u00e9cologiques, sociales, d\u00e9mocratiques de la LFI_NUPES quand \u00e0 ces projets climaticides. <\/p><\/div><\/div>\n<\/div>\n\n<\/li><\/ul><\/div>","protected":false},"excerpt":{"rendered":"<p>Environnement Pic Saint Loup<\/p>","protected":false},"author":8,"featured_media":0,"parent":0,"menu_order":0,"comment_status":"closed","ping_status":"closed","template":"","meta":{"_acf_changed":false,"_uag_custom_page_level_css":"","_monsterinsights_skip_tracking":false,"_monsterinsights_sitenote_active":false,"_monsterinsights_sitenote_note":"","_monsterinsights_sitenote_category":0,"footnotes":""},"categories":[],"tags":[],"class_list":["post-98","page","type-page","status-publish","hentry"],"blocksy_meta":[],"acf":[],"uagb_featured_image_src":{"full":false,"thumbnail":false,"medium":false,"medium_large":false,"large":false,"1536x1536":false,"2048x2048":false,"mailpoet_newsletter_max":false,"awb_sm":false,"awb_md":false,"awb_lg":false,"awb_xl":false},"uagb_author_info":{"display_name":"P SL","author_link":"https:\/\/picstloup-insoumis.fr\/author\/insoupsl\/"},"uagb_comment_info":0,"uagb_excerpt":"Environnement Pic Saint Loup","_links":{"self":[{"href":"https:\/\/picstloup-insoumis.fr\/index.php\/wp-json\/wp\/v2\/pages\/98","targetHints":{"allow":["GET"]}}],"collection":[{"href":"https:\/\/picstloup-insoumis.fr\/index.php\/wp-json\/wp\/v2\/pages"}],"about":[{"href":"https:\/\/picstloup-insoumis.fr\/index.php\/wp-json\/wp\/v2\/types\/page"}],"author":[{"embeddable":true,"href":"https:\/\/picstloup-insoumis.fr\/index.php\/wp-json\/wp\/v2\/users\/8"}],"replies":[{"embeddable":true,"href":"https:\/\/picstloup-insoumis.fr\/index.php\/wp-json\/wp\/v2\/comments?post=98"}],"version-history":[{"count":0,"href":"https:\/\/picstloup-insoumis.fr\/index.php\/wp-json\/wp\/v2\/pages\/98\/revisions"}],"wp:attachment":[{"href":"https:\/\/picstloup-insoumis.fr\/index.php\/wp-json\/wp\/v2\/media?parent=98"}],"wp:term":[{"taxonomy":"category","embeddable":true,"href":"https:\/\/picstloup-insoumis.fr\/index.php\/wp-json\/wp\/v2\/categories?post=98"},{"taxonomy":"post_tag","embeddable":true,"href":"https:\/\/picstloup-insoumis.fr\/index.php\/wp-json\/wp\/v2\/tags?post=98"}],"curies":[{"name":"wp","href":"https:\/\/api.w.org\/{rel}","templated":true}]}}